{"id":174384,"date":"2025-02-17T12:00:37","date_gmt":"2025-02-17T11:00:37","guid":{"rendered":"https:\/\/www.fabioferro.eu\/giovanni-raspini-margherita-perle-armband.html"},"modified":"2025-02-17T12:00:37","modified_gmt":"2025-02-17T11:00:37","slug":"giovanni-raspini-margherita-perle-armband","status":"publish","type":"product","link":"https:\/\/www.fabioferro.eu\/de\/giovanni-raspini-margherita-perle-armband.html","title":{"rendered":"Giovanni Raspini Margherita Perle Armband"},"content":{"rendered":"<p class=\"p1\">Armband aus Sterlingsilber und Perlen von Giovanni Raspini.<\/p>\n<p class=\"p1\">Mit einer L\u00e4nge von 21,5 cm zeichnet sie sich durch einen mit einem raffinierten Blumenmotiv verzierten Verschluss aus, der von einem Karabinerhaken f\u00fcr perfekten Sitz begleitet wird.<\/p>\n<p class=\"p1\">Sorgf\u00e4ltig von erfahrenen italienischen Goldschmieden gefertigt, steht es f\u00fcr die Authentizit\u00e4t und Exzellenz von Made in Italy.<\/p>\n<p class=\"p1\">Geliefert in einer eleganten offiziellen Giovanni Raspini-Box, komplett mit Garantie.<\/p>\n","protected":false},"excerpt":{"rendered":"<p class=\"p1\">Ein Schmuckst\u00fcck, das Gleichgewicht und Harmonie ausdr\u00fcckt, perfekt f\u00fcr jede Gelegenheit.<\/p>\n","protected":false},"featured_media":173901,"comment_status":"open","ping_status":"closed","template":"","meta":[],"product_brand":[155],"product_cat":[7569],"product_tag":[],"class_list":{"0":"post-174384","1":"product","2":"type-product","3":"status-publish","4":"has-post-thumbnail","6":"product_brand-raspini","7":"product_cat-armbander-giovanni-raspini","9":"first","10":"instock","11":"sale","12":"taxable","13":"shipping-taxable","14":"purchasable","15":"product-type-simple"},"exclude_global_add_ons":[],"addons":[],"df_price":220.5,"df_sale_price":220.5,"df_regular_price":245,"df_image_link":"https:\/\/cdn02.fabioferro.eu\/wp-content\/uploads\/bracciale-giovanni-raspini-margherita-perle.jpg","_links":{"self":[{"href":"https:\/\/www.fabioferro.eu\/de\/wp-json\/wp\/v2\/product\/174384","targetHints":{"allow":["GET"]}}],"collection":[{"href":"https:\/\/www.fabioferro.eu\/de\/wp-json\/wp\/v2\/product"}],"about":[{"href":"https:\/\/www.fabioferro.eu\/de\/wp-json\/wp\/v2\/types\/product"}],"replies":[{"embeddable":true,"href":"https:\/\/www.fabioferro.eu\/de\/wp-json\/wp\/v2\/comments?post=174384"}],"version-history":[{"count":0,"href":"https:\/\/www.fabioferro.eu\/de\/wp-json\/wp\/v2\/product\/174384\/revisions"}],"wp:featuredmedia":[{"embeddable":true,"href":"https:\/\/www.fabioferro.eu\/de\/wp-json\/wp\/v2\/media\/173901"}],"wp:attachment":[{"href":"https:\/\/www.fabioferro.eu\/de\/wp-json\/wp\/v2\/media?parent=174384"}],"wp:term":[{"taxonomy":"product_brand","embeddable":true,"href":"https:\/\/www.fabioferro.eu\/de\/wp-json\/wp\/v2\/product_brand?post=174384"},{"taxonomy":"product_cat","embeddable":true,"href":"https:\/\/www.fabioferro.eu\/de\/wp-json\/wp\/v2\/product_cat?post=174384"},{"taxonomy":"product_tag","embeddable":true,"href":"https:\/\/www.fabioferro.eu\/de\/wp-json\/wp\/v2\/product_tag?post=174384"}],"curies":[{"name":"wp","href":"https:\/\/api.w.org\/{rel}","templated":true}]}}