{"id":174441,"date":"2025-02-17T12:00:45","date_gmt":"2025-02-17T11:00:45","guid":{"rendered":"https:\/\/www.fabioferro.eu\/giovanni-raspini-margherita-kettenarmband.html"},"modified":"2025-03-11T17:19:26","modified_gmt":"2025-03-11T16:19:26","slug":"giovanni-raspini-margherita-kettenarmband","status":"publish","type":"product","link":"https:\/\/www.fabioferro.eu\/de\/giovanni-raspini-margherita-kettenarmband.html","title":{"rendered":"Giovanni Raspini Margherita Kettenarmband"},"content":{"rendered":"<p class=\"p1\">Armband aus 925er Sterlingsilber, eine perfekte Mischung aus Eleganz und traditioneller Handwerkskunst.<\/p>\n<p class=\"p1\">Das raffinierte Design mit einer L\u00e4nge von 21,5 cm wird durch einen Verschluss mit einem sorgf\u00e4ltig geformten Blumenmotiv erg\u00e4nzt, der von einem Karabinerhaken f\u00fcr einen sicheren und bequemen Verschluss flankiert wird.<\/p>\n<p class=\"p1\">Als Ausdruck hoher italienischer Handwerkskunst verk\u00f6rpert sie Qualit\u00e4t und zeitlosen Charme.<\/p>\n<p class=\"p1\">Wird in einer offiziellen Giovanni Raspini-Box geliefert, inklusive Garantie.<\/p>\n","protected":false},"excerpt":{"rendered":"<p class=\"p1\">Ein Armband von Giovanni Raspini, das Eleganz und Pers\u00f6nlichkeit in einem essentiellen Design verk\u00f6rpert.<\/p>\n","protected":false},"featured_media":173913,"comment_status":"open","ping_status":"closed","template":"","meta":[],"product_brand":[155],"product_cat":[7569],"product_tag":[7442],"class_list":{"0":"post-174441","1":"product","2":"type-product","3":"status-publish","4":"has-post-thumbnail","6":"product_brand-raspini","7":"product_cat-armbander-giovanni-raspini","8":"product_tag-verfugbar","10":"first","11":"instock","12":"sale","13":"taxable","14":"shipping-taxable","15":"purchasable","16":"product-type-simple"},"exclude_global_add_ons":[],"addons":[],"df_price":238.5,"df_sale_price":238.5,"df_regular_price":265,"df_image_link":"https:\/\/cdn02.fabioferro.eu\/wp-content\/uploads\/Bracciale-Giovanni-Raspini-Margherita-Catena.jpg","_links":{"self":[{"href":"https:\/\/www.fabioferro.eu\/de\/wp-json\/wp\/v2\/product\/174441","targetHints":{"allow":["GET"]}}],"collection":[{"href":"https:\/\/www.fabioferro.eu\/de\/wp-json\/wp\/v2\/product"}],"about":[{"href":"https:\/\/www.fabioferro.eu\/de\/wp-json\/wp\/v2\/types\/product"}],"replies":[{"embeddable":true,"href":"https:\/\/www.fabioferro.eu\/de\/wp-json\/wp\/v2\/comments?post=174441"}],"version-history":[{"count":0,"href":"https:\/\/www.fabioferro.eu\/de\/wp-json\/wp\/v2\/product\/174441\/revisions"}],"wp:featuredmedia":[{"embeddable":true,"href":"https:\/\/www.fabioferro.eu\/de\/wp-json\/wp\/v2\/media\/173913"}],"wp:attachment":[{"href":"https:\/\/www.fabioferro.eu\/de\/wp-json\/wp\/v2\/media?parent=174441"}],"wp:term":[{"taxonomy":"product_brand","embeddable":true,"href":"https:\/\/www.fabioferro.eu\/de\/wp-json\/wp\/v2\/product_brand?post=174441"},{"taxonomy":"product_cat","embeddable":true,"href":"https:\/\/www.fabioferro.eu\/de\/wp-json\/wp\/v2\/product_cat?post=174441"},{"taxonomy":"product_tag","embeddable":true,"href":"https:\/\/www.fabioferro.eu\/de\/wp-json\/wp\/v2\/product_tag?post=174441"}],"curies":[{"name":"wp","href":"https:\/\/api.w.org\/{rel}","templated":true}]}}