{"id":174464,"date":"2025-02-17T12:00:52","date_gmt":"2025-02-17T11:00:52","guid":{"rendered":"https:\/\/www.fabioferro.eu\/giovanni-raspini-klinge-farbe-blau-armband.html"},"modified":"2025-03-14T17:45:24","modified_gmt":"2025-03-14T16:45:24","slug":"giovanni-raspini-klinge-farbe-blau-armband","status":"publish","type":"product","link":"https:\/\/www.fabioferro.eu\/de\/giovanni-raspini-klinge-farbe-blau-armband.html","title":{"rendered":"Giovanni Raspini Klinge Farbe Blau Armband"},"content":{"rendered":"<p class=\"p1\">925 Sterling Silber Armband mit blauen Kristallen &#8211; eine perfekte Synthese aus Eleganz und Handwerkskunst.<\/p>\n<p>Das innere Oval misst 6 x 5 cm.<\/p>\n<p>Bequeme und praktische federbelastete \u00d6ffnung.<\/p>\n<p class=\"p1\">Mit \u00e4u\u00dferster Sorgfalt verarbeitet, dr\u00fcckt es die authentische Exzellenz des italienischen Schmucks aus.<\/p>\n<p class=\"p1\">Vollst\u00e4ndig in Italien hergestellt, eine Garantie f\u00fcr Qualit\u00e4t und Tradition, Made in Italy.<\/p>\n<p class=\"p1\">Pr\u00e4sentiert in einer exklusiven offiziellen Giovanni Raspini-Box, begleitet von einer Garantie.<\/p>\n","protected":false},"excerpt":{"rendered":"<p class=\"p1\">Ein Schmuckst\u00fcck, das mit Eleganz leuchtet und einen einzigartigen Hauch von Licht verbreitet.<\/p>\n","protected":false},"featured_media":173981,"comment_status":"open","ping_status":"closed","template":"","meta":[],"product_brand":[155],"product_cat":[7569],"product_tag":[7442],"class_list":{"0":"post-174464","1":"product","2":"type-product","3":"status-publish","4":"has-post-thumbnail","6":"product_brand-raspini","7":"product_cat-armbander-giovanni-raspini","8":"product_tag-verfugbar","10":"first","11":"instock","12":"sale","13":"taxable","14":"shipping-taxable","15":"purchasable","16":"product-type-simple"},"exclude_global_add_ons":[],"addons":[],"df_price":369,"df_sale_price":369,"df_regular_price":410,"df_image_link":"https:\/\/cdn02.fabioferro.eu\/wp-content\/uploads\/bracciale-giovanni-raspini-blade-colour-blue-blade-1.jpg","_links":{"self":[{"href":"https:\/\/www.fabioferro.eu\/de\/wp-json\/wp\/v2\/product\/174464","targetHints":{"allow":["GET"]}}],"collection":[{"href":"https:\/\/www.fabioferro.eu\/de\/wp-json\/wp\/v2\/product"}],"about":[{"href":"https:\/\/www.fabioferro.eu\/de\/wp-json\/wp\/v2\/types\/product"}],"replies":[{"embeddable":true,"href":"https:\/\/www.fabioferro.eu\/de\/wp-json\/wp\/v2\/comments?post=174464"}],"version-history":[{"count":0,"href":"https:\/\/www.fabioferro.eu\/de\/wp-json\/wp\/v2\/product\/174464\/revisions"}],"wp:featuredmedia":[{"embeddable":true,"href":"https:\/\/www.fabioferro.eu\/de\/wp-json\/wp\/v2\/media\/173981"}],"wp:attachment":[{"href":"https:\/\/www.fabioferro.eu\/de\/wp-json\/wp\/v2\/media?parent=174464"}],"wp:term":[{"taxonomy":"product_brand","embeddable":true,"href":"https:\/\/www.fabioferro.eu\/de\/wp-json\/wp\/v2\/product_brand?post=174464"},{"taxonomy":"product_cat","embeddable":true,"href":"https:\/\/www.fabioferro.eu\/de\/wp-json\/wp\/v2\/product_cat?post=174464"},{"taxonomy":"product_tag","embeddable":true,"href":"https:\/\/www.fabioferro.eu\/de\/wp-json\/wp\/v2\/product_tag?post=174464"}],"curies":[{"name":"wp","href":"https:\/\/api.w.org\/{rel}","templated":true}]}}