{"id":174471,"date":"2025-02-17T12:00:53","date_gmt":"2025-02-17T11:00:53","guid":{"rendered":"https:\/\/www.fabioferro.eu\/giovanni-raspini-ring-selene.html"},"modified":"2025-03-11T17:19:35","modified_gmt":"2025-03-11T16:19:35","slug":"giovanni-raspini-ring-selene","status":"publish","type":"product","link":"https:\/\/www.fabioferro.eu\/de\/giovanni-raspini-ring-selene.html","title":{"rendered":"Giovanni Raspini Ring Selene"},"content":{"rendered":"<p class=\"p1\">Giovanni Raspini Ring aus 925\/1000 Silber.<\/p>\n<p>Erh\u00e4ltlich in verschiedenen Gr\u00f6\u00dfen.<\/p>\n<p class=\"p1\">Ein Schmuckst\u00fcck, das die Exzellenz der italienischen Goldschmiedetradition widerspiegelt und mit Sorgfalt und Pr\u00e4zision hergestellt wird.<\/p>\n<p class=\"p1\">Made in Italy, ein Symbol f\u00fcr Qualit\u00e4t und Authentizit\u00e4t.<\/p>\n<p class=\"p1\">Wird in einer exklusiven Giovanni Raspini-Box geliefert, komplett mit offizieller Garantie.<\/p>\n","protected":false},"excerpt":{"rendered":"<p class=\"p1\">Ein Ring, der mit Form und Volumen spielt und ein Meisterwerk des Stils schafft.<\/p>\n","protected":false},"featured_media":173934,"comment_status":"open","ping_status":"closed","template":"","meta":[],"product_brand":[],"product_cat":[7572],"product_tag":[],"class_list":{"0":"post-174471","1":"product","2":"type-product","3":"status-publish","4":"has-post-thumbnail","6":"product_cat-ringe-giovanni-raspini","8":"first","9":"instock","10":"sale","11":"taxable","12":"shipping-taxable","13":"purchasable","14":"product-type-variable","15":"has-default-attributes"},"exclude_global_add_ons":[],"addons":[],"df_price":144,"df_sale_price":"","df_regular_price":144,"df_image_link":"https:\/\/cdn02.fabioferro.eu\/wp-content\/uploads\/anello-giovanni-raspini-selene.jpg","_links":{"self":[{"href":"https:\/\/www.fabioferro.eu\/de\/wp-json\/wp\/v2\/product\/174471","targetHints":{"allow":["GET"]}}],"collection":[{"href":"https:\/\/www.fabioferro.eu\/de\/wp-json\/wp\/v2\/product"}],"about":[{"href":"https:\/\/www.fabioferro.eu\/de\/wp-json\/wp\/v2\/types\/product"}],"replies":[{"embeddable":true,"href":"https:\/\/www.fabioferro.eu\/de\/wp-json\/wp\/v2\/comments?post=174471"}],"version-history":[{"count":0,"href":"https:\/\/www.fabioferro.eu\/de\/wp-json\/wp\/v2\/product\/174471\/revisions"}],"wp:featuredmedia":[{"embeddable":true,"href":"https:\/\/www.fabioferro.eu\/de\/wp-json\/wp\/v2\/media\/173934"}],"wp:attachment":[{"href":"https:\/\/www.fabioferro.eu\/de\/wp-json\/wp\/v2\/media?parent=174471"}],"wp:term":[{"taxonomy":"product_brand","embeddable":true,"href":"https:\/\/www.fabioferro.eu\/de\/wp-json\/wp\/v2\/product_brand?post=174471"},{"taxonomy":"product_cat","embeddable":true,"href":"https:\/\/www.fabioferro.eu\/de\/wp-json\/wp\/v2\/product_cat?post=174471"},{"taxonomy":"product_tag","embeddable":true,"href":"https:\/\/www.fabioferro.eu\/de\/wp-json\/wp\/v2\/product_tag?post=174471"}],"curies":[{"name":"wp","href":"https:\/\/api.w.org\/{rel}","templated":true}]}}