{"id":174507,"date":"2025-02-17T12:00:57","date_gmt":"2025-02-17T11:00:57","guid":{"rendered":"https:\/\/www.fabioferro.eu\/giovanni-raspini-animalier-krokodil-knopf-ohrringe.html"},"modified":"2025-06-26T16:20:30","modified_gmt":"2025-06-26T14:20:30","slug":"giovanni-raspini-animalier-krokodil-knopf-ohrringe","status":"publish","type":"product","link":"https:\/\/www.fabioferro.eu\/de\/giovanni-raspini-animalier-krokodil-knopf-ohrringe.html","title":{"rendered":"Giovanni Raspini Animalier Krokodil-Knopf-Ohrringe"},"content":{"rendered":"<p class=\"p1\">Ein Paar Ohrringe aus 925\/1000er Silber, eine Synthese aus Eleganz und hochwertiger Handwerkskunst.<\/p>\n<p class=\"p1\">Ausgestattet mit einer klassischen Fliege auf der R\u00fcckseite sorgen sie f\u00fcr Komfort und Zweckm\u00e4\u00dfigkeit.<\/p>\n<p class=\"p1\">Meisterhaft gefertigt in Italien, Made in Italy.<\/p>\n<p class=\"p1\">Geliefert in einer eleganten offiziellen Giovanni Raspini-Box, komplett mit Garantie.<\/p>\n","protected":false},"excerpt":{"rendered":"<p class=\"p1\">Ohrringe, die durch einzigartige und harmonische Details Raffinesse ausdr\u00fccken.<\/p>\n","protected":false},"featured_media":173772,"comment_status":"open","ping_status":"closed","template":"","meta":[],"product_brand":[155],"product_cat":[7570],"product_tag":[],"class_list":{"0":"post-174507","1":"product","2":"type-product","3":"status-publish","4":"has-post-thumbnail","6":"product_brand-raspini","7":"product_cat-giovanni-raspini-ohrringe","9":"first","10":"instock","11":"sale","12":"taxable","13":"shipping-taxable","14":"purchasable","15":"product-type-simple"},"exclude_global_add_ons":[],"addons":[],"df_price":175.5,"df_sale_price":175.5,"df_regular_price":195,"df_image_link":"https:\/\/cdn02.fabioferro.eu\/wp-content\/uploads\/orecchini-giovanni-raspini-animalier-bottone-coccodrillo.jpg","_links":{"self":[{"href":"https:\/\/www.fabioferro.eu\/de\/wp-json\/wp\/v2\/product\/174507","targetHints":{"allow":["GET"]}}],"collection":[{"href":"https:\/\/www.fabioferro.eu\/de\/wp-json\/wp\/v2\/product"}],"about":[{"href":"https:\/\/www.fabioferro.eu\/de\/wp-json\/wp\/v2\/types\/product"}],"replies":[{"embeddable":true,"href":"https:\/\/www.fabioferro.eu\/de\/wp-json\/wp\/v2\/comments?post=174507"}],"version-history":[{"count":1,"href":"https:\/\/www.fabioferro.eu\/de\/wp-json\/wp\/v2\/product\/174507\/revisions"}],"predecessor-version":[{"id":186755,"href":"https:\/\/www.fabioferro.eu\/de\/wp-json\/wp\/v2\/product\/174507\/revisions\/186755"}],"wp:featuredmedia":[{"embeddable":true,"href":"https:\/\/www.fabioferro.eu\/de\/wp-json\/wp\/v2\/media\/173772"}],"wp:attachment":[{"href":"https:\/\/www.fabioferro.eu\/de\/wp-json\/wp\/v2\/media?parent=174507"}],"wp:term":[{"taxonomy":"product_brand","embeddable":true,"href":"https:\/\/www.fabioferro.eu\/de\/wp-json\/wp\/v2\/product_brand?post=174507"},{"taxonomy":"product_cat","embeddable":true,"href":"https:\/\/www.fabioferro.eu\/de\/wp-json\/wp\/v2\/product_cat?post=174507"},{"taxonomy":"product_tag","embeddable":true,"href":"https:\/\/www.fabioferro.eu\/de\/wp-json\/wp\/v2\/product_tag?post=174507"}],"curies":[{"name":"wp","href":"https:\/\/api.w.org\/{rel}","templated":true}]}}