{"id":174516,"date":"2025-02-17T12:00:58","date_gmt":"2025-02-17T11:00:58","guid":{"rendered":"https:\/\/www.fabioferro.eu\/giovanni-raspini-margherita-armband-kleine-perlen.html"},"modified":"2025-02-17T12:00:58","modified_gmt":"2025-02-17T11:00:58","slug":"giovanni-raspini-margherita-armband-kleine-perlen","status":"publish","type":"product","link":"https:\/\/www.fabioferro.eu\/de\/giovanni-raspini-margherita-armband-kleine-perlen.html","title":{"rendered":"Giovanni Raspini Margherita Armband Kleine Perlen"},"content":{"rendered":"<p class=\"p1\">Giovanni Raspini Armband aus Sterlingsilber, angereichert mit nat\u00fcrlichen Perlen, eine Kombination aus Anmut und Handwerkskunst.<\/p>\n<p class=\"p1\">Mit einer L\u00e4nge von 21,5 cm verf\u00fcgt sie \u00fcber einen fein verzierten Verschluss mit einem zarten Blumenmotiv und einen praktischen Karabinerhaken f\u00fcr einen perfekten Sitz.<\/p>\n<p class=\"p1\">Sie ist das Ergebnis italienischer Goldschmiedekunst. Sie wird aus kostbaren Materialien hergestellt und mit viel Liebe zum Detail gearbeitet, ein Symbol f\u00fcr Qualit\u00e4t und Raffinesse.<\/p>\n<p class=\"p1\">Geliefert in einer eleganten, offiziellen Giovanni Raspini-Box, begleitet von einer Garantie.<\/p>\n","protected":false},"excerpt":{"rendered":"<p class=\"p1\">Ein essentielles und raffiniertes Schmuckst\u00fcck, entworfen f\u00fcr diejenigen, die Sch\u00f6nheit ohne \u00dcberma\u00df lieben.<\/p>\n","protected":false},"featured_media":173907,"comment_status":"open","ping_status":"closed","template":"","meta":[],"product_brand":[],"product_cat":[7569],"product_tag":[7442],"class_list":{"0":"post-174516","1":"product","2":"type-product","3":"status-publish","4":"has-post-thumbnail","6":"product_cat-armbander-giovanni-raspini","7":"product_tag-verfugbar","9":"first","10":"instock","11":"sale","12":"taxable","13":"shipping-taxable","14":"purchasable","15":"product-type-simple"},"exclude_global_add_ons":[],"addons":[],"df_price":184.5,"df_sale_price":184.5,"df_regular_price":205,"df_image_link":"https:\/\/cdn02.fabioferro.eu\/wp-content\/uploads\/bracciale-giovanni-raspini-margherita-perle-piccole.jpg","_links":{"self":[{"href":"https:\/\/www.fabioferro.eu\/de\/wp-json\/wp\/v2\/product\/174516","targetHints":{"allow":["GET"]}}],"collection":[{"href":"https:\/\/www.fabioferro.eu\/de\/wp-json\/wp\/v2\/product"}],"about":[{"href":"https:\/\/www.fabioferro.eu\/de\/wp-json\/wp\/v2\/types\/product"}],"replies":[{"embeddable":true,"href":"https:\/\/www.fabioferro.eu\/de\/wp-json\/wp\/v2\/comments?post=174516"}],"version-history":[{"count":0,"href":"https:\/\/www.fabioferro.eu\/de\/wp-json\/wp\/v2\/product\/174516\/revisions"}],"wp:featuredmedia":[{"embeddable":true,"href":"https:\/\/www.fabioferro.eu\/de\/wp-json\/wp\/v2\/media\/173907"}],"wp:attachment":[{"href":"https:\/\/www.fabioferro.eu\/de\/wp-json\/wp\/v2\/media?parent=174516"}],"wp:term":[{"taxonomy":"product_brand","embeddable":true,"href":"https:\/\/www.fabioferro.eu\/de\/wp-json\/wp\/v2\/product_brand?post=174516"},{"taxonomy":"product_cat","embeddable":true,"href":"https:\/\/www.fabioferro.eu\/de\/wp-json\/wp\/v2\/product_cat?post=174516"},{"taxonomy":"product_tag","embeddable":true,"href":"https:\/\/www.fabioferro.eu\/de\/wp-json\/wp\/v2\/product_tag?post=174516"}],"curies":[{"name":"wp","href":"https:\/\/api.w.org\/{rel}","templated":true}]}}