{"id":174579,"date":"2025-02-18T09:01:19","date_gmt":"2025-02-18T08:01:19","guid":{"rendered":"https:\/\/www.fabioferro.eu\/fope-eka-flex-it-collection-armband-in-rose-gold-mit-diamanten-double.html"},"modified":"2026-01-09T16:15:56","modified_gmt":"2026-01-09T15:15:56","slug":"fope-eka-flex-it-collection-armband-in-rose-gold-mit-diamanten-double","status":"publish","type":"product","link":"https:\/\/www.fabioferro.eu\/de\/fope-eka-flex-it-collection-armband-in-rose-gold-mit-diamanten-double.html","title":{"rendered":"Fope Eka Flex It Collection Armband in Rose Gold mit Diamanten Double"},"content":{"rendered":"<p class=\"p1\">Fope Armband aus 18 Karat Ros\u00e9gold, ein Ausdruck von exzellenter Handwerkskunst und anspruchsvollem Stil.<\/p>\n<p class=\"p1\">In der Mitte des flexiblen Glieds gl\u00e4nzt eine Rondelle, die mit wei\u00dfen Diamanten von 0,10 Karat besetzt ist, die mit \u00e4u\u00dferster Pr\u00e4zision gefasst wurden, um ihre Brillanz zu verst\u00e4rken.<\/p>\n<p class=\"p1\">Ausgestattet mit der Flex it Technologie, bietet das Armband dank seiner Flexibilit\u00e4t eine tadellose Passform, die herk\u00f6mmliche Verschl\u00fcsse \u00fcberfl\u00fcssig macht.<\/p>\n<p class=\"p1\">Jedes Exemplar wird \u00fcber 12.000 Zugzyklen unterzogen, um eine unvergleichliche St\u00e4rke und Qualit\u00e4t zu gew\u00e4hrleisten.<\/p>\n<p class=\"p1\">Handgefertigt in Italien, Made in Italy.<\/p>\n<p class=\"p1\">Geliefert in einer exquisiten Box, komplett mit internationaler Fope-Garantie.<\/p>\n<p><img decoding=\"async\" class=\"alignnone size-full wp-image-205465\" src=\"http:\/\/cdn02.fabioferro.eu\/wp-content\/uploads\/tabelle-misure-bracciali.jpg\" alt=\"\" width=\"1900\" height=\"153\" title=\"\" srcset=\"https:\/\/cdn02.fabioferro.eu\/wp-content\/uploads\/tabelle-misure-bracciali.jpg 1900w, https:\/\/cdn02.fabioferro.eu\/wp-content\/uploads\/tabelle-misure-bracciali-768x62.jpg 768w, https:\/\/cdn02.fabioferro.eu\/wp-content\/uploads\/tabelle-misure-bracciali-1536x124.jpg 1536w, https:\/\/cdn02.fabioferro.eu\/wp-content\/uploads\/tabelle-misure-bracciali-990x80.jpg 990w, https:\/\/cdn02.fabioferro.eu\/wp-content\/uploads\/tabelle-misure-bracciali-441x36.jpg 441w, https:\/\/cdn02.fabioferro.eu\/wp-content\/uploads\/tabelle-misure-bracciali-600x48.jpg 600w, https:\/\/cdn02.fabioferro.eu\/wp-content\/uploads\/tabelle-misure-bracciali-150x12.jpg 150w\" sizes=\"(max-width: 1900px) 100vw, 1900px\" \/><\/p>\n","protected":false},"excerpt":{"rendered":"<p class=\"p1\">FOPE Armband aus Ros\u00e9gold mit Diamanten, ein Schmuckst\u00fcck von purer Eleganz und Stil.<\/p>\n","protected":false},"featured_media":173688,"comment_status":"open","ping_status":"closed","template":"","meta":[],"product_brand":[154],"product_cat":[6161],"product_tag":[],"class_list":{"0":"post-174579","1":"product","2":"type-product","3":"status-publish","4":"has-post-thumbnail","6":"product_brand-fope","7":"product_cat-fope-armbander","9":"first","10":"instock","11":"taxable","12":"shipping-taxable","13":"purchasable","14":"product-type-variable","15":"has-default-attributes"},"exclude_global_add_ons":[],"addons":[],"df_price":5310,"df_sale_price":"","df_regular_price":5310,"df_image_link":"https:\/\/cdn02.fabioferro.eu\/wp-content\/uploads\/bracciale-fope-collezione-eka-flex-it-in-oro-rosa-con-diamanti.jpg","_links":{"self":[{"href":"https:\/\/www.fabioferro.eu\/de\/wp-json\/wp\/v2\/product\/174579","targetHints":{"allow":["GET"]}}],"collection":[{"href":"https:\/\/www.fabioferro.eu\/de\/wp-json\/wp\/v2\/product"}],"about":[{"href":"https:\/\/www.fabioferro.eu\/de\/wp-json\/wp\/v2\/types\/product"}],"replies":[{"embeddable":true,"href":"https:\/\/www.fabioferro.eu\/de\/wp-json\/wp\/v2\/comments?post=174579"}],"version-history":[{"count":2,"href":"https:\/\/www.fabioferro.eu\/de\/wp-json\/wp\/v2\/product\/174579\/revisions"}],"predecessor-version":[{"id":206156,"href":"https:\/\/www.fabioferro.eu\/de\/wp-json\/wp\/v2\/product\/174579\/revisions\/206156"}],"wp:featuredmedia":[{"embeddable":true,"href":"https:\/\/www.fabioferro.eu\/de\/wp-json\/wp\/v2\/media\/173688"}],"wp:attachment":[{"href":"https:\/\/www.fabioferro.eu\/de\/wp-json\/wp\/v2\/media?parent=174579"}],"wp:term":[{"taxonomy":"product_brand","embeddable":true,"href":"https:\/\/www.fabioferro.eu\/de\/wp-json\/wp\/v2\/product_brand?post=174579"},{"taxonomy":"product_cat","embeddable":true,"href":"https:\/\/www.fabioferro.eu\/de\/wp-json\/wp\/v2\/product_cat?post=174579"},{"taxonomy":"product_tag","embeddable":true,"href":"https:\/\/www.fabioferro.eu\/de\/wp-json\/wp\/v2\/product_tag?post=174579"}],"curies":[{"name":"wp","href":"https:\/\/api.w.org\/{rel}","templated":true}]}}