{"id":174685,"date":"2025-02-18T18:57:16","date_gmt":"2025-02-18T17:57:16","guid":{"rendered":"https:\/\/www.fabioferro.eu\/.html?post_type=product&#038;p=174685"},"modified":"2026-01-09T16:15:48","modified_gmt":"2026-01-09T15:15:48","slug":"fope-eka-flex-it-collection-armband-aus-gelbgold-mit-diamant","status":"publish","type":"product","link":"https:\/\/www.fabioferro.eu\/de\/fope-eka-flex-it-collection-armband-aus-gelbgold-mit-diamant.html","title":{"rendered":"Fope Eka Flex It Collection Armband aus Gelbgold mit Diamant"},"content":{"rendered":"<p class=\"p1\">Armband aus der Fope-Kollektion, ein Ausdruck von Luxus und Handwerkskunst, komplett aus 18 Karat Gelbgold.<\/p>\n<p class=\"p1\">Eine zentrale Scheibe aus Gelbgold umrahmt einen wei\u00dfen Diamanten von 0,02 Karat, der sorgf\u00e4ltig gefasst ist und neben dem Fope-Logo elegant gl\u00e4nzt.<\/p>\n<p class=\"p1\">Die Flex it-Technologie erm\u00f6glicht eine au\u00dfergew\u00f6hnliche Flexibilit\u00e4t und sorgt f\u00fcr eine perfekte Passform, ohne dass Befestigungselemente erforderlich sind.<\/p>\n<p class=\"p1\">Vor der Vermarktung wird jedes Armband mit \u00fcber 12.000 Zugzyklen getestet, um eine hervorragende Haltbarkeit zu gew\u00e4hrleisten.<\/p>\n<p class=\"p1\">Es wird in einer exklusiven Schachtel geliefert und verf\u00fcgt \u00fcber eine internationale Garantie, die seine hohe Qualit\u00e4t bescheinigt.<\/p>\n<p><img decoding=\"async\" class=\"alignnone size-full wp-image-205465\" src=\"http:\/\/cdn02.fabioferro.eu\/wp-content\/uploads\/tabelle-misure-bracciali.jpg\" alt=\"\" width=\"1900\" height=\"153\" title=\"\" srcset=\"https:\/\/cdn02.fabioferro.eu\/wp-content\/uploads\/tabelle-misure-bracciali.jpg 1900w, https:\/\/cdn02.fabioferro.eu\/wp-content\/uploads\/tabelle-misure-bracciali-768x62.jpg 768w, https:\/\/cdn02.fabioferro.eu\/wp-content\/uploads\/tabelle-misure-bracciali-1536x124.jpg 1536w, https:\/\/cdn02.fabioferro.eu\/wp-content\/uploads\/tabelle-misure-bracciali-990x80.jpg 990w, https:\/\/cdn02.fabioferro.eu\/wp-content\/uploads\/tabelle-misure-bracciali-441x36.jpg 441w, https:\/\/cdn02.fabioferro.eu\/wp-content\/uploads\/tabelle-misure-bracciali-600x48.jpg 600w, https:\/\/cdn02.fabioferro.eu\/wp-content\/uploads\/tabelle-misure-bracciali-150x12.jpg 150w\" sizes=\"(max-width: 1900px) 100vw, 1900px\" \/><\/p>\n","protected":false},"excerpt":{"rendered":"<p class=\"p1\">FOPE-Armband aus Gelbgold, ein Symbol f\u00fcr Stil und Raffinesse.<\/p>\n","protected":false},"featured_media":174703,"comment_status":"open","ping_status":"closed","template":"","meta":[],"product_brand":[154],"product_cat":[6161],"product_tag":[],"class_list":{"0":"post-174685","1":"product","2":"type-product","3":"status-publish","4":"has-post-thumbnail","6":"product_brand-fope","7":"product_cat-fope-armbander","9":"first","10":"instock","11":"taxable","12":"shipping-taxable","13":"purchasable","14":"product-type-variable","15":"has-default-attributes"},"exclude_global_add_ons":[],"addons":[],"df_price":7060,"df_sale_price":"","df_regular_price":7060,"df_image_link":"https:\/\/cdn02.fabioferro.eu\/wp-content\/uploads\/bracciale-fope-in-oro-giallo-un-simbolo-di-stile-e-raffinatezza.jpg","_links":{"self":[{"href":"https:\/\/www.fabioferro.eu\/de\/wp-json\/wp\/v2\/product\/174685","targetHints":{"allow":["GET"]}}],"collection":[{"href":"https:\/\/www.fabioferro.eu\/de\/wp-json\/wp\/v2\/product"}],"about":[{"href":"https:\/\/www.fabioferro.eu\/de\/wp-json\/wp\/v2\/types\/product"}],"replies":[{"embeddable":true,"href":"https:\/\/www.fabioferro.eu\/de\/wp-json\/wp\/v2\/comments?post=174685"}],"version-history":[{"count":1,"href":"https:\/\/www.fabioferro.eu\/de\/wp-json\/wp\/v2\/product\/174685\/revisions"}],"predecessor-version":[{"id":206143,"href":"https:\/\/www.fabioferro.eu\/de\/wp-json\/wp\/v2\/product\/174685\/revisions\/206143"}],"wp:featuredmedia":[{"embeddable":true,"href":"https:\/\/www.fabioferro.eu\/de\/wp-json\/wp\/v2\/media\/174703"}],"wp:attachment":[{"href":"https:\/\/www.fabioferro.eu\/de\/wp-json\/wp\/v2\/media?parent=174685"}],"wp:term":[{"taxonomy":"product_brand","embeddable":true,"href":"https:\/\/www.fabioferro.eu\/de\/wp-json\/wp\/v2\/product_brand?post=174685"},{"taxonomy":"product_cat","embeddable":true,"href":"https:\/\/www.fabioferro.eu\/de\/wp-json\/wp\/v2\/product_cat?post=174685"},{"taxonomy":"product_tag","embeddable":true,"href":"https:\/\/www.fabioferro.eu\/de\/wp-json\/wp\/v2\/product_tag?post=174685"}],"curies":[{"name":"wp","href":"https:\/\/api.w.org\/{rel}","templated":true}]}}