{"id":175089,"date":"2025-02-19T19:19:57","date_gmt":"2025-02-19T18:19:57","guid":{"rendered":"https:\/\/www.fabioferro.eu\/.html?post_type=product&#038;p=175089"},"modified":"2026-01-09T16:15:38","modified_gmt":"2026-01-09T15:15:38","slug":"fope-essentials-collection-ohrringe-aus-weissgold-mit-diamanten","status":"publish","type":"product","link":"https:\/\/www.fabioferro.eu\/de\/fope-essentials-collection-ohrringe-aus-weissgold-mit-diamanten.html","title":{"rendered":"Fope Essentials Collection Ohrringe aus Wei\u00dfgold mit Diamanten"},"content":{"rendered":"<p class=\"p1\">Elegante Fope-Ohrringe aus 18-kar\u00e4tigem Wei\u00dfgold, verziert mit meisterhaft gefassten Diamanten von insgesamt 0,17 Karat, die einen Hauch von unvergleichlichem Luxus verleihen.<\/p>\n<p class=\"p1\">Das anspruchsvolle und raffinierte Design zeichnet sich durch das bezaubernde Diamantenpav\u00e9 aus, das das Schmuckst\u00fcck mit unvergleichlicher Brillanz erstrahlen l\u00e4sst.<\/p>\n<p class=\"p1\">Diese in Italien handgefertigten Ohrringe sind der Inbegriff von feinem Schmuck.<\/p>\n<p class=\"p1\">Geliefert in einer eleganten Schachtel, begleitet von der internationalen Garantie von Fope.<\/p>\n","protected":false},"excerpt":{"rendered":"<p class=\"p1\">Ein Juwel, das Tradition, Luxus und Innovation in einem Meisterwerk vereint.<\/p>\n","protected":false},"featured_media":175092,"comment_status":"open","ping_status":"closed","template":"","meta":[],"product_brand":[154],"product_cat":[5937],"product_tag":[],"class_list":{"0":"post-175089","1":"product","2":"type-product","3":"status-publish","4":"has-post-thumbnail","6":"product_brand-fope","7":"product_cat-fope-ohrringe","9":"first","10":"instock","11":"taxable","12":"shipping-taxable","13":"purchasable","14":"product-type-simple"},"exclude_global_add_ons":[],"addons":[],"df_price":3790,"df_sale_price":"","df_regular_price":3790,"df_image_link":"https:\/\/cdn02.fabioferro.eu\/wp-content\/uploads\/orecchini-fope-in-oro-bianco-con-diamanti.jpg","_links":{"self":[{"href":"https:\/\/www.fabioferro.eu\/de\/wp-json\/wp\/v2\/product\/175089","targetHints":{"allow":["GET"]}}],"collection":[{"href":"https:\/\/www.fabioferro.eu\/de\/wp-json\/wp\/v2\/product"}],"about":[{"href":"https:\/\/www.fabioferro.eu\/de\/wp-json\/wp\/v2\/types\/product"}],"replies":[{"embeddable":true,"href":"https:\/\/www.fabioferro.eu\/de\/wp-json\/wp\/v2\/comments?post=175089"}],"version-history":[{"count":1,"href":"https:\/\/www.fabioferro.eu\/de\/wp-json\/wp\/v2\/product\/175089\/revisions"}],"predecessor-version":[{"id":206135,"href":"https:\/\/www.fabioferro.eu\/de\/wp-json\/wp\/v2\/product\/175089\/revisions\/206135"}],"wp:featuredmedia":[{"embeddable":true,"href":"https:\/\/www.fabioferro.eu\/de\/wp-json\/wp\/v2\/media\/175092"}],"wp:attachment":[{"href":"https:\/\/www.fabioferro.eu\/de\/wp-json\/wp\/v2\/media?parent=175089"}],"wp:term":[{"taxonomy":"product_brand","embeddable":true,"href":"https:\/\/www.fabioferro.eu\/de\/wp-json\/wp\/v2\/product_brand?post=175089"},{"taxonomy":"product_cat","embeddable":true,"href":"https:\/\/www.fabioferro.eu\/de\/wp-json\/wp\/v2\/product_cat?post=175089"},{"taxonomy":"product_tag","embeddable":true,"href":"https:\/\/www.fabioferro.eu\/de\/wp-json\/wp\/v2\/product_tag?post=175089"}],"curies":[{"name":"wp","href":"https:\/\/api.w.org\/{rel}","templated":true}]}}