{"id":175108,"date":"2025-02-19T19:37:33","date_gmt":"2025-02-19T18:37:33","guid":{"rendered":"https:\/\/www.fabioferro.eu\/.html?post_type=product&#038;p=175108"},"modified":"2026-01-09T16:15:33","modified_gmt":"2026-01-09T15:15:33","slug":"fope-essentials-collection-ohrringe-aus-gelbgold-mit-diamanten","status":"publish","type":"product","link":"https:\/\/www.fabioferro.eu\/de\/fope-essentials-collection-ohrringe-aus-gelbgold-mit-diamanten.html","title":{"rendered":"Fope Essentials Collection Ohrringe aus Gelbgold mit Diamanten"},"content":{"rendered":"<p class=\"p1\">Fope Ohrringe aus 18 Karat Gelbgold, die sich durch ein raffiniertes Design auszeichnen und mit sorgf\u00e4ltig gefassten Diamanten von insgesamt 0,17 Karat verziert sind.<\/p>\n<p class=\"p1\">Der zentrale Korpus aus Gelbgold ist mit einem Pav\u00e9 aus Brillanten geschm\u00fcckt, die dem Schmuckst\u00fcck eine einzigartige Brillanz verleihen.<\/p>\n<p class=\"p1\">Sie werden in Italien handgefertigt und sind der Inbegriff von luxuri\u00f6ser Handwerkskunst.<\/p>\n<p class=\"p1\">Sie werden in einer exklusiven Schachtel mit einer internationalen Fope-Garantie geliefert.<\/p>\n","protected":false},"excerpt":{"rendered":"<p class=\"p1\">Raffinierte Ohrringe, die das Beste aus der Goldschmiedetradition verk\u00f6rpern.<\/p>\n","protected":false},"featured_media":175099,"comment_status":"open","ping_status":"closed","template":"","meta":[],"product_brand":[154],"product_cat":[5937],"product_tag":[],"class_list":{"0":"post-175108","1":"product","2":"type-product","3":"status-publish","4":"has-post-thumbnail","6":"product_brand-fope","7":"product_cat-fope-ohrringe","9":"first","10":"instock","11":"taxable","12":"shipping-taxable","13":"purchasable","14":"product-type-simple"},"exclude_global_add_ons":[],"addons":[],"df_price":3790,"df_sale_price":"","df_regular_price":3790,"df_image_link":"https:\/\/cdn02.fabioferro.eu\/wp-content\/uploads\/orecchini-fope-in-oro-giallo-con-diamanti.jpg","_links":{"self":[{"href":"https:\/\/www.fabioferro.eu\/de\/wp-json\/wp\/v2\/product\/175108","targetHints":{"allow":["GET"]}}],"collection":[{"href":"https:\/\/www.fabioferro.eu\/de\/wp-json\/wp\/v2\/product"}],"about":[{"href":"https:\/\/www.fabioferro.eu\/de\/wp-json\/wp\/v2\/types\/product"}],"replies":[{"embeddable":true,"href":"https:\/\/www.fabioferro.eu\/de\/wp-json\/wp\/v2\/comments?post=175108"}],"version-history":[{"count":1,"href":"https:\/\/www.fabioferro.eu\/de\/wp-json\/wp\/v2\/product\/175108\/revisions"}],"predecessor-version":[{"id":206129,"href":"https:\/\/www.fabioferro.eu\/de\/wp-json\/wp\/v2\/product\/175108\/revisions\/206129"}],"wp:featuredmedia":[{"embeddable":true,"href":"https:\/\/www.fabioferro.eu\/de\/wp-json\/wp\/v2\/media\/175099"}],"wp:attachment":[{"href":"https:\/\/www.fabioferro.eu\/de\/wp-json\/wp\/v2\/media?parent=175108"}],"wp:term":[{"taxonomy":"product_brand","embeddable":true,"href":"https:\/\/www.fabioferro.eu\/de\/wp-json\/wp\/v2\/product_brand?post=175108"},{"taxonomy":"product_cat","embeddable":true,"href":"https:\/\/www.fabioferro.eu\/de\/wp-json\/wp\/v2\/product_cat?post=175108"},{"taxonomy":"product_tag","embeddable":true,"href":"https:\/\/www.fabioferro.eu\/de\/wp-json\/wp\/v2\/product_tag?post=175108"}],"curies":[{"name":"wp","href":"https:\/\/api.w.org\/{rel}","templated":true}]}}