{"id":175221,"date":"2025-02-20T19:21:24","date_gmt":"2025-02-20T18:21:24","guid":{"rendered":"https:\/\/www.fabioferro.eu\/.html?post_type=product&#038;p=175221"},"modified":"2025-03-06T11:08:59","modified_gmt":"2025-03-06T10:08:59","slug":"orangefarbener-leinen-und-lederriemen","status":"publish","type":"product","link":"https:\/\/www.fabioferro.eu\/de\/orangefarbener-leinen-und-lederriemen.html","title":{"rendered":"Orangefarbener Leinen- und Lederriemen"},"content":{"rendered":"<div class=\"description\">\n<p>Uhrenarmband aus echtem Leder und Canvas in der Farbe Fluo Orange.<\/p>\n<p>Handgefertigt &#8211; Made in Italy.<\/p>\n<p>Standardgr\u00f6\u00dfe, der kurze Teil misst 75 mm und der lange Teil 115 mm.<\/p>\n<p>Das Armband ist 2,50 mm dick.<\/p>\n<p>Verst\u00e4rkt mit sichtbaren Ton-in-Ton-N\u00e4hten, festen Doppelschlaufen und hypoallergener Edelstahlschlie\u00dfe mit geb\u00fcrsteter Oberfl\u00e4che.<\/p>\n<p>Die Fotos k\u00f6nnen leicht vom Produkt abweichen, da sie handgefertigt sind.<\/p>\n<\/div>\n","protected":false},"excerpt":{"rendered":"<p>Ein praktisches und bequemes Stoffband, das f\u00fcr seine Schlichtheit und extreme Haltbarkeit bekannt ist.<\/p>\n","protected":false},"featured_media":175250,"comment_status":"open","ping_status":"closed","template":"","meta":[],"product_brand":[197],"product_cat":[7291],"product_tag":[],"class_list":{"0":"post-175221","1":"product","2":"type-product","3":"status-publish","4":"has-post-thumbnail","6":"product_brand-campagnolo","7":"product_cat-cinturini-canvas-de","9":"first","10":"instock","11":"sale","12":"taxable","13":"shipping-taxable","14":"purchasable","15":"product-type-variable","16":"has-default-attributes"},"exclude_global_add_ons":true,"addons":[{"name":"Farbe der Schnalle","type":"multiple_choice","position":0,"required":true,"title_format":"label","default":"","description_enable":false,"description":"","placeholder_enable":false,"placeholder":"","display":"select","restrictions_type":"any_text","adjust_price":false,"price":"","price_type":"flat_fee","restrictions":false,"min":"0","max":"0","options":[{"label":"Silber","price":"","price_type":"flat_fee","image":0,"visibility":true},{"label":"Vergoldet","price":"","price_type":"flat_fee","image":0,"visibility":true}],"id":1737568912}],"df_price":31.5,"df_sale_price":"","df_regular_price":31.5,"df_image_link":"https:\/\/cdn02.fabioferro.eu\/wp-content\/uploads\/cinturino-canvas-arancione-335610a.jpg","_links":{"self":[{"href":"https:\/\/www.fabioferro.eu\/de\/wp-json\/wp\/v2\/product\/175221","targetHints":{"allow":["GET"]}}],"collection":[{"href":"https:\/\/www.fabioferro.eu\/de\/wp-json\/wp\/v2\/product"}],"about":[{"href":"https:\/\/www.fabioferro.eu\/de\/wp-json\/wp\/v2\/types\/product"}],"replies":[{"embeddable":true,"href":"https:\/\/www.fabioferro.eu\/de\/wp-json\/wp\/v2\/comments?post=175221"}],"version-history":[{"count":0,"href":"https:\/\/www.fabioferro.eu\/de\/wp-json\/wp\/v2\/product\/175221\/revisions"}],"wp:featuredmedia":[{"embeddable":true,"href":"https:\/\/www.fabioferro.eu\/de\/wp-json\/wp\/v2\/media\/175250"}],"wp:attachment":[{"href":"https:\/\/www.fabioferro.eu\/de\/wp-json\/wp\/v2\/media?parent=175221"}],"wp:term":[{"taxonomy":"product_brand","embeddable":true,"href":"https:\/\/www.fabioferro.eu\/de\/wp-json\/wp\/v2\/product_brand?post=175221"},{"taxonomy":"product_cat","embeddable":true,"href":"https:\/\/www.fabioferro.eu\/de\/wp-json\/wp\/v2\/product_cat?post=175221"},{"taxonomy":"product_tag","embeddable":true,"href":"https:\/\/www.fabioferro.eu\/de\/wp-json\/wp\/v2\/product_tag?post=175221"}],"curies":[{"name":"wp","href":"https:\/\/api.w.org\/{rel}","templated":true}]}}