{"id":175407,"date":"2025-02-21T11:29:46","date_gmt":"2025-02-21T10:29:46","guid":{"rendered":"https:\/\/www.fabioferro.eu\/.html?post_type=product&#038;p=175407"},"modified":"2026-01-09T16:15:45","modified_gmt":"2026-01-09T15:15:45","slug":"fope-essentials-collection-ohrringe-aus-gelbgold","status":"publish","type":"product","link":"https:\/\/www.fabioferro.eu\/de\/fope-essentials-collection-ohrringe-aus-gelbgold.html","title":{"rendered":"Fope Essentials Collection Ohrringe aus Gelbgold"},"content":{"rendered":"<p class=\"p1\">Ein leuchtender Ausdruck von Luxus und Handwerkskunst sind diese Fope-Ohrringe aus 18 Karat Gelbgold.<\/p>\n<p class=\"p1\">Das raffinierte Design unterstreicht die geschwungenen Linien der Struktur und bringt die unverwechselbare W\u00e4rme des Goldes zur Geltung.<\/p>\n<p class=\"p1\">Geschmiedet in Vicenza, repr\u00e4sentieren sie eine perfekte Balance zwischen Klassizismus und Modernit\u00e4t.<\/p>\n<p class=\"p1\">Der sorgf\u00e4ltig gestaltete Verschluss sorgt f\u00fcr Stabilit\u00e4t und Komfort im Alltag oder bei besonderen Anl\u00e4ssen.<\/p>\n<p class=\"p1\">Sie werden in einer edlen Schachtel geliefert und verf\u00fcgen \u00fcber eine internationale Garantie, die ihre Echtheit und Qualit\u00e4t best\u00e4tigt.<\/p>\n","protected":false},"excerpt":{"rendered":"<p class=\"p1\">Goldohrringe mit zeitlosem Charme, ein Sinnbild f\u00fcr Eleganz und Wert.<\/p>\n","protected":false},"featured_media":175410,"comment_status":"open","ping_status":"closed","template":"","meta":[],"product_brand":[154],"product_cat":[5937],"product_tag":[],"class_list":{"0":"post-175407","1":"product","2":"type-product","3":"status-publish","4":"has-post-thumbnail","6":"product_brand-fope","7":"product_cat-fope-ohrringe","9":"first","10":"instock","11":"taxable","12":"shipping-taxable","13":"purchasable","14":"product-type-simple"},"exclude_global_add_ons":[],"addons":[],"df_price":2840,"df_sale_price":"","df_regular_price":2840,"df_image_link":"https:\/\/cdn02.fabioferro.eu\/wp-content\/uploads\/orecchini-fope-collezione-essentials-in-oro-giallo.jpg","_links":{"self":[{"href":"https:\/\/www.fabioferro.eu\/de\/wp-json\/wp\/v2\/product\/175407","targetHints":{"allow":["GET"]}}],"collection":[{"href":"https:\/\/www.fabioferro.eu\/de\/wp-json\/wp\/v2\/product"}],"about":[{"href":"https:\/\/www.fabioferro.eu\/de\/wp-json\/wp\/v2\/types\/product"}],"replies":[{"embeddable":true,"href":"https:\/\/www.fabioferro.eu\/de\/wp-json\/wp\/v2\/comments?post=175407"}],"version-history":[{"count":1,"href":"https:\/\/www.fabioferro.eu\/de\/wp-json\/wp\/v2\/product\/175407\/revisions"}],"predecessor-version":[{"id":206139,"href":"https:\/\/www.fabioferro.eu\/de\/wp-json\/wp\/v2\/product\/175407\/revisions\/206139"}],"wp:featuredmedia":[{"embeddable":true,"href":"https:\/\/www.fabioferro.eu\/de\/wp-json\/wp\/v2\/media\/175410"}],"wp:attachment":[{"href":"https:\/\/www.fabioferro.eu\/de\/wp-json\/wp\/v2\/media?parent=175407"}],"wp:term":[{"taxonomy":"product_brand","embeddable":true,"href":"https:\/\/www.fabioferro.eu\/de\/wp-json\/wp\/v2\/product_brand?post=175407"},{"taxonomy":"product_cat","embeddable":true,"href":"https:\/\/www.fabioferro.eu\/de\/wp-json\/wp\/v2\/product_cat?post=175407"},{"taxonomy":"product_tag","embeddable":true,"href":"https:\/\/www.fabioferro.eu\/de\/wp-json\/wp\/v2\/product_tag?post=175407"}],"curies":[{"name":"wp","href":"https:\/\/api.w.org\/{rel}","templated":true}]}}