{"id":175685,"date":"2024-02-21T21:43:11","date_gmt":"2024-02-21T20:43:11","guid":{"rendered":"https:\/\/www.fabioferro.eu\/.html?post_type=product&#038;p=175685"},"modified":"2025-08-06T13:07:24","modified_gmt":"2025-08-06T11:07:24","slug":"giovanni-raspini-margherita-armband-kleine-perlen-copia-copia-2","status":"publish","type":"product","link":"https:\/\/www.fabioferro.eu\/de\/giovanni-raspini-margherita-armband-kleine-perlen-copia-copia-2.html","title":{"rendered":"Giovanni Raspini Armspange Korallenarmband"},"content":{"rendered":"<p class=\"p1\">Giovanni Raspini Armband aus 18 kt vergoldetem 925er Silber.<\/p>\n<p class=\"p3\">Ovales Innenma\u00df<span class=\"s1\"> 6,5 x 5,5 cm.<\/span><\/p>\n<p class=\"p1\">Federbelastete <span class=\"s2\">\u00d6ffnung <\/span>f\u00fcr einfache Montage.<\/p>\n<p class=\"p1\">Mit Pr\u00e4zision gearbeitet, um jedes Detail hervorzuheben, verbindet es Goldschmiedetradition und Innovation.<\/p>\n<p class=\"p1\">Vollst\u00e4ndig in Italien hergestellt, ein Symbol f\u00fcr Qualit\u00e4t und Authentizit\u00e4t.<\/p>\n<p class=\"p1\">Verpackt in einer eleganten offiziellen Box, komplett mit Garantie.<\/p>\n","protected":false},"excerpt":{"rendered":"<p class=\"p1\">Anspruchsvolles Design und edle Materialien f\u00fcr ein einzigartiges Schmuckst\u00fcck.<\/p>\n","protected":false},"featured_media":175688,"comment_status":"open","ping_status":"closed","template":"","meta":[],"product_brand":[155],"product_cat":[7569],"product_tag":[],"class_list":{"0":"post-175685","1":"product","2":"type-product","3":"status-publish","4":"has-post-thumbnail","6":"product_brand-raspini","7":"product_cat-armbander-giovanni-raspini","9":"first","10":"instock","11":"sale","12":"taxable","13":"shipping-taxable","14":"purchasable","15":"product-type-simple"},"exclude_global_add_ons":[],"addons":[],"df_price":688.5,"df_sale_price":688.5,"df_regular_price":765,"df_image_link":"https:\/\/cdn02.fabioferro.eu\/wp-content\/uploads\/bracciale-giovanni-raspini-bangle-coral.jpg","_links":{"self":[{"href":"https:\/\/www.fabioferro.eu\/de\/wp-json\/wp\/v2\/product\/175685","targetHints":{"allow":["GET"]}}],"collection":[{"href":"https:\/\/www.fabioferro.eu\/de\/wp-json\/wp\/v2\/product"}],"about":[{"href":"https:\/\/www.fabioferro.eu\/de\/wp-json\/wp\/v2\/types\/product"}],"replies":[{"embeddable":true,"href":"https:\/\/www.fabioferro.eu\/de\/wp-json\/wp\/v2\/comments?post=175685"}],"version-history":[{"count":1,"href":"https:\/\/www.fabioferro.eu\/de\/wp-json\/wp\/v2\/product\/175685\/revisions"}],"predecessor-version":[{"id":186897,"href":"https:\/\/www.fabioferro.eu\/de\/wp-json\/wp\/v2\/product\/175685\/revisions\/186897"}],"wp:featuredmedia":[{"embeddable":true,"href":"https:\/\/www.fabioferro.eu\/de\/wp-json\/wp\/v2\/media\/175688"}],"wp:attachment":[{"href":"https:\/\/www.fabioferro.eu\/de\/wp-json\/wp\/v2\/media?parent=175685"}],"wp:term":[{"taxonomy":"product_brand","embeddable":true,"href":"https:\/\/www.fabioferro.eu\/de\/wp-json\/wp\/v2\/product_brand?post=175685"},{"taxonomy":"product_cat","embeddable":true,"href":"https:\/\/www.fabioferro.eu\/de\/wp-json\/wp\/v2\/product_cat?post=175685"},{"taxonomy":"product_tag","embeddable":true,"href":"https:\/\/www.fabioferro.eu\/de\/wp-json\/wp\/v2\/product_tag?post=175685"}],"curies":[{"name":"wp","href":"https:\/\/api.w.org\/{rel}","templated":true}]}}