{"id":175826,"date":"2024-02-23T13:39:07","date_gmt":"2024-02-23T12:39:07","guid":{"rendered":"https:\/\/www.fabioferro.eu\/.html?post_type=product&#038;p=175826"},"modified":"2025-05-15T10:06:39","modified_gmt":"2025-05-15T08:06:39","slug":"giovanni-raspini-klinge-farbe-blau-ohrringe-copia-copia","status":"publish","type":"product","link":"https:\/\/www.fabioferro.eu\/de\/giovanni-raspini-klinge-farbe-blau-ohrringe-copia-copia.html","title":{"rendered":"Giovanni Raspini Cuore Mini Ohrringe"},"content":{"rendered":"<p class=\"p1\">Ohrringe aus 925er Sterlingsilber mit einem raffinierten Herzdesign, ein Symbol f\u00fcr Romantik und Eleganz.<\/p>\n<p class=\"p1\">Jeder Ohrring ist leicht und diskret, wiegt 1 g und ist 1 cm hoch, eine perfekte Gr\u00f6\u00dfe, um den Look mit einer zarten Note zu versch\u00f6nern.<\/p>\n<p class=\"p1\">Ausgestattet mit einer Fliege als Verschluss, bieten sie Komfort und Sicherheit im Alltag.<\/p>\n<p class=\"p1\">Fachm\u00e4nnisch in Italien gefertigt, ein Ausdruck der Made in Italy Goldschmiedetradition.<\/p>\n<p class=\"p1\">Sorgf\u00e4ltig verpackt in einer eleganten offiziellen Giovanni Raspini-Box, begleitet von einer Garantie.<\/p>\n","protected":false},"excerpt":{"rendered":"<p class=\"p1\">Ein Meisterwerk zum Tragen, ein Symbol f\u00fcr Klasse und Raffinesse.<\/p>\n","protected":false},"featured_media":175829,"comment_status":"open","ping_status":"closed","template":"","meta":[],"product_brand":[155],"product_cat":[7570],"product_tag":[7442],"class_list":{"0":"post-175826","1":"product","2":"type-product","3":"status-publish","4":"has-post-thumbnail","6":"product_brand-raspini","7":"product_cat-giovanni-raspini-ohrringe","8":"product_tag-verfugbar","10":"first","11":"instock","12":"sale","13":"taxable","14":"shipping-taxable","15":"purchasable","16":"product-type-simple"},"exclude_global_add_ons":[],"addons":[],"df_price":81,"df_sale_price":81,"df_regular_price":90,"df_image_link":"https:\/\/cdn02.fabioferro.eu\/wp-content\/uploads\/orecchini-giovanni-raspini-cuore-mini.jpg","_links":{"self":[{"href":"https:\/\/www.fabioferro.eu\/de\/wp-json\/wp\/v2\/product\/175826","targetHints":{"allow":["GET"]}}],"collection":[{"href":"https:\/\/www.fabioferro.eu\/de\/wp-json\/wp\/v2\/product"}],"about":[{"href":"https:\/\/www.fabioferro.eu\/de\/wp-json\/wp\/v2\/types\/product"}],"replies":[{"embeddable":true,"href":"https:\/\/www.fabioferro.eu\/de\/wp-json\/wp\/v2\/comments?post=175826"}],"version-history":[{"count":0,"href":"https:\/\/www.fabioferro.eu\/de\/wp-json\/wp\/v2\/product\/175826\/revisions"}],"wp:featuredmedia":[{"embeddable":true,"href":"https:\/\/www.fabioferro.eu\/de\/wp-json\/wp\/v2\/media\/175829"}],"wp:attachment":[{"href":"https:\/\/www.fabioferro.eu\/de\/wp-json\/wp\/v2\/media?parent=175826"}],"wp:term":[{"taxonomy":"product_brand","embeddable":true,"href":"https:\/\/www.fabioferro.eu\/de\/wp-json\/wp\/v2\/product_brand?post=175826"},{"taxonomy":"product_cat","embeddable":true,"href":"https:\/\/www.fabioferro.eu\/de\/wp-json\/wp\/v2\/product_cat?post=175826"},{"taxonomy":"product_tag","embeddable":true,"href":"https:\/\/www.fabioferro.eu\/de\/wp-json\/wp\/v2\/product_tag?post=175826"}],"curies":[{"name":"wp","href":"https:\/\/api.w.org\/{rel}","templated":true}]}}