{"id":175998,"date":"2024-02-25T16:10:23","date_gmt":"2024-02-25T15:10:23","guid":{"rendered":"https:\/\/www.fabioferro.eu\/giovanni-raspini-doppelherz-ring.html"},"modified":"2025-02-25T16:10:23","modified_gmt":"2025-02-25T15:10:23","slug":"giovanni-raspini-doppelherz-ring","status":"publish","type":"product","link":"https:\/\/www.fabioferro.eu\/de\/giovanni-raspini-doppelherz-ring.html","title":{"rendered":"Giovanni Raspini Doppelherz-Ring"},"content":{"rendered":"<p class=\"p1\">Ring von Giovanni Raspini aus 925er Sterlingsilber.<\/p>\n<p class=\"p1\">Erh\u00e4ltlich in verschiedenen Gr\u00f6\u00dfen f\u00fcr eine perfekte Passform.<\/p>\n<p class=\"p1\">Sie ist ein Produkt der italienischen Goldschmiedetradition und wird mit viel Liebe zum Detail und in hoher Qualit\u00e4t gefertigt.<\/p>\n<p class=\"p1\">Authentisch Made in Italy, eine Garantie f\u00fcr Exzellenz und Raffinesse.<\/p>\n<p class=\"p1\">Pr\u00e4sentiert in einer exklusiven offiziellen Giovanni Raspini-Box, komplett mit Garantie.<\/p>\n","protected":false},"excerpt":{"rendered":"<p class=\"p1\">Pure Eleganz in einer au\u00dfergew\u00f6hnlichen Kreation.<\/p>\n","protected":false},"featured_media":175822,"comment_status":"open","ping_status":"closed","template":"","meta":[],"product_brand":[],"product_cat":[7572],"product_tag":[],"class_list":{"0":"post-175998","1":"product","2":"type-product","3":"status-publish","4":"has-post-thumbnail","6":"product_cat-ringe-giovanni-raspini","8":"first","9":"instock","10":"sale","11":"taxable","12":"shipping-taxable","13":"purchasable","14":"product-type-variable","15":"has-default-attributes"},"exclude_global_add_ons":[],"addons":[],"df_price":112.5,"df_sale_price":"","df_regular_price":112.5,"df_image_link":"https:\/\/cdn02.fabioferro.eu\/wp-content\/uploads\/anello-giovanni-raspini-doppio-cuore.jpg","_links":{"self":[{"href":"https:\/\/www.fabioferro.eu\/de\/wp-json\/wp\/v2\/product\/175998","targetHints":{"allow":["GET"]}}],"collection":[{"href":"https:\/\/www.fabioferro.eu\/de\/wp-json\/wp\/v2\/product"}],"about":[{"href":"https:\/\/www.fabioferro.eu\/de\/wp-json\/wp\/v2\/types\/product"}],"replies":[{"embeddable":true,"href":"https:\/\/www.fabioferro.eu\/de\/wp-json\/wp\/v2\/comments?post=175998"}],"version-history":[{"count":0,"href":"https:\/\/www.fabioferro.eu\/de\/wp-json\/wp\/v2\/product\/175998\/revisions"}],"wp:featuredmedia":[{"embeddable":true,"href":"https:\/\/www.fabioferro.eu\/de\/wp-json\/wp\/v2\/media\/175822"}],"wp:attachment":[{"href":"https:\/\/www.fabioferro.eu\/de\/wp-json\/wp\/v2\/media?parent=175998"}],"wp:term":[{"taxonomy":"product_brand","embeddable":true,"href":"https:\/\/www.fabioferro.eu\/de\/wp-json\/wp\/v2\/product_brand?post=175998"},{"taxonomy":"product_cat","embeddable":true,"href":"https:\/\/www.fabioferro.eu\/de\/wp-json\/wp\/v2\/product_cat?post=175998"},{"taxonomy":"product_tag","embeddable":true,"href":"https:\/\/www.fabioferro.eu\/de\/wp-json\/wp\/v2\/product_tag?post=175998"}],"curies":[{"name":"wp","href":"https:\/\/api.w.org\/{rel}","templated":true}]}}