{"id":176042,"date":"2025-02-20T18:46:56","date_gmt":"2025-02-20T17:46:56","guid":{"rendered":"https:\/\/www.fabioferro.eu\/schwarzes-perforiertes-lederarmband-im-racing-stil.html"},"modified":"2025-06-26T16:20:30","modified_gmt":"2025-06-26T14:20:30","slug":"schwarzes-perforiertes-lederarmband-im-racing-stil","status":"publish","type":"product","link":"https:\/\/www.fabioferro.eu\/de\/schwarzes-perforiertes-lederarmband-im-racing-stil.html","title":{"rendered":"Schwarzes perforiertes Lederarmband im Racing-Stil"},"content":{"rendered":"<p>Wenn Sie die Gr\u00f6\u00dfe ausw\u00e4hlen, ber\u00fccksichtigen Sie den ersten Wert f\u00fcr den Geh\u00e4useansatz, den zweiten f\u00fcr die Gr\u00f6\u00dfe der Schlie\u00dfe. Beispiel: 18x16mm hat einen 18mm Geh\u00e4useaufsatz und eine 16mm Schlie\u00dfe. <\/p>\n<p>Schwarzes Kalbslederarmband mit Perforation an der Oberseite.<\/p>\n<p>Wasserfestes Material, auch im Wasser verwendbar.<\/p>\n<p>Standardgr\u00f6\u00dfe, der kurze Teil misst 75 mm und der lange Teil 115 mm.<\/p>\n<p>Das Armband ist 2,50 mm dick.<\/p>\n<p>Vollst\u00e4ndig mit Ton-in-Ton-N\u00e4hten verst\u00e4rkt. Ausgestattet mit zwei Schlaufen, von denen eine in der N\u00e4he der Schnalle befestigt bleibt.<\/p>\n<p>Hypoallergene Dornschlie\u00dfe aus Edelstahl.<\/p>\n","protected":false},"excerpt":{"rendered":"<p>Ein Kalbslederarmband im sportlichen Racing-Stil, geeignet f\u00fcr Hochleistungsuhren.<\/p>\n","protected":false},"featured_media":144995,"comment_status":"open","ping_status":"closed","template":"","meta":[],"product_brand":[197],"product_cat":[7301],"product_tag":[],"class_list":{"0":"post-176042","1":"product","2":"type-product","3":"status-publish","4":"has-post-thumbnail","6":"product_brand-campagnolo","7":"product_cat-riemen-aus-kalbsleder","9":"first","10":"instock","11":"sale","12":"taxable","13":"shipping-taxable","14":"purchasable","15":"product-type-variable","16":"has-default-attributes"},"exclude_global_add_ons":[],"addons":[],"df_price":48.6,"df_sale_price":"","df_regular_price":48.6,"df_image_link":"https:\/\/cdn02.fabioferro.eu\/wp-content\/uploads\/cinturino-in-cuoio-di-vitello-nero-racing-998410n.jpg","_links":{"self":[{"href":"https:\/\/www.fabioferro.eu\/de\/wp-json\/wp\/v2\/product\/176042","targetHints":{"allow":["GET"]}}],"collection":[{"href":"https:\/\/www.fabioferro.eu\/de\/wp-json\/wp\/v2\/product"}],"about":[{"href":"https:\/\/www.fabioferro.eu\/de\/wp-json\/wp\/v2\/types\/product"}],"replies":[{"embeddable":true,"href":"https:\/\/www.fabioferro.eu\/de\/wp-json\/wp\/v2\/comments?post=176042"}],"version-history":[{"count":1,"href":"https:\/\/www.fabioferro.eu\/de\/wp-json\/wp\/v2\/product\/176042\/revisions"}],"predecessor-version":[{"id":186756,"href":"https:\/\/www.fabioferro.eu\/de\/wp-json\/wp\/v2\/product\/176042\/revisions\/186756"}],"wp:featuredmedia":[{"embeddable":true,"href":"https:\/\/www.fabioferro.eu\/de\/wp-json\/wp\/v2\/media\/144995"}],"wp:attachment":[{"href":"https:\/\/www.fabioferro.eu\/de\/wp-json\/wp\/v2\/media?parent=176042"}],"wp:term":[{"taxonomy":"product_brand","embeddable":true,"href":"https:\/\/www.fabioferro.eu\/de\/wp-json\/wp\/v2\/product_brand?post=176042"},{"taxonomy":"product_cat","embeddable":true,"href":"https:\/\/www.fabioferro.eu\/de\/wp-json\/wp\/v2\/product_cat?post=176042"},{"taxonomy":"product_tag","embeddable":true,"href":"https:\/\/www.fabioferro.eu\/de\/wp-json\/wp\/v2\/product_tag?post=176042"}],"curies":[{"name":"wp","href":"https:\/\/api.w.org\/{rel}","templated":true}]}}