{"id":176267,"date":"2024-02-21T21:24:02","date_gmt":"2024-02-21T20:24:02","guid":{"rendered":"https:\/\/www.fabioferro.eu\/giovanni-raspini-quadrifoglio-ohrringe.html"},"modified":"2024-02-21T21:24:02","modified_gmt":"2024-02-21T20:24:02","slug":"giovanni-raspini-quadrifoglio-ohrringe","status":"publish","type":"product","link":"https:\/\/www.fabioferro.eu\/de\/giovanni-raspini-quadrifoglio-ohrringe.html","title":{"rendered":"Giovanni Raspini Quadrifoglio Ohrringe"},"content":{"rendered":"<p class=\"p1\">Ein Paar Ohrringe aus Sterlingsilber, ein Spiegelbild von Klasse und Goldschmiedekunst.<\/p>\n<p class=\"p1\">Jeder Ohrring wiegt 2 g und ist 1,2 cm hoch.<\/p>\n<p class=\"p1\">Das elegante und kompakte Kleeblattdesign verleiht ihm einen Hauch von zeitloser Raffinesse.<\/p>\n<p class=\"p1\">Ausgestattet mit einer Fliege als Verschluss, bieten sie idealen Komfort f\u00fcr jede Gelegenheit.<\/p>\n<p class=\"p1\">Vollst\u00e4ndig in Italien hergestellt, ein Synonym f\u00fcr Qualit\u00e4t und Goldschmiedetradition.<\/p>\n<p class=\"p1\">Wird in einer raffinierten Giovanni Raspini-Box geliefert, komplett mit Garantie.<\/p>\n","protected":false},"excerpt":{"rendered":"<p class=\"p1\">Ein raffiniertes Schmuckst\u00fcck, das jedem Look einen Hauch von Klasse verleiht.<\/p>\n","protected":false},"featured_media":175674,"comment_status":"open","ping_status":"closed","template":"","meta":[],"product_brand":[155],"product_cat":[7570],"product_tag":[],"class_list":{"0":"post-176267","1":"product","2":"type-product","3":"status-publish","4":"has-post-thumbnail","6":"product_brand-raspini","7":"product_cat-giovanni-raspini-ohrringe","9":"first","10":"instock","11":"sale","12":"taxable","13":"shipping-taxable","14":"purchasable","15":"product-type-simple"},"exclude_global_add_ons":[],"addons":[],"df_price":99,"df_sale_price":99,"df_regular_price":110,"df_image_link":"https:\/\/cdn02.fabioferro.eu\/wp-content\/uploads\/orecchini-giovanni-raspini-quadrifoglio.jpg","_links":{"self":[{"href":"https:\/\/www.fabioferro.eu\/de\/wp-json\/wp\/v2\/product\/176267","targetHints":{"allow":["GET"]}}],"collection":[{"href":"https:\/\/www.fabioferro.eu\/de\/wp-json\/wp\/v2\/product"}],"about":[{"href":"https:\/\/www.fabioferro.eu\/de\/wp-json\/wp\/v2\/types\/product"}],"replies":[{"embeddable":true,"href":"https:\/\/www.fabioferro.eu\/de\/wp-json\/wp\/v2\/comments?post=176267"}],"version-history":[{"count":0,"href":"https:\/\/www.fabioferro.eu\/de\/wp-json\/wp\/v2\/product\/176267\/revisions"}],"wp:featuredmedia":[{"embeddable":true,"href":"https:\/\/www.fabioferro.eu\/de\/wp-json\/wp\/v2\/media\/175674"}],"wp:attachment":[{"href":"https:\/\/www.fabioferro.eu\/de\/wp-json\/wp\/v2\/media?parent=176267"}],"wp:term":[{"taxonomy":"product_brand","embeddable":true,"href":"https:\/\/www.fabioferro.eu\/de\/wp-json\/wp\/v2\/product_brand?post=176267"},{"taxonomy":"product_cat","embeddable":true,"href":"https:\/\/www.fabioferro.eu\/de\/wp-json\/wp\/v2\/product_cat?post=176267"},{"taxonomy":"product_tag","embeddable":true,"href":"https:\/\/www.fabioferro.eu\/de\/wp-json\/wp\/v2\/product_tag?post=176267"}],"curies":[{"name":"wp","href":"https:\/\/api.w.org\/{rel}","templated":true}]}}