{"id":176282,"date":"2024-02-22T09:18:08","date_gmt":"2024-02-22T08:18:08","guid":{"rendered":"https:\/\/www.fabioferro.eu\/giovanni-raspini-ring-aus-korallengold.html"},"modified":"2024-02-22T09:18:08","modified_gmt":"2024-02-22T08:18:08","slug":"giovanni-raspini-ring-aus-korallengold","status":"publish","type":"product","link":"https:\/\/www.fabioferro.eu\/de\/giovanni-raspini-ring-aus-korallengold.html","title":{"rendered":"Giovanni Raspini Ring aus Korallengold"},"content":{"rendered":"<p class=\"p1\">Ring aus 925er Sterlingsilber mit exquisiter 18-kar\u00e4tiger Goldplattierung, inspiriert von der Form einer Koralle.<\/p>\n<p class=\"p1\">Jedes St\u00fcck ist ein wahres Meisterwerk der Handwerkskunst und wird von italienischen Kunsthandwerkern mit viel Geschick gefertigt.<\/p>\n<p class=\"p1\">Erh\u00e4ltlich in verschiedenen Gr\u00f6\u00dfen.<\/p>\n<p class=\"p1\">Verpackt in einem eleganten Etui und begleitet von einer offiziellen Giovanni Raspini-Garantie.<\/p>\n","protected":false},"excerpt":{"rendered":"<p class=\"p1\">Ein handgefertigtes Meisterwerk, das Luxus und Raffinesse ausdr\u00fcckt.<\/p>\n","protected":false},"featured_media":175704,"comment_status":"open","ping_status":"closed","template":"","meta":[],"product_brand":[155],"product_cat":[7572],"product_tag":[],"class_list":{"0":"post-176282","1":"product","2":"type-product","3":"status-publish","4":"has-post-thumbnail","6":"product_brand-raspini","7":"product_cat-ringe-giovanni-raspini","9":"first","10":"instock","11":"sale","12":"taxable","13":"shipping-taxable","14":"purchasable","15":"product-type-variable","16":"has-default-attributes"},"exclude_global_add_ons":[],"addons":[],"df_price":265.5,"df_sale_price":"","df_regular_price":265.5,"df_image_link":"https:\/\/cdn02.fabioferro.eu\/wp-content\/uploads\/anello-giovanni-raspini-coral-dorato-1.jpg","_links":{"self":[{"href":"https:\/\/www.fabioferro.eu\/de\/wp-json\/wp\/v2\/product\/176282","targetHints":{"allow":["GET"]}}],"collection":[{"href":"https:\/\/www.fabioferro.eu\/de\/wp-json\/wp\/v2\/product"}],"about":[{"href":"https:\/\/www.fabioferro.eu\/de\/wp-json\/wp\/v2\/types\/product"}],"replies":[{"embeddable":true,"href":"https:\/\/www.fabioferro.eu\/de\/wp-json\/wp\/v2\/comments?post=176282"}],"version-history":[{"count":0,"href":"https:\/\/www.fabioferro.eu\/de\/wp-json\/wp\/v2\/product\/176282\/revisions"}],"wp:featuredmedia":[{"embeddable":true,"href":"https:\/\/www.fabioferro.eu\/de\/wp-json\/wp\/v2\/media\/175704"}],"wp:attachment":[{"href":"https:\/\/www.fabioferro.eu\/de\/wp-json\/wp\/v2\/media?parent=176282"}],"wp:term":[{"taxonomy":"product_brand","embeddable":true,"href":"https:\/\/www.fabioferro.eu\/de\/wp-json\/wp\/v2\/product_brand?post=176282"},{"taxonomy":"product_cat","embeddable":true,"href":"https:\/\/www.fabioferro.eu\/de\/wp-json\/wp\/v2\/product_cat?post=176282"},{"taxonomy":"product_tag","embeddable":true,"href":"https:\/\/www.fabioferro.eu\/de\/wp-json\/wp\/v2\/product_tag?post=176282"}],"curies":[{"name":"wp","href":"https:\/\/api.w.org\/{rel}","templated":true}]}}