{"id":176312,"date":"2024-02-23T13:55:30","date_gmt":"2024-02-23T12:55:30","guid":{"rendered":"https:\/\/www.fabioferro.eu\/giovanni-raspini-armband-geflochtenes-leder.html"},"modified":"2024-02-23T13:55:30","modified_gmt":"2024-02-23T12:55:30","slug":"giovanni-raspini-armband-geflochtenes-leder","status":"publish","type":"product","link":"https:\/\/www.fabioferro.eu\/de\/giovanni-raspini-armband-geflochtenes-leder.html","title":{"rendered":"Giovanni Raspini Armband Geflochtenes Leder"},"content":{"rendered":"<p class=\"p1\">Armband aus 925er Sterlingsilber und schwarzem Leder, eine perfekte Kombination aus zeitloser Eleganz und modernem Design.<\/p>\n<p class=\"p1\"><span class=\"s1\">L\u00e4nge <\/span>in zwei Gr\u00f6\u00dfen erh\u00e4ltlich, 19 cm (M) und 21 cm (L), um eine ideale Passform zu gew\u00e4hrleisten.  <\/p>\n<p class=\"p1\">Ausgestattet mit einem federbelasteten Verschluss, der Praktikabilit\u00e4t und Sicherheit gew\u00e4hrleistet.<\/p>\n<p class=\"p1\">Handgefertigt in Italien, ein wahres Symbol f\u00fcr Made in Italy.<\/p>\n<p class=\"p1\">Elegant verpackt in einer offiziellen Giovanni Raspini Schachtel, komplett mit Garantie.<\/p>\n","protected":false},"excerpt":{"rendered":"<p class=\"p1\">Ein schlichtes, aber beeindruckendes Schmuckst\u00fcck von Giovanni Raspini.<\/p>\n","protected":false},"featured_media":175851,"comment_status":"open","ping_status":"closed","template":"","meta":[],"product_brand":[],"product_cat":[7597],"product_tag":[],"class_list":{"0":"post-176312","1":"product","2":"type-product","3":"status-publish","4":"has-post-thumbnail","6":"product_cat-armbander-giovanni-raspini-manner","8":"first","9":"instock","10":"sale","11":"taxable","12":"shipping-taxable","13":"purchasable","14":"product-type-variable","15":"has-default-attributes"},"exclude_global_add_ons":[],"addons":[],"df_price":126,"df_sale_price":"","df_regular_price":126,"df_image_link":"https:\/\/cdn02.fabioferro.eu\/wp-content\/uploads\/bracciale-giovanni-raspini-cuoio-intrecciato.jpg","_links":{"self":[{"href":"https:\/\/www.fabioferro.eu\/de\/wp-json\/wp\/v2\/product\/176312","targetHints":{"allow":["GET"]}}],"collection":[{"href":"https:\/\/www.fabioferro.eu\/de\/wp-json\/wp\/v2\/product"}],"about":[{"href":"https:\/\/www.fabioferro.eu\/de\/wp-json\/wp\/v2\/types\/product"}],"replies":[{"embeddable":true,"href":"https:\/\/www.fabioferro.eu\/de\/wp-json\/wp\/v2\/comments?post=176312"}],"version-history":[{"count":0,"href":"https:\/\/www.fabioferro.eu\/de\/wp-json\/wp\/v2\/product\/176312\/revisions"}],"wp:featuredmedia":[{"embeddable":true,"href":"https:\/\/www.fabioferro.eu\/de\/wp-json\/wp\/v2\/media\/175851"}],"wp:attachment":[{"href":"https:\/\/www.fabioferro.eu\/de\/wp-json\/wp\/v2\/media?parent=176312"}],"wp:term":[{"taxonomy":"product_brand","embeddable":true,"href":"https:\/\/www.fabioferro.eu\/de\/wp-json\/wp\/v2\/product_brand?post=176312"},{"taxonomy":"product_cat","embeddable":true,"href":"https:\/\/www.fabioferro.eu\/de\/wp-json\/wp\/v2\/product_cat?post=176312"},{"taxonomy":"product_tag","embeddable":true,"href":"https:\/\/www.fabioferro.eu\/de\/wp-json\/wp\/v2\/product_tag?post=176312"}],"curies":[{"name":"wp","href":"https:\/\/api.w.org\/{rel}","templated":true}]}}