{"id":176318,"date":"2024-02-24T22:09:17","date_gmt":"2024-02-24T21:09:17","guid":{"rendered":"https:\/\/www.fabioferro.eu\/charme-giovanni-raspini-mina-media.html"},"modified":"2025-06-26T16:42:57","modified_gmt":"2025-06-26T14:42:57","slug":"charme-giovanni-raspini-mina-media","status":"publish","type":"product","link":"https:\/\/www.fabioferro.eu\/de\/charme-giovanni-raspini-mina-media.html","title":{"rendered":"Charme Giovanni Raspini Mina Media"},"content":{"rendered":"<p class=\"p1\">925er Sterling Silber Anh\u00e4nger, ein Ausdruck von Eleganz und Raffinesse, der die italienische Goldschmiedetradition feiert.<\/p>\n<p class=\"p1\"><span class=\"s1\">Ma\u00dfe:<\/span> H\u00f6he 1,6 cm, ohne 0,9 cm Trikot.<\/p>\n<p class=\"p1\">Mit handwerklicher Pr\u00e4zision in Italien hergestellt, ein Zeichen f\u00fcr authentisches Made in Italy.<\/p>\n<p class=\"p1\">Pr\u00e4sentiert in einer exklusiven Giovanni Raspini-Box, begleitet von einer Garantie.<\/p>\n","protected":false},"excerpt":{"rendered":"<p class=\"p1\">Ein Symbol f\u00fcr St\u00e4rke und Macht, das einen Charme mit starkem und zeitlosem Charakter verk\u00f6rpert.<\/p>\n","protected":false},"featured_media":175904,"comment_status":"open","ping_status":"closed","template":"","meta":[],"product_brand":[155],"product_cat":[7576],"product_tag":[7442],"class_list":{"0":"post-176318","1":"product","2":"type-product","3":"status-publish","4":"has-post-thumbnail","6":"product_brand-raspini","7":"product_cat-giovanni-raspini-reize","8":"product_tag-verfugbar","10":"first","11":"instock","12":"sale","13":"taxable","14":"shipping-taxable","15":"purchasable","16":"product-type-simple"},"exclude_global_add_ons":[],"addons":[],"df_price":45,"df_sale_price":45,"df_regular_price":50,"df_image_link":"https:\/\/cdn02.fabioferro.eu\/wp-content\/uploads\/charm-giovanni-raspini-mina-media.jpg","_links":{"self":[{"href":"https:\/\/www.fabioferro.eu\/de\/wp-json\/wp\/v2\/product\/176318","targetHints":{"allow":["GET"]}}],"collection":[{"href":"https:\/\/www.fabioferro.eu\/de\/wp-json\/wp\/v2\/product"}],"about":[{"href":"https:\/\/www.fabioferro.eu\/de\/wp-json\/wp\/v2\/types\/product"}],"replies":[{"embeddable":true,"href":"https:\/\/www.fabioferro.eu\/de\/wp-json\/wp\/v2\/comments?post=176318"}],"version-history":[{"count":1,"href":"https:\/\/www.fabioferro.eu\/de\/wp-json\/wp\/v2\/product\/176318\/revisions"}],"predecessor-version":[{"id":186908,"href":"https:\/\/www.fabioferro.eu\/de\/wp-json\/wp\/v2\/product\/176318\/revisions\/186908"}],"wp:featuredmedia":[{"embeddable":true,"href":"https:\/\/www.fabioferro.eu\/de\/wp-json\/wp\/v2\/media\/175904"}],"wp:attachment":[{"href":"https:\/\/www.fabioferro.eu\/de\/wp-json\/wp\/v2\/media?parent=176318"}],"wp:term":[{"taxonomy":"product_brand","embeddable":true,"href":"https:\/\/www.fabioferro.eu\/de\/wp-json\/wp\/v2\/product_brand?post=176318"},{"taxonomy":"product_cat","embeddable":true,"href":"https:\/\/www.fabioferro.eu\/de\/wp-json\/wp\/v2\/product_cat?post=176318"},{"taxonomy":"product_tag","embeddable":true,"href":"https:\/\/www.fabioferro.eu\/de\/wp-json\/wp\/v2\/product_tag?post=176318"}],"curies":[{"name":"wp","href":"https:\/\/api.w.org\/{rel}","templated":true}]}}