{"id":176320,"date":"2024-02-24T22:12:25","date_gmt":"2024-02-24T21:12:25","guid":{"rendered":"https:\/\/www.fabioferro.eu\/giovanni-raspini-charme-kronen-siegel.html"},"modified":"2024-02-24T22:12:25","modified_gmt":"2024-02-24T21:12:25","slug":"giovanni-raspini-charme-kronen-siegel","status":"publish","type":"product","link":"https:\/\/www.fabioferro.eu\/de\/giovanni-raspini-charme-kronen-siegel.html","title":{"rendered":"Giovanni Raspini Charme Kronen-Siegel"},"content":{"rendered":"<p class=\"p1\">Charm aus 925er Silber, ein kostbares Detail, das die Eleganz und Qualit\u00e4t der italienischen Goldschmiedetradition zum Ausdruck bringt.<\/p>\n<p class=\"p1\"><span class=\"s1\">Abmessungen:<\/span> H\u00f6he 1,9 cm, ohne 0,9 cm Trikot.<\/p>\n<p class=\"p1\">Handgefertigt in Italien, ein authentischer Ausdruck von Made in Italy.<\/p>\n<p class=\"p1\">Raffiniert verpackt in der offiziellen Giovanni Raspini-Box, komplett mit Garantie.<\/p>\n","protected":false},"excerpt":{"rendered":"<p class=\"p1\">Ein Symbol des K\u00f6nigtums und der Macht, ein Sinnbild f\u00fcr zeitloses Prestige und Autorit\u00e4t.<\/p>\n","protected":false},"featured_media":175909,"comment_status":"open","ping_status":"closed","template":"","meta":[],"product_brand":[155],"product_cat":[7576],"product_tag":[],"class_list":{"0":"post-176320","1":"product","2":"type-product","3":"status-publish","4":"has-post-thumbnail","6":"product_brand-raspini","7":"product_cat-giovanni-raspini-reize","9":"first","10":"instock","11":"sale","12":"taxable","13":"shipping-taxable","14":"purchasable","15":"product-type-simple"},"exclude_global_add_ons":[],"addons":[],"df_price":49.5,"df_sale_price":49.5,"df_regular_price":55,"df_image_link":"https:\/\/cdn02.fabioferro.eu\/wp-content\/uploads\/charm-giovanni-raspini-sigillo-corona_1.jpg","_links":{"self":[{"href":"https:\/\/www.fabioferro.eu\/de\/wp-json\/wp\/v2\/product\/176320","targetHints":{"allow":["GET"]}}],"collection":[{"href":"https:\/\/www.fabioferro.eu\/de\/wp-json\/wp\/v2\/product"}],"about":[{"href":"https:\/\/www.fabioferro.eu\/de\/wp-json\/wp\/v2\/types\/product"}],"replies":[{"embeddable":true,"href":"https:\/\/www.fabioferro.eu\/de\/wp-json\/wp\/v2\/comments?post=176320"}],"version-history":[{"count":0,"href":"https:\/\/www.fabioferro.eu\/de\/wp-json\/wp\/v2\/product\/176320\/revisions"}],"wp:featuredmedia":[{"embeddable":true,"href":"https:\/\/www.fabioferro.eu\/de\/wp-json\/wp\/v2\/media\/175909"}],"wp:attachment":[{"href":"https:\/\/www.fabioferro.eu\/de\/wp-json\/wp\/v2\/media?parent=176320"}],"wp:term":[{"taxonomy":"product_brand","embeddable":true,"href":"https:\/\/www.fabioferro.eu\/de\/wp-json\/wp\/v2\/product_brand?post=176320"},{"taxonomy":"product_cat","embeddable":true,"href":"https:\/\/www.fabioferro.eu\/de\/wp-json\/wp\/v2\/product_cat?post=176320"},{"taxonomy":"product_tag","embeddable":true,"href":"https:\/\/www.fabioferro.eu\/de\/wp-json\/wp\/v2\/product_tag?post=176320"}],"curies":[{"name":"wp","href":"https:\/\/api.w.org\/{rel}","templated":true}]}}