{"id":176731,"date":"2025-02-28T17:12:59","date_gmt":"2025-02-28T16:12:59","guid":{"rendered":"https:\/\/www.fabioferro.eu\/.html?post_type=product&#038;p=176731"},"modified":"2025-05-15T09:40:48","modified_gmt":"2025-05-15T07:40:48","slug":"fabio-ferro-ring-5-diamanten-in-weisgold-101-karat-copia","status":"publish","type":"product","link":"https:\/\/www.fabioferro.eu\/de\/fabio-ferro-ring-5-diamanten-in-weisgold-101-karat-copia.html","title":{"rendered":"Fabio Ferro Ehering aus Wei\u00dfgold mit Diamanten"},"content":{"rendered":"<p>Fabio Ferro Ring aus 18 Karat Wei\u00dfgold mit einem Gewicht von 2,67 g, handgefertigt in unserer Goldschmiedewerkstatt.<\/p>\n<p>Das Schmuckst\u00fcck ist an der Oberseite mit 6 b\u00fcndigen Zacken besetzt, 5 Diamanten im Brillantschliff mit insgesamt 0,54 Karat.<\/p>\n<p>Der robuste Rahmen ist mit einer Lasergravur des Fabio Ferro i Gioielli-Logos und dem 0,54 Karat Karat auf der Innenseite versehen.<\/p>\n<p>Die Farbe der Diamanten ist F und die Reinheit VS1, Steine, die auch dank der Fassung und der Qualit\u00e4t der Verarbeitung ein immenses Licht ausstrahlen.<\/p>\n<p>Bitte verlassen Sie sich auf die Beschreibung f\u00fcr die tats\u00e4chlichen Eigenschaften des Juwels, das Foto ist nur zu Demonstrationszwecken.<\/p>\n<p>Ein Zertifikat, das Qualit\u00e4t und Originalit\u00e4t garantiert, liegt der f\u00fcr einen bestimmten Anlass verpackten Couvette bei.<\/p>\n<p><img decoding=\"async\" class=\"alignnone size-full wp-image-68675\" src=\"https:\/\/cdn02.fabioferro.eu\/wp-content\/uploads\/IGI-4cs-chart-IT-scaled.jpg\" alt=\"\" width=\"1864\" height=\"2560\" title=\"\" srcset=\"https:\/\/cdn02.fabioferro.eu\/wp-content\/uploads\/IGI-4cs-chart-IT-scaled.jpg 1864w, https:\/\/cdn02.fabioferro.eu\/wp-content\/uploads\/IGI-4cs-chart-IT-768x1055.jpg 768w, https:\/\/cdn02.fabioferro.eu\/wp-content\/uploads\/IGI-4cs-chart-IT-1119x1536.jpg 1119w, https:\/\/cdn02.fabioferro.eu\/wp-content\/uploads\/IGI-4cs-chart-IT-1491x2048.jpg 1491w, https:\/\/cdn02.fabioferro.eu\/wp-content\/uploads\/IGI-4cs-chart-IT-990x1359.jpg 990w, https:\/\/cdn02.fabioferro.eu\/wp-content\/uploads\/IGI-4cs-chart-IT-441x606.jpg 441w, https:\/\/cdn02.fabioferro.eu\/wp-content\/uploads\/IGI-4cs-chart-IT-600x824.jpg 600w, https:\/\/cdn02.fabioferro.eu\/wp-content\/uploads\/IGI-4cs-chart-IT-150x206.jpg 150w\" sizes=\"(max-width: 1864px) 100vw, 1864px\" \/><\/p>\n<p>&nbsp;<\/p>\n","protected":false},"excerpt":{"rendered":"<p>Eleganz und extreme Sch\u00f6nheit werden beim Tragen am Finger lebendig.<\/p>\n","protected":false},"featured_media":177560,"comment_status":"open","ping_status":"closed","template":"","meta":[],"product_brand":[152],"product_cat":[5934],"product_tag":[],"class_list":{"0":"post-176731","1":"product","2":"type-product","3":"status-publish","4":"has-post-thumbnail","6":"product_brand-fabio-ferro-i-gioielli","7":"product_cat-ringe","9":"first","10":"instock","11":"sale","12":"taxable","13":"shipping-taxable","14":"purchasable","15":"product-type-variable","16":"has-default-attributes"},"exclude_global_add_ons":[],"addons":[],"df_price":2050,"df_sale_price":"","df_regular_price":2050,"df_image_link":"https:\/\/cdn02.fabioferro.eu\/wp-content\/uploads\/anello-fabio-ferro-fedina-5-pietre-in-oro-bianco-ff1374-3.jpg","_links":{"self":[{"href":"https:\/\/www.fabioferro.eu\/de\/wp-json\/wp\/v2\/product\/176731","targetHints":{"allow":["GET"]}}],"collection":[{"href":"https:\/\/www.fabioferro.eu\/de\/wp-json\/wp\/v2\/product"}],"about":[{"href":"https:\/\/www.fabioferro.eu\/de\/wp-json\/wp\/v2\/types\/product"}],"replies":[{"embeddable":true,"href":"https:\/\/www.fabioferro.eu\/de\/wp-json\/wp\/v2\/comments?post=176731"}],"version-history":[{"count":0,"href":"https:\/\/www.fabioferro.eu\/de\/wp-json\/wp\/v2\/product\/176731\/revisions"}],"wp:featuredmedia":[{"embeddable":true,"href":"https:\/\/www.fabioferro.eu\/de\/wp-json\/wp\/v2\/media\/177560"}],"wp:attachment":[{"href":"https:\/\/www.fabioferro.eu\/de\/wp-json\/wp\/v2\/media?parent=176731"}],"wp:term":[{"taxonomy":"product_brand","embeddable":true,"href":"https:\/\/www.fabioferro.eu\/de\/wp-json\/wp\/v2\/product_brand?post=176731"},{"taxonomy":"product_cat","embeddable":true,"href":"https:\/\/www.fabioferro.eu\/de\/wp-json\/wp\/v2\/product_cat?post=176731"},{"taxonomy":"product_tag","embeddable":true,"href":"https:\/\/www.fabioferro.eu\/de\/wp-json\/wp\/v2\/product_tag?post=176731"}],"curies":[{"name":"wp","href":"https:\/\/api.w.org\/{rel}","templated":true}]}}