{"id":176856,"date":"2025-02-28T18:00:55","date_gmt":"2025-02-28T17:00:55","guid":{"rendered":"https:\/\/www.fabioferro.eu\/.html?post_type=product&#038;p=176856"},"modified":"2025-05-15T09:40:46","modified_gmt":"2025-05-15T07:40:46","slug":"fabio-ferro-verlobungsring-cup-modell-in-weisgold-mit-diamant-030-karat-copia","status":"publish","type":"product","link":"https:\/\/www.fabioferro.eu\/de\/fabio-ferro-verlobungsring-cup-modell-in-weisgold-mit-diamant-030-karat-copia.html","title":{"rendered":"Fabio Ferro Kleiner Kronen-Verlobungsring aus Wei\u00dfgold mit Diamanten"},"content":{"rendered":"<p>Verlobungsring, handgefertigt in unserer Goldschmiedewerkstatt, komplett aus 18 Karat Wei\u00dfgold.<\/p>\n<p>Dieser besondere Rahmen ist das Ergebnis einer \u00e4u\u00dferst sorgf\u00e4ltigen Auswahl, so dass er mit einer au\u00dfergew\u00f6hnlichen Verarbeitung und einer unvergleichlichen Qualit\u00e4t aufwarten kann. Das Besondere sind die vier Zacken, die den zentralen Diamanten anheben, und die Verarbeitung der L\u00fcnette.<\/p>\n<p>Der in der Mitte gefasste Diamant im runden Brillantschliff wiegt 0,20 Karat. Er unterscheidet sich in der Farbe F und der Reinheit VS1. <\/p>\n<p>Umrahmt von 0,10 Karat Diamanten der gleichen erlesenen Qualit\u00e4t.<\/p>\n<p>Das Schmuckst\u00fcck wiegt insgesamt 2,64 g, einschlie\u00dflich Stein.<\/p>\n<p>Das Logo &#8220;Fabio Ferro I Gioielli&#8221; und der Karat des Diamanten sind elegant auf der Innenseite des Schafts eingraviert.<\/p>\n<p>Bitte verlassen Sie sich auf die Beschreibung f\u00fcr die tats\u00e4chlichen Eigenschaften des Juwels, das Foto ist nur zu Demonstrationszwecken.<\/p>\n<p>Zusammen mit einer eleganten Geschenkbox und einem von Fabio Ferro unterzeichneten Garantie- und Qualit\u00e4tszertifikat.<\/p>\n<p>&nbsp;<\/p>\n","protected":false},"excerpt":{"rendered":"<p>Ein Schnittpunkt der Gef\u00fchle, der f\u00fcr immer ein Symbol der gro\u00dfen Liebe bleiben wird.<\/p>\n","protected":false},"featured_media":177579,"comment_status":"open","ping_status":"closed","template":"","meta":[],"product_brand":[152],"product_cat":[6021],"product_tag":[],"class_list":{"0":"post-176856","1":"product","2":"type-product","3":"status-publish","4":"has-post-thumbnail","6":"product_brand-fabio-ferro-i-gioielli","7":"product_cat-verlobungsringe","9":"first","10":"instock","11":"sale","12":"taxable","13":"shipping-taxable","14":"purchasable","15":"product-type-variable","16":"has-default-attributes"},"exclude_global_add_ons":[],"addons":[],"df_price":1690,"df_sale_price":"","df_regular_price":1690,"df_image_link":"https:\/\/cdn02.fabioferro.eu\/wp-content\/uploads\/anello-di-fidanzamento-fabio-ferro-pave-in-oro-bianco-con-diamanti-ff1362-3.jpg","_links":{"self":[{"href":"https:\/\/www.fabioferro.eu\/de\/wp-json\/wp\/v2\/product\/176856","targetHints":{"allow":["GET"]}}],"collection":[{"href":"https:\/\/www.fabioferro.eu\/de\/wp-json\/wp\/v2\/product"}],"about":[{"href":"https:\/\/www.fabioferro.eu\/de\/wp-json\/wp\/v2\/types\/product"}],"replies":[{"embeddable":true,"href":"https:\/\/www.fabioferro.eu\/de\/wp-json\/wp\/v2\/comments?post=176856"}],"version-history":[{"count":0,"href":"https:\/\/www.fabioferro.eu\/de\/wp-json\/wp\/v2\/product\/176856\/revisions"}],"wp:featuredmedia":[{"embeddable":true,"href":"https:\/\/www.fabioferro.eu\/de\/wp-json\/wp\/v2\/media\/177579"}],"wp:attachment":[{"href":"https:\/\/www.fabioferro.eu\/de\/wp-json\/wp\/v2\/media?parent=176856"}],"wp:term":[{"taxonomy":"product_brand","embeddable":true,"href":"https:\/\/www.fabioferro.eu\/de\/wp-json\/wp\/v2\/product_brand?post=176856"},{"taxonomy":"product_cat","embeddable":true,"href":"https:\/\/www.fabioferro.eu\/de\/wp-json\/wp\/v2\/product_cat?post=176856"},{"taxonomy":"product_tag","embeddable":true,"href":"https:\/\/www.fabioferro.eu\/de\/wp-json\/wp\/v2\/product_tag?post=176856"}],"curies":[{"name":"wp","href":"https:\/\/api.w.org\/{rel}","templated":true}]}}