{"id":179885,"date":"2025-03-12T11:28:57","date_gmt":"2025-03-12T10:28:57","guid":{"rendered":"https:\/\/www.fabioferro.eu\/fabio-ferro-smile-armband-aus-weissgold-mit-diamanten.html"},"modified":"2025-03-12T11:28:57","modified_gmt":"2025-03-12T10:28:57","slug":"fabio-ferro-smile-armband-aus-weissgold-mit-diamanten","status":"publish","type":"product","link":"https:\/\/www.fabioferro.eu\/de\/fabio-ferro-smile-armband-aus-weissgold-mit-diamanten.html","title":{"rendered":"Fabio Ferro Smile Armband aus Wei\u00dfgold mit Diamanten"},"content":{"rendered":"<p>Ein in unserer Goldschmiedewerkstatt handgefertigtes Armband aus 18-kar\u00e4tigem Wei\u00dfgold.<\/p>\n<p>Die L\u00e4nge betr\u00e4gt insgesamt 18 cm und ist dank der speziellen Ringe bis zu 15 cm verstellbar.<\/p>\n<p>Niedliche Fantasie in der Mitte, die das Herzst\u00fcck des Schmuckst\u00fccks umschlie\u00dft, in dem X Karat Diamanten gefasst sind.<\/p>\n<p>Farbe F und Reinheit VS1 der f\u00fcr dieses Schmuckst\u00fcck ausgew\u00e4hlten Steine.<\/p>\n<p>Begleitet von einer eleganten Schachtel und einer von Fabio Ferro I Gioielli unterzeichneten Qualit\u00e4tsgarantie.<\/p>\n<p><img decoding=\"async\" class=\"alignnone size-full wp-image-68675\" src=\"https:\/\/cdn02.fabioferro.eu\/wp-content\/uploads\/IGI-4cs-chart-IT-scaled.jpg\" alt=\"\" width=\"1864\" height=\"2560\" title=\"\" srcset=\"https:\/\/cdn02.fabioferro.eu\/wp-content\/uploads\/IGI-4cs-chart-IT-scaled.jpg 1864w, https:\/\/cdn02.fabioferro.eu\/wp-content\/uploads\/IGI-4cs-chart-IT-768x1055.jpg 768w, https:\/\/cdn02.fabioferro.eu\/wp-content\/uploads\/IGI-4cs-chart-IT-1119x1536.jpg 1119w, https:\/\/cdn02.fabioferro.eu\/wp-content\/uploads\/IGI-4cs-chart-IT-1491x2048.jpg 1491w, https:\/\/cdn02.fabioferro.eu\/wp-content\/uploads\/IGI-4cs-chart-IT-990x1359.jpg 990w, https:\/\/cdn02.fabioferro.eu\/wp-content\/uploads\/IGI-4cs-chart-IT-441x606.jpg 441w, https:\/\/cdn02.fabioferro.eu\/wp-content\/uploads\/IGI-4cs-chart-IT-600x824.jpg 600w, https:\/\/cdn02.fabioferro.eu\/wp-content\/uploads\/IGI-4cs-chart-IT-150x206.jpg 150w\" sizes=\"(max-width: 1864px) 100vw, 1864px\" \/><\/p>\n","protected":false},"excerpt":{"rendered":"<p>Ein elegantes, einzigartiges und vor allem kostbares Schmuckst\u00fcck.<\/p>\n","protected":false},"featured_media":179381,"comment_status":"open","ping_status":"closed","template":"","meta":[],"product_brand":[152],"product_cat":[6018],"product_tag":[],"class_list":{"0":"post-179885","1":"product","2":"type-product","3":"status-publish","4":"has-post-thumbnail","6":"product_brand-fabio-ferro-i-gioielli","7":"product_cat-armbander","9":"first","10":"instock","11":"sale","12":"taxable","13":"shipping-taxable","14":"purchasable","15":"product-type-simple"},"exclude_global_add_ons":[],"addons":[],"df_price":1280,"df_sale_price":1280,"df_regular_price":1600,"df_image_link":"https:\/\/cdn02.fabioferro.eu\/wp-content\/uploads\/bracciale-fabio-ferro-smile-in-oro-bianco-con-diamanti-e-smeraldi-ff1353.jpg","_links":{"self":[{"href":"https:\/\/www.fabioferro.eu\/de\/wp-json\/wp\/v2\/product\/179885","targetHints":{"allow":["GET"]}}],"collection":[{"href":"https:\/\/www.fabioferro.eu\/de\/wp-json\/wp\/v2\/product"}],"about":[{"href":"https:\/\/www.fabioferro.eu\/de\/wp-json\/wp\/v2\/types\/product"}],"replies":[{"embeddable":true,"href":"https:\/\/www.fabioferro.eu\/de\/wp-json\/wp\/v2\/comments?post=179885"}],"version-history":[{"count":0,"href":"https:\/\/www.fabioferro.eu\/de\/wp-json\/wp\/v2\/product\/179885\/revisions"}],"wp:featuredmedia":[{"embeddable":true,"href":"https:\/\/www.fabioferro.eu\/de\/wp-json\/wp\/v2\/media\/179381"}],"wp:attachment":[{"href":"https:\/\/www.fabioferro.eu\/de\/wp-json\/wp\/v2\/media?parent=179885"}],"wp:term":[{"taxonomy":"product_brand","embeddable":true,"href":"https:\/\/www.fabioferro.eu\/de\/wp-json\/wp\/v2\/product_brand?post=179885"},{"taxonomy":"product_cat","embeddable":true,"href":"https:\/\/www.fabioferro.eu\/de\/wp-json\/wp\/v2\/product_cat?post=179885"},{"taxonomy":"product_tag","embeddable":true,"href":"https:\/\/www.fabioferro.eu\/de\/wp-json\/wp\/v2\/product_tag?post=179885"}],"curies":[{"name":"wp","href":"https:\/\/api.w.org\/{rel}","templated":true}]}}