{"id":180368,"date":"2023-03-20T19:00:03","date_gmt":"2023-03-20T18:00:03","guid":{"rendered":"https:\/\/www.fabioferro.eu\/.html?post_type=product&#038;p=180368"},"modified":"2025-07-16T17:35:56","modified_gmt":"2025-07-16T15:35:56","slug":"hamilton-herrenuhr-american-classic-intra-matic-chrono-automatik-40-mm-copia-copia-copia","status":"publish","type":"product","link":"https:\/\/www.fabioferro.eu\/de\/hamilton-herrenuhr-american-classic-intra-matic-chrono-automatik-40-mm-copia-copia-copia.html","title":{"rendered":"Hamilton Intra-Matic American Classic 40mm H38446732"},"content":{"rendered":"<p>Hamilton H38446732 Intra-Matic Chrono Automatik Amerikanische Klassik.<\/p>\n<p>Mechanisches H-31 Automatikwerk Swiss Made. Das Uhrwerk H-31 ist ein leistungsstarkes Automatik-Chronographenwerk mit einer erh\u00f6hten Gangreserve von 60 Stunden, das den Anforderungen der sportlichsten Modelle gerecht wird. Das H-Motiv auf der Schwungmasse l\u00e4sst keinen Zweifel daran, wer dieses Uhrwerk hergestellt hat.<\/p>\n<p>Schwarzes PVD-Geh\u00e4use mit einem Durchmesser von 40 mm. Ger\u00e4ndelte PVD-Krone mit Hamilton-Logo, Pump-Chronokn\u00f6pfe aus Stahl. Der verschraubte PVD-Geh\u00e4useboden macht die Uhr wasserdicht bis 10 ATM. <\/p>\n<p>Schwarzes Zifferblatt mit gelben Z\u00e4hlern und Tachymeterl\u00fcnette. Stunden- und Minutenzeiger aus wei\u00dfem Metall, Chronozeiger aus schwarzem Metall in der Mitte. Datumsfeld bei 6 Uhr.<\/p>\n<p>Kratzfestes Saphirkristallglas.<\/p>\n<p>Sportliches schwarzes Lederarmband mit Dornschlie\u00dfe im Hamilton-Stil. 20,00 mm Schleifen.<\/p>\n<p>Die Uhr wird von einer personalisierten Box und einer zweij\u00e4hrigen Originalgarantie von Hamilton begleitet.<\/p>\n<p>Ein Zubeh\u00f6rteil zum Einstellen des Datums wird mitgeliefert.<\/p>\n<p>Inklusive Verpackung und offizieller Hamilton 2-Jahres-Garantie.<\/p>\n","protected":false},"excerpt":{"rendered":"<p>Hamilton H38446732, ein sportliches Modell, das Sie bei Ihren t\u00e4glichen Abenteuern begleiten wird.<\/p>\n","protected":false},"featured_media":180371,"comment_status":"open","ping_status":"closed","template":"","meta":[],"product_brand":[161],"product_cat":[5974],"product_tag":[],"class_list":{"0":"post-180368","1":"product","2":"type-product","3":"status-publish","4":"has-post-thumbnail","6":"product_brand-hamilton","7":"product_cat-hamilton-herrenuhren","8":"pa_collezione-hamilton-amerikanischer-klassiker","10":"first","11":"instock","12":"sale","13":"taxable","14":"shipping-taxable","15":"purchasable","16":"product-type-simple"},"exclude_global_add_ons":[],"addons":[],"df_price":2076,"df_sale_price":2076,"df_regular_price":2595,"df_image_link":"https:\/\/cdn02.fabioferro.eu\/wp-content\/uploads\/hamilton-intra-matic-chrono-arancione-H38446732-5.jpg","_links":{"self":[{"href":"https:\/\/www.fabioferro.eu\/de\/wp-json\/wp\/v2\/product\/180368","targetHints":{"allow":["GET"]}}],"collection":[{"href":"https:\/\/www.fabioferro.eu\/de\/wp-json\/wp\/v2\/product"}],"about":[{"href":"https:\/\/www.fabioferro.eu\/de\/wp-json\/wp\/v2\/types\/product"}],"replies":[{"embeddable":true,"href":"https:\/\/www.fabioferro.eu\/de\/wp-json\/wp\/v2\/comments?post=180368"}],"version-history":[{"count":1,"href":"https:\/\/www.fabioferro.eu\/de\/wp-json\/wp\/v2\/product\/180368\/revisions"}],"predecessor-version":[{"id":188878,"href":"https:\/\/www.fabioferro.eu\/de\/wp-json\/wp\/v2\/product\/180368\/revisions\/188878"}],"wp:featuredmedia":[{"embeddable":true,"href":"https:\/\/www.fabioferro.eu\/de\/wp-json\/wp\/v2\/media\/180371"}],"wp:attachment":[{"href":"https:\/\/www.fabioferro.eu\/de\/wp-json\/wp\/v2\/media?parent=180368"}],"wp:term":[{"taxonomy":"product_brand","embeddable":true,"href":"https:\/\/www.fabioferro.eu\/de\/wp-json\/wp\/v2\/product_brand?post=180368"},{"taxonomy":"product_cat","embeddable":true,"href":"https:\/\/www.fabioferro.eu\/de\/wp-json\/wp\/v2\/product_cat?post=180368"},{"taxonomy":"product_tag","embeddable":true,"href":"https:\/\/www.fabioferro.eu\/de\/wp-json\/wp\/v2\/product_tag?post=180368"}],"curies":[{"name":"wp","href":"https:\/\/api.w.org\/{rel}","templated":true}]}}