{"id":180804,"date":"2025-04-01T10:31:42","date_gmt":"2025-04-01T08:31:42","guid":{"rendered":"https:\/\/www.fabioferro.eu\/.html?post_type=product&#038;p=180804"},"modified":"2025-04-03T10:41:06","modified_gmt":"2025-04-03T08:41:06","slug":"hamilton-ventura-quarz-silber-323-x-503-mm-uhr-copia","status":"publish","type":"product","link":"https:\/\/www.fabioferro.eu\/de\/hamilton-ventura-quarz-silber-323-x-503-mm-uhr-copia.html","title":{"rendered":"Hamilton Ventura S Quarz H24211130"},"content":{"rendered":"<p>Hamilton Ventura S Quartz H24211130 mit Quarzwerk Kaliber F03.105. Ventura Collection, bekannt als die Uhr von Elvis.<\/p>\n<p>Das Geh\u00e4use ist aus Edelstahl und misst 24 x 36 mm. Die Dicke betr\u00e4gt 7,8 mm. Die Breite der Bandanst\u00f6\u00dfe betr\u00e4gt 13 mm.<\/p>\n<p>Wasserdicht bis zu 5 bar\/50 Meter.<\/p>\n<p>Spezielles schwarzes Zifferblatt mit versilberten Stundenmarkierungen und Zeigern, die einen Kontrast zum dunklen Hintergrund bilden.<\/p>\n<p>Geh\u00e4rtetes Mineralglas, widerstandsf\u00e4hig gegen St\u00f6\u00dfe und Schlieren.<\/p>\n<p>Edelstahlband, elastisch und verstellbar.<\/p>\n<p>Mit offizieller Hamilton-Verpackung und 2 Jahren Garantie.<\/p>\n","protected":false},"excerpt":{"rendered":"<p>Die Hamilton Ventura S Quartz H24211130 ist die erste elektrische Uhr der Welt in einem futuristischen und doch modernen Stil. Finden Sie es heraus!<\/p>\n","protected":false},"featured_media":180808,"comment_status":"open","ping_status":"closed","template":"","meta":[],"product_brand":[161],"product_cat":[5975],"product_tag":[],"class_list":{"0":"post-180804","1":"product","2":"type-product","3":"status-publish","4":"has-post-thumbnail","6":"product_brand-hamilton","7":"product_cat-hamilton-damenuhren","8":"pa_collezione-hamilton-ventura-de","10":"first","11":"instock","12":"sale","13":"taxable","14":"shipping-taxable","15":"purchasable","16":"product-type-simple"},"exclude_global_add_ons":[],"addons":[],"df_price":796,"df_sale_price":796,"df_regular_price":995,"df_image_link":"https:\/\/cdn02.fabioferro.eu\/wp-content\/uploads\/orologio-hamilton-ventura-s-quartz-nero-h24211130.jpg","_links":{"self":[{"href":"https:\/\/www.fabioferro.eu\/de\/wp-json\/wp\/v2\/product\/180804","targetHints":{"allow":["GET"]}}],"collection":[{"href":"https:\/\/www.fabioferro.eu\/de\/wp-json\/wp\/v2\/product"}],"about":[{"href":"https:\/\/www.fabioferro.eu\/de\/wp-json\/wp\/v2\/types\/product"}],"replies":[{"embeddable":true,"href":"https:\/\/www.fabioferro.eu\/de\/wp-json\/wp\/v2\/comments?post=180804"}],"version-history":[{"count":0,"href":"https:\/\/www.fabioferro.eu\/de\/wp-json\/wp\/v2\/product\/180804\/revisions"}],"wp:featuredmedia":[{"embeddable":true,"href":"https:\/\/www.fabioferro.eu\/de\/wp-json\/wp\/v2\/media\/180808"}],"wp:attachment":[{"href":"https:\/\/www.fabioferro.eu\/de\/wp-json\/wp\/v2\/media?parent=180804"}],"wp:term":[{"taxonomy":"product_brand","embeddable":true,"href":"https:\/\/www.fabioferro.eu\/de\/wp-json\/wp\/v2\/product_brand?post=180804"},{"taxonomy":"product_cat","embeddable":true,"href":"https:\/\/www.fabioferro.eu\/de\/wp-json\/wp\/v2\/product_cat?post=180804"},{"taxonomy":"product_tag","embeddable":true,"href":"https:\/\/www.fabioferro.eu\/de\/wp-json\/wp\/v2\/product_tag?post=180804"}],"curies":[{"name":"wp","href":"https:\/\/api.w.org\/{rel}","templated":true}]}}