{"id":181162,"date":"2025-04-02T09:52:45","date_gmt":"2025-04-02T07:52:45","guid":{"rendered":"https:\/\/www.fabioferro.eu\/.html?post_type=product&#038;p=181162"},"modified":"2026-01-09T16:15:52","modified_gmt":"2026-01-09T15:15:52","slug":"fope-flex-it-ring-essentials-kollektion-mit-barren-aus-gelbgold-copia","status":"publish","type":"product","link":"https:\/\/www.fabioferro.eu\/de\/fope-flex-it-ring-essentials-kollektion-mit-barren-aus-gelbgold-copia.html","title":{"rendered":"Fope Flex It Ring Essentials Kollektion mit Barren aus Wei\u00dfgold"},"content":{"rendered":"<p>Eleganter und unaufdringlicher handgefertigter Ring aus 18 Karat Gelb- und Wei\u00dfgold.<br \/>\nAuch in Ros\u00e9- und Wei\u00dfgold erh\u00e4ltlich.<span class=\"Apple-converted-space\"> <\/span><\/p>\n<p>Seine Maschen sind dank der kleinen goldenen Federn, die darin versteckt sind, vollkommen elastisch. Die patentierte Flex&#8217;it-Technologie von Fope.<span class=\"Apple-converted-space\"> <\/span>Die Abmessungen sind 4 mm dick und 6 mm breit.<span class=\"Apple-converted-space\"> <\/span><\/p>\n<p>In der Mitte l\u00f6st sich ein fester Gelbgoldbarren aus dem Gestrick. Das Fope-Zeichen ist darauf eingraviert.<span class=\"Apple-converted-space\"> <\/span><\/p>\n<p>Jedes Schmuckst\u00fcck wird einem Belastungstest mit 12.000 Z\u00fcgen unterzogen, um seine Qualit\u00e4t und Zuverl\u00e4ssigkeit zu beweisen, bevor es in den Handel kommt.<\/p>\n<p>Ring handgefertigt von Kunsthandwerkern aus Vicenza. Qualit\u00e4t Made in Italy.<\/p>\n<p>Mit einem eleganten Etui und internationaler Fope-Garantie.<\/p>\n<p><img decoding=\"async\" class=\"alignnone size-full wp-image-205376\" src=\"http:\/\/cdn02.fabioferro.eu\/wp-content\/uploads\/tabella-misure-anelli-completa-1.jpg\" alt=\"\" width=\"1900\" height=\"153\" title=\"\" srcset=\"https:\/\/cdn02.fabioferro.eu\/wp-content\/uploads\/tabella-misure-anelli-completa-1.jpg 1900w, https:\/\/cdn02.fabioferro.eu\/wp-content\/uploads\/tabella-misure-anelli-completa-1-768x62.jpg 768w, https:\/\/cdn02.fabioferro.eu\/wp-content\/uploads\/tabella-misure-anelli-completa-1-1536x124.jpg 1536w, https:\/\/cdn02.fabioferro.eu\/wp-content\/uploads\/tabella-misure-anelli-completa-1-990x80.jpg 990w, https:\/\/cdn02.fabioferro.eu\/wp-content\/uploads\/tabella-misure-anelli-completa-1-441x36.jpg 441w, https:\/\/cdn02.fabioferro.eu\/wp-content\/uploads\/tabella-misure-anelli-completa-1-600x48.jpg 600w, https:\/\/cdn02.fabioferro.eu\/wp-content\/uploads\/tabella-misure-anelli-completa-1-150x12.jpg 150w\" sizes=\"(max-width: 1900px) 100vw, 1900px\" \/> <img decoding=\"async\" class=\"alignnone size-full wp-image-205373\" src=\"http:\/\/cdn02.fabioferro.eu\/wp-content\/uploads\/tabella-misure-anelli-standard-no-flexit-1.jpg\" alt=\"\" width=\"1266\" height=\"723\" title=\"\" srcset=\"https:\/\/cdn02.fabioferro.eu\/wp-content\/uploads\/tabella-misure-anelli-standard-no-flexit-1.jpg 1266w, https:\/\/cdn02.fabioferro.eu\/wp-content\/uploads\/tabella-misure-anelli-standard-no-flexit-1-768x439.jpg 768w, https:\/\/cdn02.fabioferro.eu\/wp-content\/uploads\/tabella-misure-anelli-standard-no-flexit-1-990x565.jpg 990w, https:\/\/cdn02.fabioferro.eu\/wp-content\/uploads\/tabella-misure-anelli-standard-no-flexit-1-441x252.jpg 441w, https:\/\/cdn02.fabioferro.eu\/wp-content\/uploads\/tabella-misure-anelli-standard-no-flexit-1-600x343.jpg 600w, https:\/\/cdn02.fabioferro.eu\/wp-content\/uploads\/tabella-misure-anelli-standard-no-flexit-1-150x86.jpg 150w\" sizes=\"(max-width: 1266px) 100vw, 1266px\" \/><\/p>\n","protected":false},"excerpt":{"rendered":"<p>Kostbarer Ring aus Gelbgold, geschaffen von den geschickten H\u00e4nden der Fope-Handwerker. N\u00fcchternheit und Eleganz f\u00fcr ein Schmuckst\u00fcck, das dank der Flex&#8217;It-Technologie leicht zu tragen ist.<\/p>\n","protected":false},"featured_media":181180,"comment_status":"open","ping_status":"closed","template":"","meta":[],"product_brand":[154],"product_cat":[6139],"product_tag":[],"class_list":{"0":"post-181162","1":"product","2":"type-product","3":"status-publish","4":"has-post-thumbnail","6":"product_brand-fope","7":"product_cat-fope-ringe","9":"first","10":"instock","11":"taxable","12":"shipping-taxable","13":"purchasable","14":"product-type-variable","15":"has-default-attributes"},"exclude_global_add_ons":[],"addons":[],"df_price":2130,"df_sale_price":"","df_regular_price":2130,"df_image_link":"https:\/\/cdn02.fabioferro.eu\/wp-content\/uploads\/anello-fope-essentials-in-oro-giallo-e-bianco-55902ax_xx_g_xbx.jpg","_links":{"self":[{"href":"https:\/\/www.fabioferro.eu\/de\/wp-json\/wp\/v2\/product\/181162","targetHints":{"allow":["GET"]}}],"collection":[{"href":"https:\/\/www.fabioferro.eu\/de\/wp-json\/wp\/v2\/product"}],"about":[{"href":"https:\/\/www.fabioferro.eu\/de\/wp-json\/wp\/v2\/types\/product"}],"replies":[{"embeddable":true,"href":"https:\/\/www.fabioferro.eu\/de\/wp-json\/wp\/v2\/comments?post=181162"}],"version-history":[{"count":2,"href":"https:\/\/www.fabioferro.eu\/de\/wp-json\/wp\/v2\/product\/181162\/revisions"}],"predecessor-version":[{"id":206151,"href":"https:\/\/www.fabioferro.eu\/de\/wp-json\/wp\/v2\/product\/181162\/revisions\/206151"}],"wp:featuredmedia":[{"embeddable":true,"href":"https:\/\/www.fabioferro.eu\/de\/wp-json\/wp\/v2\/media\/181180"}],"wp:attachment":[{"href":"https:\/\/www.fabioferro.eu\/de\/wp-json\/wp\/v2\/media?parent=181162"}],"wp:term":[{"taxonomy":"product_brand","embeddable":true,"href":"https:\/\/www.fabioferro.eu\/de\/wp-json\/wp\/v2\/product_brand?post=181162"},{"taxonomy":"product_cat","embeddable":true,"href":"https:\/\/www.fabioferro.eu\/de\/wp-json\/wp\/v2\/product_cat?post=181162"},{"taxonomy":"product_tag","embeddable":true,"href":"https:\/\/www.fabioferro.eu\/de\/wp-json\/wp\/v2\/product_tag?post=181162"}],"curies":[{"name":"wp","href":"https:\/\/api.w.org\/{rel}","templated":true}]}}