{"id":183157,"date":"2025-05-02T09:24:33","date_gmt":"2025-05-02T07:24:33","guid":{"rendered":"https:\/\/www.fabioferro.eu\/festina-swiss-made-grau-stahl-quarzuhr-42-5-mm.html"},"modified":"2025-09-09T07:58:11","modified_gmt":"2025-09-09T05:58:11","slug":"festina-swiss-made-grau-stahl-quarzuhr-42-5-mm","status":"publish","type":"product","link":"https:\/\/www.fabioferro.eu\/de\/festina-swiss-made-grau-stahl-quarzuhr-42-5-mm.html","title":{"rendered":"Festina Swiss Made Grau Stahl Quarzuhr 42.5 mm"},"content":{"rendered":"<p class=\"p1\">Rundes Geh\u00e4use aus 316L-Edelstahl, 42,5 mm und 12 mm dick.<\/p>\n<p class=\"p1\">Detailreiches graues Zifferblatt, gesch\u00fctzt durch kratzfestes Saphirglas, mit sechs Zeigern und Chronographenfunktion.<\/p>\n<p class=\"p1\">Ronda 5030D Schweizer Quarzwerk, batteriebetriebener SR927SW.<\/p>\n<p class=\"p1\">25,7 mm, graues 316L-Edelstahlarmband mit verdeckter Schlie\u00dfe f\u00fcr einen einheitlichen Look.<\/p>\n<p class=\"p1\">Wasserdicht bis zu 10 ATM, auch f\u00fcr allt\u00e4gliche Wasseraktivit\u00e4ten geeignet.<\/p>\n<p class=\"p1\">Inklusive Originalverpackung von Festina.<\/p>\n","protected":false},"excerpt":{"rendered":"<p class=\"p1\">Ein Accessoire, das auff\u00e4llt, ohne jemals zu \u00fcbertreiben.<\/p>\n","protected":false},"featured_media":183074,"comment_status":"open","ping_status":"closed","template":"","meta":[],"product_brand":[171],"product_cat":[5998],"product_tag":[7442],"class_list":{"0":"post-183157","1":"product","2":"type-product","3":"status-publish","4":"has-post-thumbnail","6":"product_brand-festina","7":"product_cat-festina-herrenuhren","8":"product_tag-verfugbar","10":"first","11":"instock","12":"sale","13":"taxable","14":"shipping-taxable","15":"purchasable","16":"product-type-simple"},"exclude_global_add_ons":[],"addons":[],"df_price":319.2,"df_sale_price":319.2,"df_regular_price":399,"df_image_link":"https:\/\/cdn02.fabioferro.eu\/wp-content\/uploads\/orologio-festina-swiss-made-grigio-acciaio-quartz-425-mm.jpg","_links":{"self":[{"href":"https:\/\/www.fabioferro.eu\/de\/wp-json\/wp\/v2\/product\/183157","targetHints":{"allow":["GET"]}}],"collection":[{"href":"https:\/\/www.fabioferro.eu\/de\/wp-json\/wp\/v2\/product"}],"about":[{"href":"https:\/\/www.fabioferro.eu\/de\/wp-json\/wp\/v2\/types\/product"}],"replies":[{"embeddable":true,"href":"https:\/\/www.fabioferro.eu\/de\/wp-json\/wp\/v2\/comments?post=183157"}],"version-history":[{"count":1,"href":"https:\/\/www.fabioferro.eu\/de\/wp-json\/wp\/v2\/product\/183157\/revisions"}],"predecessor-version":[{"id":195536,"href":"https:\/\/www.fabioferro.eu\/de\/wp-json\/wp\/v2\/product\/183157\/revisions\/195536"}],"wp:featuredmedia":[{"embeddable":true,"href":"https:\/\/www.fabioferro.eu\/de\/wp-json\/wp\/v2\/media\/183074"}],"wp:attachment":[{"href":"https:\/\/www.fabioferro.eu\/de\/wp-json\/wp\/v2\/media?parent=183157"}],"wp:term":[{"taxonomy":"product_brand","embeddable":true,"href":"https:\/\/www.fabioferro.eu\/de\/wp-json\/wp\/v2\/product_brand?post=183157"},{"taxonomy":"product_cat","embeddable":true,"href":"https:\/\/www.fabioferro.eu\/de\/wp-json\/wp\/v2\/product_cat?post=183157"},{"taxonomy":"product_tag","embeddable":true,"href":"https:\/\/www.fabioferro.eu\/de\/wp-json\/wp\/v2\/product_tag?post=183157"}],"curies":[{"name":"wp","href":"https:\/\/api.w.org\/{rel}","templated":true}]}}