{"id":183169,"date":"2025-05-02T09:24:42","date_gmt":"2025-05-02T07:24:42","guid":{"rendered":"https:\/\/www.fabioferro.eu\/festina-swiss-made-green-steel-quarz-32-mm-uhr.html"},"modified":"2025-09-09T07:57:49","modified_gmt":"2025-09-09T05:57:49","slug":"festina-swiss-made-green-steel-quarz-32-mm-uhr","status":"publish","type":"product","link":"https:\/\/www.fabioferro.eu\/de\/festina-swiss-made-green-steel-quarz-32-mm-uhr.html","title":{"rendered":"Festina Swiss Made Green Steel Quarz 32 mm Uhr"},"content":{"rendered":"<p class=\"p1\">Eine Festina-Uhr mit essentiellem Design, mit einem runden 32 mm Geh\u00e4use aus 316L-Edelstahl und einem schlanken Profil von 7,3 mm.<\/p>\n<p class=\"p1\">Raffiniertes gr\u00fcnes Zifferblatt, gesch\u00fctzt durch kratzfestes Saphirglas, mit zwei Zeigern f\u00fcr ein sauberes Ablesen von Stunden und Minuten.<\/p>\n<p class=\"p1\">Ronda 762 Schweizer Quarzwerk, zuverl\u00e4ssig und kompakt, batteriebetriebenes SR621SW.<\/p>\n<p class=\"p1\">Graues 316L-Edelstahlarmband, 13,95 mm breit, mit diskret aussehender Druckknopfschlie\u00dfe.<\/p>\n<p class=\"p1\">Wasserdicht bis zu 5 ATM.<\/p>\n<p class=\"p1\">Inklusive Originalverpackung von Festina.<\/p>\n","protected":false},"excerpt":{"rendered":"<p class=\"p1\">Eine Uhr mit n\u00fcchternem Design f\u00fcr alle, die Diskretion lieben.<\/p>\n","protected":false},"featured_media":183057,"comment_status":"open","ping_status":"closed","template":"","meta":[],"product_brand":[171],"product_cat":[5976],"product_tag":[7442],"class_list":{"0":"post-183169","1":"product","2":"type-product","3":"status-publish","4":"has-post-thumbnail","6":"product_brand-festina","7":"product_cat-festina-damenuhren","8":"product_tag-verfugbar","10":"first","11":"instock","12":"sale","13":"taxable","14":"shipping-taxable","15":"purchasable","16":"product-type-simple"},"exclude_global_add_ons":[],"addons":[],"df_price":127.2,"df_sale_price":127.2,"df_regular_price":159,"df_image_link":"https:\/\/cdn02.fabioferro.eu\/wp-content\/uploads\/orologio-festina-swiss-made-verde-acciaio-quartz-32-mm.jpg","_links":{"self":[{"href":"https:\/\/www.fabioferro.eu\/de\/wp-json\/wp\/v2\/product\/183169","targetHints":{"allow":["GET"]}}],"collection":[{"href":"https:\/\/www.fabioferro.eu\/de\/wp-json\/wp\/v2\/product"}],"about":[{"href":"https:\/\/www.fabioferro.eu\/de\/wp-json\/wp\/v2\/types\/product"}],"replies":[{"embeddable":true,"href":"https:\/\/www.fabioferro.eu\/de\/wp-json\/wp\/v2\/comments?post=183169"}],"version-history":[{"count":1,"href":"https:\/\/www.fabioferro.eu\/de\/wp-json\/wp\/v2\/product\/183169\/revisions"}],"predecessor-version":[{"id":195511,"href":"https:\/\/www.fabioferro.eu\/de\/wp-json\/wp\/v2\/product\/183169\/revisions\/195511"}],"wp:featuredmedia":[{"embeddable":true,"href":"https:\/\/www.fabioferro.eu\/de\/wp-json\/wp\/v2\/media\/183057"}],"wp:attachment":[{"href":"https:\/\/www.fabioferro.eu\/de\/wp-json\/wp\/v2\/media?parent=183169"}],"wp:term":[{"taxonomy":"product_brand","embeddable":true,"href":"https:\/\/www.fabioferro.eu\/de\/wp-json\/wp\/v2\/product_brand?post=183169"},{"taxonomy":"product_cat","embeddable":true,"href":"https:\/\/www.fabioferro.eu\/de\/wp-json\/wp\/v2\/product_cat?post=183169"},{"taxonomy":"product_tag","embeddable":true,"href":"https:\/\/www.fabioferro.eu\/de\/wp-json\/wp\/v2\/product_tag?post=183169"}],"curies":[{"name":"wp","href":"https:\/\/api.w.org\/{rel}","templated":true}]}}