{"id":183172,"date":"2025-05-02T09:24:27","date_gmt":"2025-05-02T07:24:27","guid":{"rendered":"https:\/\/www.fabioferro.eu\/festina-chrono-bike-grau-stahl-quarz-45-5-mm-uhr.html"},"modified":"2025-05-02T09:24:27","modified_gmt":"2025-05-02T07:24:27","slug":"festina-chrono-bike-grau-stahl-quarz-45-5-mm-uhr","status":"publish","type":"product","link":"https:\/\/www.fabioferro.eu\/de\/festina-chrono-bike-grau-stahl-quarz-45-5-mm-uhr.html","title":{"rendered":"Festina Chrono Bike Grau Stahl Quarz 45.5 mm Uhr"},"content":{"rendered":"<p class=\"p1\">Sportliche Uhr mit einem 45,5 mm gro\u00dfen, runden Geh\u00e4use aus 316L-Edelstahl, 14,4 mm dick und doppelseitigem Dr\u00fccker.<\/p>\n<p class=\"p1\">Graues Zifferblatt mit sechs Zeigern, gesch\u00fctzt durch widerstandsf\u00e4higes Mineralglas. Chronographenfunktion und integrierte Datumsanzeige. <\/p>\n<p class=\"p1\">Japanisches Miyota 0S20 Quarzwerk, batteriebetriebener SR927SW.<\/p>\n<p class=\"p1\">21,95 mm graues 316L-Stahlarmband mit Faltschlie\u00dfe, solide und angenehm am Handgelenk zu tragen.<\/p>\n<p class=\"p1\">Wasserdicht bis zu 20 ATM, ideal auch f\u00fcr den Wassersport.<\/p>\n<p class=\"p1\">Inklusive Originalverpackung.<\/p>\n","protected":false},"excerpt":{"rendered":"<p class=\"p1\">Ein Zeitmesser, der jeden Moment mit Diskretion aufwertet.<\/p>\n","protected":false},"featured_media":183092,"comment_status":"open","ping_status":"closed","template":"","meta":[],"product_brand":[],"product_cat":[5998],"product_tag":[7442],"class_list":{"0":"post-183172","1":"product","2":"type-product","3":"status-publish","4":"has-post-thumbnail","6":"product_cat-festina-herrenuhren","7":"product_tag-verfugbar","9":"first","10":"instock","11":"sale","12":"featured","13":"taxable","14":"shipping-taxable","15":"purchasable","16":"product-type-simple"},"exclude_global_add_ons":[],"addons":[],"df_price":180,"df_sale_price":180,"df_regular_price":225,"df_image_link":"https:\/\/cdn02.fabioferro.eu\/wp-content\/uploads\/orologio-festina-chrono-bike-grigio-acciaio-quartz-455-mm.jpg","_links":{"self":[{"href":"https:\/\/www.fabioferro.eu\/de\/wp-json\/wp\/v2\/product\/183172","targetHints":{"allow":["GET"]}}],"collection":[{"href":"https:\/\/www.fabioferro.eu\/de\/wp-json\/wp\/v2\/product"}],"about":[{"href":"https:\/\/www.fabioferro.eu\/de\/wp-json\/wp\/v2\/types\/product"}],"replies":[{"embeddable":true,"href":"https:\/\/www.fabioferro.eu\/de\/wp-json\/wp\/v2\/comments?post=183172"}],"version-history":[{"count":0,"href":"https:\/\/www.fabioferro.eu\/de\/wp-json\/wp\/v2\/product\/183172\/revisions"}],"wp:featuredmedia":[{"embeddable":true,"href":"https:\/\/www.fabioferro.eu\/de\/wp-json\/wp\/v2\/media\/183092"}],"wp:attachment":[{"href":"https:\/\/www.fabioferro.eu\/de\/wp-json\/wp\/v2\/media?parent=183172"}],"wp:term":[{"taxonomy":"product_brand","embeddable":true,"href":"https:\/\/www.fabioferro.eu\/de\/wp-json\/wp\/v2\/product_brand?post=183172"},{"taxonomy":"product_cat","embeddable":true,"href":"https:\/\/www.fabioferro.eu\/de\/wp-json\/wp\/v2\/product_cat?post=183172"},{"taxonomy":"product_tag","embeddable":true,"href":"https:\/\/www.fabioferro.eu\/de\/wp-json\/wp\/v2\/product_tag?post=183172"}],"curies":[{"name":"wp","href":"https:\/\/api.w.org\/{rel}","templated":true}]}}