{"id":183213,"date":"2025-04-30T09:27:59","date_gmt":"2025-04-30T07:27:59","guid":{"rendered":"https:\/\/www.fabioferro.eu\/festina-the-originals-hellblau-gummi-quarzuhr-45-7-mm.html"},"modified":"2025-04-30T09:27:59","modified_gmt":"2025-04-30T07:27:59","slug":"festina-the-originals-hellblau-gummi-quarzuhr-45-7-mm","status":"publish","type":"product","link":"https:\/\/www.fabioferro.eu\/de\/festina-the-originals-hellblau-gummi-quarzuhr-45-7-mm.html","title":{"rendered":"Festina The Originals Hellblau Gummi Quarzuhr 45.7 mm"},"content":{"rendered":"<p class=\"p1\">Rundes Geh\u00e4use aus 316L-Edelstahl mit einem Durchmesser von 45,7 mm und einer Dicke von 14,1 mm, das auf Robustheit und Langlebigkeit ausgelegt ist.<\/p>\n<p class=\"p1\">Wasserdicht bis zu 20 ATM\/200 Meter.<\/p>\n<p class=\"p1\">Hellblaues Zifferblatt mit drei Zeigern, gesch\u00fctzt durch Saphirglas, das einen hervorragenden Schutz gew\u00e4hrleistet.<\/p>\n<p class=\"p1\">28,85 mm blaues Kautschukarmband mit Schnallenverschluss f\u00fcr einen bequemen Sitz.<\/p>\n<p class=\"p1\">Japanisches Miyota 2115 Quarzwerk, batteriebetriebenes SR626SW, mit Stunden, Minuten und Kalenderfunktion.<\/p>\n<p class=\"p1\">Inklusive offizieller Verpackung und Garantie.<\/p>\n","protected":false},"excerpt":{"rendered":"<p class=\"p1\">Ein Accessoire, das Sch\u00f6nheit und Zweckm\u00e4\u00dfigkeit auf einzigartige Weise verbindet.<\/p>\n","protected":false},"featured_media":182955,"comment_status":"open","ping_status":"closed","template":"","meta":[],"product_brand":[171],"product_cat":[5998],"product_tag":[7442],"class_list":{"0":"post-183213","1":"product","2":"type-product","3":"status-publish","4":"has-post-thumbnail","6":"product_brand-festina","7":"product_cat-festina-herrenuhren","8":"product_tag-verfugbar","10":"first","11":"instock","12":"sale","13":"taxable","14":"shipping-taxable","15":"purchasable","16":"product-type-simple"},"exclude_global_add_ons":[],"addons":[],"df_price":119.2,"df_sale_price":119.2,"df_regular_price":149,"df_image_link":"https:\/\/cdn02.fabioferro.eu\/wp-content\/uploads\/orologio-festina-the-originals-azzurro-gomma-quartz-457-mm.jpg","_links":{"self":[{"href":"https:\/\/www.fabioferro.eu\/de\/wp-json\/wp\/v2\/product\/183213","targetHints":{"allow":["GET"]}}],"collection":[{"href":"https:\/\/www.fabioferro.eu\/de\/wp-json\/wp\/v2\/product"}],"about":[{"href":"https:\/\/www.fabioferro.eu\/de\/wp-json\/wp\/v2\/types\/product"}],"replies":[{"embeddable":true,"href":"https:\/\/www.fabioferro.eu\/de\/wp-json\/wp\/v2\/comments?post=183213"}],"version-history":[{"count":0,"href":"https:\/\/www.fabioferro.eu\/de\/wp-json\/wp\/v2\/product\/183213\/revisions"}],"wp:featuredmedia":[{"embeddable":true,"href":"https:\/\/www.fabioferro.eu\/de\/wp-json\/wp\/v2\/media\/182955"}],"wp:attachment":[{"href":"https:\/\/www.fabioferro.eu\/de\/wp-json\/wp\/v2\/media?parent=183213"}],"wp:term":[{"taxonomy":"product_brand","embeddable":true,"href":"https:\/\/www.fabioferro.eu\/de\/wp-json\/wp\/v2\/product_brand?post=183213"},{"taxonomy":"product_cat","embeddable":true,"href":"https:\/\/www.fabioferro.eu\/de\/wp-json\/wp\/v2\/product_cat?post=183213"},{"taxonomy":"product_tag","embeddable":true,"href":"https:\/\/www.fabioferro.eu\/de\/wp-json\/wp\/v2\/product_tag?post=183213"}],"curies":[{"name":"wp","href":"https:\/\/api.w.org\/{rel}","templated":true}]}}