{"id":183214,"date":"2025-04-30T09:27:58","date_gmt":"2025-04-30T07:27:58","guid":{"rendered":"https:\/\/www.fabioferro.eu\/festina-timeless-chronograph-weiss-stahl-quarz-44-5-mm-uhr.html"},"modified":"2026-05-11T17:16:33","modified_gmt":"2026-05-11T15:16:33","slug":"festina-timeless-chronograph-weiss-stahl-quarz-44-5-mm-uhr","status":"publish","type":"product","link":"https:\/\/www.fabioferro.eu\/de\/festina-timeless-chronograph-weiss-stahl-quarz-44-5-mm-uhr.html","title":{"rendered":"Festina Timeless Chronograph Wei\u00df Stahl Quarz 44.5 mm Uhr"},"content":{"rendered":"<p class=\"p1\">Rundes Geh\u00e4use aus 316L-Edelstahl mit einem Durchmesser von 44,5 mm und einer Dicke von 12,6 mm.<\/p>\n<p class=\"p1\">Wasserdicht bis zu 10 ATM\/100 Meter.<\/p>\n<p class=\"p1\">Wei\u00dfes Zifferblatt mit sechs Zeigern, gesch\u00fctzt durch widerstandsf\u00e4higes Mineralglas.<\/p>\n<p class=\"p1\">24,8 mm graues 316L-Edelstahlarmband mit Faltschlie\u00dfe.<\/p>\n<p class=\"p1\">Japanisches Quarzwerk Miyota JS25, batteriebetriebenes SR621SW, mit Chronographen- und Kalenderfunktion.<\/p>\n<p class=\"p1\">Inklusive offizieller Verpackung und Garantie.<\/p>\n","protected":false},"excerpt":{"rendered":"<p class=\"p1\">Ein diskreter Zeitmesser f\u00fcr alle, die zeitloses Design sch\u00e4tzen.<\/p>\n","protected":false},"featured_media":182960,"comment_status":"open","ping_status":"closed","template":"","meta":[],"product_brand":[],"product_cat":[5998],"product_tag":[7442],"class_list":{"0":"post-183214","1":"product","2":"type-product","3":"status-publish","4":"has-post-thumbnail","6":"product_cat-festina-herrenuhren","7":"product_tag-verfugbar","9":"first","10":"instock","11":"sale","12":"taxable","13":"shipping-taxable","14":"purchasable","15":"product-type-simple"},"exclude_global_add_ons":[],"addons":[],"df_price":119.2,"df_sale_price":119.2,"df_regular_price":149,"df_image_link":"https:\/\/cdn02.fabioferro.eu\/wp-content\/uploads\/orologio-festina-timeless-chronograph-bianco-acciaio-quartz-445-mm.jpg","_links":{"self":[{"href":"https:\/\/www.fabioferro.eu\/de\/wp-json\/wp\/v2\/product\/183214","targetHints":{"allow":["GET"]}}],"collection":[{"href":"https:\/\/www.fabioferro.eu\/de\/wp-json\/wp\/v2\/product"}],"about":[{"href":"https:\/\/www.fabioferro.eu\/de\/wp-json\/wp\/v2\/types\/product"}],"replies":[{"embeddable":true,"href":"https:\/\/www.fabioferro.eu\/de\/wp-json\/wp\/v2\/comments?post=183214"}],"version-history":[{"count":1,"href":"https:\/\/www.fabioferro.eu\/de\/wp-json\/wp\/v2\/product\/183214\/revisions"}],"predecessor-version":[{"id":219880,"href":"https:\/\/www.fabioferro.eu\/de\/wp-json\/wp\/v2\/product\/183214\/revisions\/219880"}],"wp:featuredmedia":[{"embeddable":true,"href":"https:\/\/www.fabioferro.eu\/de\/wp-json\/wp\/v2\/media\/182960"}],"wp:attachment":[{"href":"https:\/\/www.fabioferro.eu\/de\/wp-json\/wp\/v2\/media?parent=183214"}],"wp:term":[{"taxonomy":"product_brand","embeddable":true,"href":"https:\/\/www.fabioferro.eu\/de\/wp-json\/wp\/v2\/product_brand?post=183214"},{"taxonomy":"product_cat","embeddable":true,"href":"https:\/\/www.fabioferro.eu\/de\/wp-json\/wp\/v2\/product_cat?post=183214"},{"taxonomy":"product_tag","embeddable":true,"href":"https:\/\/www.fabioferro.eu\/de\/wp-json\/wp\/v2\/product_tag?post=183214"}],"curies":[{"name":"wp","href":"https:\/\/api.w.org\/{rel}","templated":true}]}}