{"id":183245,"date":"2025-04-29T09:50:32","date_gmt":"2025-04-29T07:50:32","guid":{"rendered":"https:\/\/www.fabioferro.eu\/festina-timeless-chronograph-blau-stahl-quarz-43-5-mm-uhr.html"},"modified":"2025-04-29T09:50:32","modified_gmt":"2025-04-29T07:50:32","slug":"festina-timeless-chronograph-blau-stahl-quarz-43-5-mm-uhr","status":"publish","type":"product","link":"https:\/\/www.fabioferro.eu\/de\/festina-timeless-chronograph-blau-stahl-quarz-43-5-mm-uhr.html","title":{"rendered":"Festina Timeless Chronograph Blau Stahl Quarz 43.5 mm Uhr"},"content":{"rendered":"<p class=\"p1\">Geh\u00e4use aus 316L-Edelstahl, 43,5 mm Durchmesser und 10,6 mm dick.<\/p>\n<p class=\"p1\">Wasserdicht bis zu 5 bar\/50 Meter.<\/p>\n<p class=\"p1\">Hellblaues Zifferblatt mit Mineralglas, ausgestattet mit sechs Zeigern f\u00fcr Chronographen- und Kalenderfunktionen.<\/p>\n<p class=\"p1\">Graues 316L-Edelstahlarmband mit Doppelknopfschlie\u00dfe f\u00fcr zus\u00e4tzliche Sicherheit.<\/p>\n<p class=\"p1\">Japanisches Miyota 0S20 Quarzwerk, batteriebetriebener SR927SW.<\/p>\n<p class=\"p1\">Inklusive Verpackung und offizieller Festina-Garantie.<\/p>\n","protected":false},"excerpt":{"rendered":"<p class=\"p1\">Eine Uhr, die Sie jeden Tag tragen k\u00f6nnen, ohne auf Klasse und Stil zu verzichten.<\/p>\n","protected":false},"featured_media":182683,"comment_status":"open","ping_status":"closed","template":"","meta":[],"product_brand":[],"product_cat":[5998],"product_tag":[7442],"class_list":{"0":"post-183245","1":"product","2":"type-product","3":"status-publish","4":"has-post-thumbnail","6":"product_cat-festina-herrenuhren","7":"product_tag-verfugbar","9":"first","10":"instock","11":"sale","12":"taxable","13":"shipping-taxable","14":"purchasable","15":"product-type-simple"},"exclude_global_add_ons":[],"addons":[],"df_price":119.2,"df_sale_price":119.2,"df_regular_price":149,"df_image_link":"https:\/\/cdn02.fabioferro.eu\/wp-content\/uploads\/orologio-festina-timeless-chronograph-blu-acciaio-quartz-435-mm.jpg","_links":{"self":[{"href":"https:\/\/www.fabioferro.eu\/de\/wp-json\/wp\/v2\/product\/183245","targetHints":{"allow":["GET"]}}],"collection":[{"href":"https:\/\/www.fabioferro.eu\/de\/wp-json\/wp\/v2\/product"}],"about":[{"href":"https:\/\/www.fabioferro.eu\/de\/wp-json\/wp\/v2\/types\/product"}],"replies":[{"embeddable":true,"href":"https:\/\/www.fabioferro.eu\/de\/wp-json\/wp\/v2\/comments?post=183245"}],"version-history":[{"count":0,"href":"https:\/\/www.fabioferro.eu\/de\/wp-json\/wp\/v2\/product\/183245\/revisions"}],"wp:featuredmedia":[{"embeddable":true,"href":"https:\/\/www.fabioferro.eu\/de\/wp-json\/wp\/v2\/media\/182683"}],"wp:attachment":[{"href":"https:\/\/www.fabioferro.eu\/de\/wp-json\/wp\/v2\/media?parent=183245"}],"wp:term":[{"taxonomy":"product_brand","embeddable":true,"href":"https:\/\/www.fabioferro.eu\/de\/wp-json\/wp\/v2\/product_brand?post=183245"},{"taxonomy":"product_cat","embeddable":true,"href":"https:\/\/www.fabioferro.eu\/de\/wp-json\/wp\/v2\/product_cat?post=183245"},{"taxonomy":"product_tag","embeddable":true,"href":"https:\/\/www.fabioferro.eu\/de\/wp-json\/wp\/v2\/product_tag?post=183245"}],"curies":[{"name":"wp","href":"https:\/\/api.w.org\/{rel}","templated":true}]}}