{"id":184550,"date":"2025-05-15T08:25:37","date_gmt":"2025-05-15T06:25:37","guid":{"rendered":"https:\/\/www.fabioferro.eu\/giovanni-raspini-grumetta-ohrstecker-armband.html"},"modified":"2025-10-13T19:59:49","modified_gmt":"2025-10-13T17:59:49","slug":"giovanni-raspini-grumetta-ohrstecker-armband","status":"publish","type":"product","link":"https:\/\/www.fabioferro.eu\/de\/giovanni-raspini-grumetta-ohrstecker-armband.html","title":{"rendered":"Giovanni Raspini Grumetta Ohrstecker Armband"},"content":{"rendered":"<p class=\"p1\">Armband signiert Giovanni Raspini, aus Feinsilber 925.<\/p>\n<p class=\"p1\">Erh\u00e4ltlich in zwei L\u00e4ngen: 19 cm (Gr\u00f6\u00dfe M) und 21 cm (Gr\u00f6\u00dfe L).  <\/p>\n<p>Verschluss mit Karabinerhaken.<\/p>\n<p class=\"p1\">Es dr\u00fcckt die Handwerkskunst italienischer Kunsthandwerker aus und repr\u00e4sentiert die Exzellenz des Made in Italy.<\/p>\n<p class=\"p1\">Verpackt in der Originalverpackung von Giovanni Raspini, inklusive offizieller Garantie.<\/p>\n","protected":false},"excerpt":{"rendered":"<p class=\"p1\">Ein Schmuckst\u00fcck, das leicht zu tragen ist, immer elegant und aktuell.<\/p>\n","protected":false},"featured_media":184481,"comment_status":"open","ping_status":"closed","template":"","meta":[],"product_brand":[],"product_cat":[7597],"product_tag":[7551],"class_list":{"0":"post-184550","1":"product","2":"type-product","3":"status-publish","4":"has-post-thumbnail","6":"product_cat-armbander-giovanni-raspini-manner","7":"product_tag-ausschlusse","9":"first","10":"instock","11":"taxable","12":"shipping-taxable","13":"purchasable","14":"product-type-variable","15":"has-default-attributes"},"exclude_global_add_ons":[],"addons":[],"df_price":245,"df_sale_price":"","df_regular_price":245,"df_image_link":"https:\/\/cdn02.fabioferro.eu\/wp-content\/uploads\/bracciale-giovanni-raspini-grumetta-borchie.jpg","_links":{"self":[{"href":"https:\/\/www.fabioferro.eu\/de\/wp-json\/wp\/v2\/product\/184550","targetHints":{"allow":["GET"]}}],"collection":[{"href":"https:\/\/www.fabioferro.eu\/de\/wp-json\/wp\/v2\/product"}],"about":[{"href":"https:\/\/www.fabioferro.eu\/de\/wp-json\/wp\/v2\/types\/product"}],"replies":[{"embeddable":true,"href":"https:\/\/www.fabioferro.eu\/de\/wp-json\/wp\/v2\/comments?post=184550"}],"version-history":[{"count":1,"href":"https:\/\/www.fabioferro.eu\/de\/wp-json\/wp\/v2\/product\/184550\/revisions"}],"predecessor-version":[{"id":198121,"href":"https:\/\/www.fabioferro.eu\/de\/wp-json\/wp\/v2\/product\/184550\/revisions\/198121"}],"wp:featuredmedia":[{"embeddable":true,"href":"https:\/\/www.fabioferro.eu\/de\/wp-json\/wp\/v2\/media\/184481"}],"wp:attachment":[{"href":"https:\/\/www.fabioferro.eu\/de\/wp-json\/wp\/v2\/media?parent=184550"}],"wp:term":[{"taxonomy":"product_brand","embeddable":true,"href":"https:\/\/www.fabioferro.eu\/de\/wp-json\/wp\/v2\/product_brand?post=184550"},{"taxonomy":"product_cat","embeddable":true,"href":"https:\/\/www.fabioferro.eu\/de\/wp-json\/wp\/v2\/product_cat?post=184550"},{"taxonomy":"product_tag","embeddable":true,"href":"https:\/\/www.fabioferro.eu\/de\/wp-json\/wp\/v2\/product_tag?post=184550"}],"curies":[{"name":"wp","href":"https:\/\/api.w.org\/{rel}","templated":true}]}}