{"id":184588,"date":"2025-05-15T08:25:28","date_gmt":"2025-05-15T06:25:28","guid":{"rendered":"https:\/\/www.fabioferro.eu\/giovanni-raspini-tango-seed-bulls-eye-armband.html"},"modified":"2025-10-13T19:59:29","modified_gmt":"2025-10-13T17:59:29","slug":"giovanni-raspini-tango-seed-bulls-eye-armband","status":"publish","type":"product","link":"https:\/\/www.fabioferro.eu\/de\/giovanni-raspini-tango-seed-bulls-eye-armband.html","title":{"rendered":"Giovanni Raspini Tango Seed Bull&#8217;s Eye Armband"},"content":{"rendered":"<p class=\"p1\">Armband aus Sterlingsilber und Bullauge signiert Giovanni Raspini.<\/p>\n<p class=\"p1\">Erh\u00e4ltlich in L\u00e4ngen von 20 cm (Gr\u00f6\u00dfe M) und 22 cm (Gr\u00f6\u00dfe L).  <\/p>\n<p class=\"p1\">Karabinerhakenverschluss mit Verstellgliedern.<\/p>\n<p class=\"p1\">Ein Schmuckst\u00fcck, das den Stil und den Wert der italienischen Goldschmiedekunst verk\u00f6rpert, ein authentisches Symbol f\u00fcr Made in Italy.<\/p>\n<p class=\"p1\">Verpackt in der Originalschachtel von Giovanni Raspini und begleitet von einer offiziellen Garantie.<\/p>\n","protected":false},"excerpt":{"rendered":"<p class=\"p1\">Ein n\u00fcchternes Schmuckst\u00fcck, das mit Diskretion auff\u00e4llt, signiert von Giovanni Raspini.<\/p>\n","protected":false},"featured_media":184532,"comment_status":"open","ping_status":"closed","template":"","meta":[],"product_brand":[],"product_cat":[7597],"product_tag":[7551],"class_list":{"0":"post-184588","1":"product","2":"type-product","3":"status-publish","4":"has-post-thumbnail","6":"product_cat-armbander-giovanni-raspini-manner","7":"product_tag-ausschlusse","9":"first","10":"instock","11":"taxable","12":"shipping-taxable","13":"purchasable","14":"product-type-variable","15":"has-default-attributes"},"exclude_global_add_ons":[],"addons":[],"df_price":180,"df_sale_price":"","df_regular_price":180,"df_image_link":"https:\/\/cdn02.fabioferro.eu\/wp-content\/uploads\/bracciale-giovanni-raspini-tango-seed-occhio-di-toro.jpg","_links":{"self":[{"href":"https:\/\/www.fabioferro.eu\/de\/wp-json\/wp\/v2\/product\/184588","targetHints":{"allow":["GET"]}}],"collection":[{"href":"https:\/\/www.fabioferro.eu\/de\/wp-json\/wp\/v2\/product"}],"about":[{"href":"https:\/\/www.fabioferro.eu\/de\/wp-json\/wp\/v2\/types\/product"}],"replies":[{"embeddable":true,"href":"https:\/\/www.fabioferro.eu\/de\/wp-json\/wp\/v2\/comments?post=184588"}],"version-history":[{"count":1,"href":"https:\/\/www.fabioferro.eu\/de\/wp-json\/wp\/v2\/product\/184588\/revisions"}],"predecessor-version":[{"id":198098,"href":"https:\/\/www.fabioferro.eu\/de\/wp-json\/wp\/v2\/product\/184588\/revisions\/198098"}],"wp:featuredmedia":[{"embeddable":true,"href":"https:\/\/www.fabioferro.eu\/de\/wp-json\/wp\/v2\/media\/184532"}],"wp:attachment":[{"href":"https:\/\/www.fabioferro.eu\/de\/wp-json\/wp\/v2\/media?parent=184588"}],"wp:term":[{"taxonomy":"product_brand","embeddable":true,"href":"https:\/\/www.fabioferro.eu\/de\/wp-json\/wp\/v2\/product_brand?post=184588"},{"taxonomy":"product_cat","embeddable":true,"href":"https:\/\/www.fabioferro.eu\/de\/wp-json\/wp\/v2\/product_cat?post=184588"},{"taxonomy":"product_tag","embeddable":true,"href":"https:\/\/www.fabioferro.eu\/de\/wp-json\/wp\/v2\/product_tag?post=184588"}],"curies":[{"name":"wp","href":"https:\/\/api.w.org\/{rel}","templated":true}]}}