{"id":184594,"date":"2025-05-15T08:25:29","date_gmt":"2025-05-15T06:25:29","guid":{"rendered":"https:\/\/www.fabioferro.eu\/giovanni-raspini-tango-perlen-armband.html"},"modified":"2025-10-13T19:59:29","modified_gmt":"2025-10-13T17:59:29","slug":"giovanni-raspini-tango-perlen-armband","status":"publish","type":"product","link":"https:\/\/www.fabioferro.eu\/de\/giovanni-raspini-tango-perlen-armband.html","title":{"rendered":"Giovanni Raspini Tango Perlen Armband"},"content":{"rendered":"<p class=\"p1\">Armband signiert Giovanni Raspini, aus 925er Silber mit nat\u00fcrlichen Perlen und Graphit.<\/p>\n<p class=\"p1\">Erh\u00e4ltlich in zwei L\u00e4ngen: 20 cm f\u00fcr Gr\u00f6\u00dfe M und 22 cm f\u00fcr Gr\u00f6\u00dfe L.<\/p>\n<p class=\"p1\">Es hat einen Karabinerverschluss mit verstellbaren Gliedern.<\/p>\n<p class=\"p1\">Es stellt die perfekte Synthese aus italienischer Goldschmiedetradition und Qualit\u00e4t Made in Italy dar.<\/p>\n<p class=\"p1\">Wird in der Originalverpackung von Giovanni Raspini und mit offizieller Garantie geliefert.<\/p>\n","protected":false},"excerpt":{"rendered":"<p class=\"p1\">Ein unverwechselbares, leichtes, aber immer erkennbares Armband.<\/p>\n","protected":false},"featured_media":184523,"comment_status":"open","ping_status":"closed","template":"","meta":[],"product_brand":[],"product_cat":[7597],"product_tag":[7551],"class_list":{"0":"post-184594","1":"product","2":"type-product","3":"status-publish","4":"has-post-thumbnail","6":"product_cat-armbander-giovanni-raspini-manner","7":"product_tag-ausschlusse","9":"first","10":"instock","11":"taxable","12":"shipping-taxable","13":"purchasable","14":"product-type-variable","15":"has-default-attributes"},"exclude_global_add_ons":[],"addons":[],"df_price":160,"df_sale_price":"","df_regular_price":160,"df_image_link":"https:\/\/cdn02.fabioferro.eu\/wp-content\/uploads\/bracciale-giovanni-raspini-tango-perle.jpg","_links":{"self":[{"href":"https:\/\/www.fabioferro.eu\/de\/wp-json\/wp\/v2\/product\/184594","targetHints":{"allow":["GET"]}}],"collection":[{"href":"https:\/\/www.fabioferro.eu\/de\/wp-json\/wp\/v2\/product"}],"about":[{"href":"https:\/\/www.fabioferro.eu\/de\/wp-json\/wp\/v2\/types\/product"}],"replies":[{"embeddable":true,"href":"https:\/\/www.fabioferro.eu\/de\/wp-json\/wp\/v2\/comments?post=184594"}],"version-history":[{"count":1,"href":"https:\/\/www.fabioferro.eu\/de\/wp-json\/wp\/v2\/product\/184594\/revisions"}],"predecessor-version":[{"id":198097,"href":"https:\/\/www.fabioferro.eu\/de\/wp-json\/wp\/v2\/product\/184594\/revisions\/198097"}],"wp:featuredmedia":[{"embeddable":true,"href":"https:\/\/www.fabioferro.eu\/de\/wp-json\/wp\/v2\/media\/184523"}],"wp:attachment":[{"href":"https:\/\/www.fabioferro.eu\/de\/wp-json\/wp\/v2\/media?parent=184594"}],"wp:term":[{"taxonomy":"product_brand","embeddable":true,"href":"https:\/\/www.fabioferro.eu\/de\/wp-json\/wp\/v2\/product_brand?post=184594"},{"taxonomy":"product_cat","embeddable":true,"href":"https:\/\/www.fabioferro.eu\/de\/wp-json\/wp\/v2\/product_cat?post=184594"},{"taxonomy":"product_tag","embeddable":true,"href":"https:\/\/www.fabioferro.eu\/de\/wp-json\/wp\/v2\/product_tag?post=184594"}],"curies":[{"name":"wp","href":"https:\/\/api.w.org\/{rel}","templated":true}]}}