{"id":184626,"date":"2025-05-15T08:22:07","date_gmt":"2025-05-15T06:22:07","guid":{"rendered":"https:\/\/www.fabioferro.eu\/halskette-giovanni-raspini-ketten-sofia-dorata.html"},"modified":"2025-05-15T08:22:07","modified_gmt":"2025-05-15T06:22:07","slug":"halskette-giovanni-raspini-ketten-sofia-dorata","status":"publish","type":"product","link":"https:\/\/www.fabioferro.eu\/de\/halskette-giovanni-raspini-ketten-sofia-dorata.html","title":{"rendered":"Halskette Giovanni Raspini Ketten Sofia Dorata"},"content":{"rendered":"<p class=\"p1\">Halskette aus 925er Sterlingsilber mit vergoldeter Beschichtung, verziert mit hochwertiger Handwerkskunst.<\/p>\n<p class=\"p1\">Die Gesamtl\u00e4nge des Schmuckst\u00fccks betr\u00e4gt 48 cm und es ist mit einem praktischen und sicheren Karabinerverschluss versehen.<\/p>\n<p class=\"p1\">Vollst\u00e4ndig in Italien hergestellt, ein authentischer Ausdruck von Made in Italy.<\/p>\n<p class=\"p1\">Kommt mit original Giovanni Raspini Box und offizieller Garantie.<\/p>\n","protected":false},"excerpt":{"rendered":"<p class=\"p1\">Eine Halskette mit einem starken und modernen Stil, die jedes Outfit aufwertet.<\/p>\n","protected":false},"featured_media":184249,"comment_status":"open","ping_status":"closed","template":"","meta":[],"product_brand":[],"product_cat":[7568],"product_tag":[7551],"class_list":{"0":"post-184626","1":"product","2":"type-product","3":"status-publish","4":"has-post-thumbnail","6":"product_cat-giovanni-raspini-halsketten","7":"product_tag-ausschlusse","9":"first","10":"instock","11":"taxable","12":"shipping-taxable","13":"purchasable","14":"product-type-simple"},"exclude_global_add_ons":[],"addons":[],"df_price":920,"df_sale_price":"","df_regular_price":920,"df_image_link":"https:\/\/cdn02.fabioferro.eu\/wp-content\/uploads\/collana-giovanni-raspini-catene-sofia-dorata.jpg","_links":{"self":[{"href":"https:\/\/www.fabioferro.eu\/de\/wp-json\/wp\/v2\/product\/184626","targetHints":{"allow":["GET"]}}],"collection":[{"href":"https:\/\/www.fabioferro.eu\/de\/wp-json\/wp\/v2\/product"}],"about":[{"href":"https:\/\/www.fabioferro.eu\/de\/wp-json\/wp\/v2\/types\/product"}],"replies":[{"embeddable":true,"href":"https:\/\/www.fabioferro.eu\/de\/wp-json\/wp\/v2\/comments?post=184626"}],"version-history":[{"count":0,"href":"https:\/\/www.fabioferro.eu\/de\/wp-json\/wp\/v2\/product\/184626\/revisions"}],"wp:featuredmedia":[{"embeddable":true,"href":"https:\/\/www.fabioferro.eu\/de\/wp-json\/wp\/v2\/media\/184249"}],"wp:attachment":[{"href":"https:\/\/www.fabioferro.eu\/de\/wp-json\/wp\/v2\/media?parent=184626"}],"wp:term":[{"taxonomy":"product_brand","embeddable":true,"href":"https:\/\/www.fabioferro.eu\/de\/wp-json\/wp\/v2\/product_brand?post=184626"},{"taxonomy":"product_cat","embeddable":true,"href":"https:\/\/www.fabioferro.eu\/de\/wp-json\/wp\/v2\/product_cat?post=184626"},{"taxonomy":"product_tag","embeddable":true,"href":"https:\/\/www.fabioferro.eu\/de\/wp-json\/wp\/v2\/product_tag?post=184626"}],"curies":[{"name":"wp","href":"https:\/\/api.w.org\/{rel}","templated":true}]}}