{"id":184636,"date":"2025-05-15T08:25:29","date_gmt":"2025-05-15T06:25:29","guid":{"rendered":"https:\/\/www.fabioferro.eu\/giovanni-raspini-tango-seed-armband-afrikanischer-jaspis.html"},"modified":"2025-10-13T19:59:32","modified_gmt":"2025-10-13T17:59:32","slug":"giovanni-raspini-tango-seed-armband-afrikanischer-jaspis","status":"publish","type":"product","link":"https:\/\/www.fabioferro.eu\/de\/giovanni-raspini-tango-seed-armband-afrikanischer-jaspis.html","title":{"rendered":"Giovanni Raspini Tango Seed Armband Afrikanischer Jaspis"},"content":{"rendered":"<p class=\"p1\">Armband aus 925er Silber und afrikanischem Jaspis von Giovanni Raspini, ein Ausdruck von eleganter Handwerkskunst.<\/p>\n<p class=\"p1\">Erh\u00e4ltlich in den Gr\u00f6\u00dfen 20 cm (M) und 22 cm  (L).<\/p>\n<p class=\"p1\">Ausgestattet mit einem Karabinerhakenverschluss mit Verstellgliedern.<\/p>\n<p class=\"p1\">Es verk\u00f6rpert den Charme der italienischen Goldschmiedetradition und die Exzellenz des Made in Italy.<\/p>\n<p class=\"p1\">Lieferung mit Originalverpackung von Giovanni Raspini und offizieller Garantie.<\/p>\n","protected":false},"excerpt":{"rendered":"<p class=\"p1\">Ein Schmuckst\u00fcck, das die Sch\u00f6nheit mit klaren, authentischen Formen interpretiert.<\/p>\n","protected":false},"featured_media":184527,"comment_status":"open","ping_status":"closed","template":"","meta":[],"product_brand":[],"product_cat":[7597],"product_tag":[7551],"class_list":{"0":"post-184636","1":"product","2":"type-product","3":"status-publish","4":"has-post-thumbnail","6":"product_cat-armbander-giovanni-raspini-manner","7":"product_tag-ausschlusse","9":"first","10":"instock","11":"taxable","12":"shipping-taxable","13":"purchasable","14":"product-type-variable","15":"has-default-attributes"},"exclude_global_add_ons":[],"addons":[],"df_price":180,"df_sale_price":"","df_regular_price":180,"df_image_link":"https:\/\/cdn02.fabioferro.eu\/wp-content\/uploads\/bracciale-giovanni-raspini-tango-seed-diaspro-africano.jpg","_links":{"self":[{"href":"https:\/\/www.fabioferro.eu\/de\/wp-json\/wp\/v2\/product\/184636","targetHints":{"allow":["GET"]}}],"collection":[{"href":"https:\/\/www.fabioferro.eu\/de\/wp-json\/wp\/v2\/product"}],"about":[{"href":"https:\/\/www.fabioferro.eu\/de\/wp-json\/wp\/v2\/types\/product"}],"replies":[{"embeddable":true,"href":"https:\/\/www.fabioferro.eu\/de\/wp-json\/wp\/v2\/comments?post=184636"}],"version-history":[{"count":1,"href":"https:\/\/www.fabioferro.eu\/de\/wp-json\/wp\/v2\/product\/184636\/revisions"}],"predecessor-version":[{"id":198102,"href":"https:\/\/www.fabioferro.eu\/de\/wp-json\/wp\/v2\/product\/184636\/revisions\/198102"}],"wp:featuredmedia":[{"embeddable":true,"href":"https:\/\/www.fabioferro.eu\/de\/wp-json\/wp\/v2\/media\/184527"}],"wp:attachment":[{"href":"https:\/\/www.fabioferro.eu\/de\/wp-json\/wp\/v2\/media?parent=184636"}],"wp:term":[{"taxonomy":"product_brand","embeddable":true,"href":"https:\/\/www.fabioferro.eu\/de\/wp-json\/wp\/v2\/product_brand?post=184636"},{"taxonomy":"product_cat","embeddable":true,"href":"https:\/\/www.fabioferro.eu\/de\/wp-json\/wp\/v2\/product_cat?post=184636"},{"taxonomy":"product_tag","embeddable":true,"href":"https:\/\/www.fabioferro.eu\/de\/wp-json\/wp\/v2\/product_tag?post=184636"}],"curies":[{"name":"wp","href":"https:\/\/api.w.org\/{rel}","templated":true}]}}