{"id":184644,"date":"2025-05-15T08:25:32","date_gmt":"2025-05-15T06:25:32","guid":{"rendered":"https:\/\/www.fabioferro.eu\/giovanni-raspini-nietenarmband-klein.html"},"modified":"2025-10-13T19:59:42","modified_gmt":"2025-10-13T17:59:42","slug":"giovanni-raspini-nietenarmband-klein","status":"publish","type":"product","link":"https:\/\/www.fabioferro.eu\/de\/giovanni-raspini-nietenarmband-klein.html","title":{"rendered":"Giovanni Raspini Nietenarmband Klein"},"content":{"rendered":"<p class=\"p1\">925 Silber Armband signiert Giovanni Raspini.<\/p>\n<p class=\"p1\">Erh\u00e4ltlich in den Gr\u00f6\u00dfen 19 cm (Gr\u00f6\u00dfe M) und 21 cm (Gr\u00f6\u00dfe L).  <\/p>\n<p class=\"p1\">Es ist das Ergebnis der Kunstfertigkeit italienischer Goldschmiede und repr\u00e4sentiert die Tradition der Handwerkskunst Made in Italy von ihrer besten Seite.<\/p>\n<p class=\"p1\">Pr\u00e4sentiert in der Originalverpackung von Giovanni Raspini und begleitet von einer offiziellen Garantie.<\/p>\n","protected":false},"excerpt":{"rendered":"<p class=\"p1\">Ein unverzichtbares St\u00fcck, das in jeder Geste, in jedem Tag seinen Platz findet.<\/p>\n","protected":false},"featured_media":184509,"comment_status":"open","ping_status":"closed","template":"","meta":[],"product_brand":[],"product_cat":[7597],"product_tag":[7551],"class_list":{"0":"post-184644","1":"product","2":"type-product","3":"status-publish","4":"has-post-thumbnail","6":"product_cat-armbander-giovanni-raspini-manner","7":"product_tag-ausschlusse","9":"first","10":"instock","11":"taxable","12":"shipping-taxable","13":"purchasable","14":"product-type-variable","15":"has-default-attributes"},"exclude_global_add_ons":[],"addons":[],"df_price":270,"df_sale_price":"","df_regular_price":270,"df_image_link":"https:\/\/cdn02.fabioferro.eu\/wp-content\/uploads\/bracciale-giovanni-raspini-borchie-piccolo-1.jpg","_links":{"self":[{"href":"https:\/\/www.fabioferro.eu\/de\/wp-json\/wp\/v2\/product\/184644","targetHints":{"allow":["GET"]}}],"collection":[{"href":"https:\/\/www.fabioferro.eu\/de\/wp-json\/wp\/v2\/product"}],"about":[{"href":"https:\/\/www.fabioferro.eu\/de\/wp-json\/wp\/v2\/types\/product"}],"replies":[{"embeddable":true,"href":"https:\/\/www.fabioferro.eu\/de\/wp-json\/wp\/v2\/comments?post=184644"}],"version-history":[{"count":1,"href":"https:\/\/www.fabioferro.eu\/de\/wp-json\/wp\/v2\/product\/184644\/revisions"}],"predecessor-version":[{"id":198113,"href":"https:\/\/www.fabioferro.eu\/de\/wp-json\/wp\/v2\/product\/184644\/revisions\/198113"}],"wp:featuredmedia":[{"embeddable":true,"href":"https:\/\/www.fabioferro.eu\/de\/wp-json\/wp\/v2\/media\/184509"}],"wp:attachment":[{"href":"https:\/\/www.fabioferro.eu\/de\/wp-json\/wp\/v2\/media?parent=184644"}],"wp:term":[{"taxonomy":"product_brand","embeddable":true,"href":"https:\/\/www.fabioferro.eu\/de\/wp-json\/wp\/v2\/product_brand?post=184644"},{"taxonomy":"product_cat","embeddable":true,"href":"https:\/\/www.fabioferro.eu\/de\/wp-json\/wp\/v2\/product_cat?post=184644"},{"taxonomy":"product_tag","embeddable":true,"href":"https:\/\/www.fabioferro.eu\/de\/wp-json\/wp\/v2\/product_tag?post=184644"}],"curies":[{"name":"wp","href":"https:\/\/api.w.org\/{rel}","templated":true}]}}