{"id":184659,"date":"2025-05-15T08:25:36","date_gmt":"2025-05-15T06:25:36","guid":{"rendered":"https:\/\/www.fabioferro.eu\/giovanni-raspini-grumetta-box-armband.html"},"modified":"2025-10-13T19:59:47","modified_gmt":"2025-10-13T17:59:47","slug":"giovanni-raspini-grumetta-box-armband","status":"publish","type":"product","link":"https:\/\/www.fabioferro.eu\/de\/giovanni-raspini-grumetta-box-armband.html","title":{"rendered":"Giovanni Raspini Grumetta Box Armband"},"content":{"rendered":"<p class=\"p1\">Fein gearbeiteter Armreif von Giovanni Raspini aus 925er Silber und schwarzem Harz.<\/p>\n<p class=\"p1\">Erh\u00e4ltlich in zwei L\u00e4ngen: 19 cm (Gr\u00f6\u00dfe M) und 21 cm (Gr\u00f6\u00dfe L).  <\/p>\n<p class=\"p1\">Ein Schmuckst\u00fcck, das die Meisterschaft italienischer Goldschmiede widerspiegelt, ein Sinnbild f\u00fcr Eleganz und Tradition Made in Italy.<\/p>\n<p class=\"p1\">Verpackt in der Originalschachtel von Giovanni Raspini und begleitet von einer offiziellen Garantie.<\/p>\n","protected":false},"excerpt":{"rendered":"<p class=\"p1\">Ein Schmuckst\u00fcck, das nat\u00fcrlich bei jeder Gelegenheit seinen Platz findet.<\/p>\n","protected":false},"featured_media":184485,"comment_status":"open","ping_status":"closed","template":"","meta":[],"product_brand":[],"product_cat":[7597],"product_tag":[7551],"class_list":{"0":"post-184659","1":"product","2":"type-product","3":"status-publish","4":"has-post-thumbnail","6":"product_cat-armbander-giovanni-raspini-manner","7":"product_tag-ausschlusse","9":"first","10":"instock","11":"taxable","12":"shipping-taxable","13":"purchasable","14":"product-type-variable","15":"has-default-attributes"},"exclude_global_add_ons":[],"addons":[],"df_price":245,"df_sale_price":"","df_regular_price":245,"df_image_link":"https:\/\/cdn02.fabioferro.eu\/wp-content\/uploads\/bracciale-giovanni-raspini-grumetta-box.jpg","_links":{"self":[{"href":"https:\/\/www.fabioferro.eu\/de\/wp-json\/wp\/v2\/product\/184659","targetHints":{"allow":["GET"]}}],"collection":[{"href":"https:\/\/www.fabioferro.eu\/de\/wp-json\/wp\/v2\/product"}],"about":[{"href":"https:\/\/www.fabioferro.eu\/de\/wp-json\/wp\/v2\/types\/product"}],"replies":[{"embeddable":true,"href":"https:\/\/www.fabioferro.eu\/de\/wp-json\/wp\/v2\/comments?post=184659"}],"version-history":[{"count":1,"href":"https:\/\/www.fabioferro.eu\/de\/wp-json\/wp\/v2\/product\/184659\/revisions"}],"predecessor-version":[{"id":198117,"href":"https:\/\/www.fabioferro.eu\/de\/wp-json\/wp\/v2\/product\/184659\/revisions\/198117"}],"wp:featuredmedia":[{"embeddable":true,"href":"https:\/\/www.fabioferro.eu\/de\/wp-json\/wp\/v2\/media\/184485"}],"wp:attachment":[{"href":"https:\/\/www.fabioferro.eu\/de\/wp-json\/wp\/v2\/media?parent=184659"}],"wp:term":[{"taxonomy":"product_brand","embeddable":true,"href":"https:\/\/www.fabioferro.eu\/de\/wp-json\/wp\/v2\/product_brand?post=184659"},{"taxonomy":"product_cat","embeddable":true,"href":"https:\/\/www.fabioferro.eu\/de\/wp-json\/wp\/v2\/product_cat?post=184659"},{"taxonomy":"product_tag","embeddable":true,"href":"https:\/\/www.fabioferro.eu\/de\/wp-json\/wp\/v2\/product_tag?post=184659"}],"curies":[{"name":"wp","href":"https:\/\/api.w.org\/{rel}","templated":true}]}}