{"id":184666,"date":"2025-05-15T08:25:35","date_gmt":"2025-05-15T06:25:35","guid":{"rendered":"https:\/\/www.fabioferro.eu\/giovanni-raspini-quadra-schwarzes-kettenarmband.html"},"modified":"2025-10-13T19:59:48","modified_gmt":"2025-10-13T17:59:48","slug":"giovanni-raspini-quadra-schwarzes-kettenarmband","status":"publish","type":"product","link":"https:\/\/www.fabioferro.eu\/de\/giovanni-raspini-quadra-schwarzes-kettenarmband.html","title":{"rendered":"Giovanni Raspini Quadra Schwarzes Kettenarmband"},"content":{"rendered":"<p class=\"p1\">Armband signiert Giovanni Raspini, aus schwarz rhodiniertem 925er Silber.<\/p>\n<p class=\"p1\">Erh\u00e4ltlich in zwei L\u00e4ngen: 19 cm f\u00fcr Gr\u00f6\u00dfe M und 21 cm f\u00fcr Gr\u00f6\u00dfe L.<\/p>\n<p>Praktischer Karabinerhakenverschluss.<\/p>\n<p class=\"p1\">Es spiegelt das Savoir-faire der italienischen Goldschmiede wider und ist ein authentisches Symbol f\u00fcr die Eleganz des Made in Italy.<\/p>\n<p class=\"p1\">Geliefert in der Originalverpackung von Giovanni Raspini, mit offizieller Garantie.<\/p>\n","protected":false},"excerpt":{"rendered":"<p class=\"p1\">Eine elegante Pr\u00e4senz, die sich in jeden pers\u00f6nlichen Stil einf\u00fcgen l\u00e4sst.<\/p>\n","protected":false},"featured_media":184493,"comment_status":"open","ping_status":"closed","template":"","meta":[],"product_brand":[],"product_cat":[7597],"product_tag":[7551],"class_list":{"0":"post-184666","1":"product","2":"type-product","3":"status-publish","4":"has-post-thumbnail","6":"product_cat-armbander-giovanni-raspini-manner","7":"product_tag-ausschlusse","9":"first","10":"instock","11":"taxable","12":"shipping-taxable","13":"purchasable","14":"product-type-variable","15":"has-default-attributes"},"exclude_global_add_ons":[],"addons":[],"df_price":235,"df_sale_price":"","df_regular_price":235,"df_image_link":"https:\/\/cdn02.fabioferro.eu\/wp-content\/uploads\/bracciale-giovanni-raspini-catene-maglia-quadra-black.jpg","_links":{"self":[{"href":"https:\/\/www.fabioferro.eu\/de\/wp-json\/wp\/v2\/product\/184666","targetHints":{"allow":["GET"]}}],"collection":[{"href":"https:\/\/www.fabioferro.eu\/de\/wp-json\/wp\/v2\/product"}],"about":[{"href":"https:\/\/www.fabioferro.eu\/de\/wp-json\/wp\/v2\/types\/product"}],"replies":[{"embeddable":true,"href":"https:\/\/www.fabioferro.eu\/de\/wp-json\/wp\/v2\/comments?post=184666"}],"version-history":[{"count":1,"href":"https:\/\/www.fabioferro.eu\/de\/wp-json\/wp\/v2\/product\/184666\/revisions"}],"predecessor-version":[{"id":198118,"href":"https:\/\/www.fabioferro.eu\/de\/wp-json\/wp\/v2\/product\/184666\/revisions\/198118"}],"wp:featuredmedia":[{"embeddable":true,"href":"https:\/\/www.fabioferro.eu\/de\/wp-json\/wp\/v2\/media\/184493"}],"wp:attachment":[{"href":"https:\/\/www.fabioferro.eu\/de\/wp-json\/wp\/v2\/media?parent=184666"}],"wp:term":[{"taxonomy":"product_brand","embeddable":true,"href":"https:\/\/www.fabioferro.eu\/de\/wp-json\/wp\/v2\/product_brand?post=184666"},{"taxonomy":"product_cat","embeddable":true,"href":"https:\/\/www.fabioferro.eu\/de\/wp-json\/wp\/v2\/product_cat?post=184666"},{"taxonomy":"product_tag","embeddable":true,"href":"https:\/\/www.fabioferro.eu\/de\/wp-json\/wp\/v2\/product_tag?post=184666"}],"curies":[{"name":"wp","href":"https:\/\/api.w.org\/{rel}","templated":true}]}}