{"id":184675,"date":"2025-05-15T08:25:36","date_gmt":"2025-05-15T06:25:36","guid":{"rendered":"https:\/\/www.fabioferro.eu\/giovanni-raspini-ketten-armband-krabbe-schwarz.html"},"modified":"2025-10-13T19:59:51","modified_gmt":"2025-10-13T17:59:51","slug":"giovanni-raspini-ketten-armband-krabbe-schwarz","status":"publish","type":"product","link":"https:\/\/www.fabioferro.eu\/de\/giovanni-raspini-ketten-armband-krabbe-schwarz.html","title":{"rendered":"Giovanni Raspini Ketten Armband Krabbe Schwarz"},"content":{"rendered":"<p class=\"p1\">925er Silberarmband in schwarzem Rhodiumbad signiert Giovanni Raspini.<\/p>\n<p class=\"p1\">Erh\u00e4ltlich in den Gr\u00f6\u00dfen 19 cm (M) und 21 cm  (L).<\/p>\n<p>Verschluss mit Karabinerhaken.<\/p>\n<p class=\"p1\">Sie ist ein Zeugnis italienischer Goldschmiedekunst und vereint Stil und Tradition in einem perfekten Made in Italy.<\/p>\n<p class=\"p1\">Pr\u00e4sentiert in der Originalschachtel von Giovanni Raspini, komplett mit offizieller Garantie.<\/p>\n","protected":false},"excerpt":{"rendered":"<p class=\"p1\">Ein leichtes Accessoire, das einen Mehrwert bietet, ohne Aufmerksamkeit zu erregen.<\/p>\n","protected":false},"featured_media":184489,"comment_status":"open","ping_status":"closed","template":"","meta":[],"product_brand":[],"product_cat":[7597],"product_tag":[7551],"class_list":{"0":"post-184675","1":"product","2":"type-product","3":"status-publish","4":"has-post-thumbnail","6":"product_cat-armbander-giovanni-raspini-manner","7":"product_tag-ausschlusse","9":"first","10":"instock","11":"taxable","12":"shipping-taxable","13":"purchasable","14":"product-type-variable","15":"has-default-attributes"},"exclude_global_add_ons":[],"addons":[],"df_price":235,"df_sale_price":"","df_regular_price":235,"df_image_link":"https:\/\/cdn02.fabioferro.eu\/wp-content\/uploads\/bracciale-giovanni-raspini-catene-maglia-crab-black.jpg","_links":{"self":[{"href":"https:\/\/www.fabioferro.eu\/de\/wp-json\/wp\/v2\/product\/184675","targetHints":{"allow":["GET"]}}],"collection":[{"href":"https:\/\/www.fabioferro.eu\/de\/wp-json\/wp\/v2\/product"}],"about":[{"href":"https:\/\/www.fabioferro.eu\/de\/wp-json\/wp\/v2\/types\/product"}],"replies":[{"embeddable":true,"href":"https:\/\/www.fabioferro.eu\/de\/wp-json\/wp\/v2\/comments?post=184675"}],"version-history":[{"count":1,"href":"https:\/\/www.fabioferro.eu\/de\/wp-json\/wp\/v2\/product\/184675\/revisions"}],"predecessor-version":[{"id":198122,"href":"https:\/\/www.fabioferro.eu\/de\/wp-json\/wp\/v2\/product\/184675\/revisions\/198122"}],"wp:featuredmedia":[{"embeddable":true,"href":"https:\/\/www.fabioferro.eu\/de\/wp-json\/wp\/v2\/media\/184489"}],"wp:attachment":[{"href":"https:\/\/www.fabioferro.eu\/de\/wp-json\/wp\/v2\/media?parent=184675"}],"wp:term":[{"taxonomy":"product_brand","embeddable":true,"href":"https:\/\/www.fabioferro.eu\/de\/wp-json\/wp\/v2\/product_brand?post=184675"},{"taxonomy":"product_cat","embeddable":true,"href":"https:\/\/www.fabioferro.eu\/de\/wp-json\/wp\/v2\/product_cat?post=184675"},{"taxonomy":"product_tag","embeddable":true,"href":"https:\/\/www.fabioferro.eu\/de\/wp-json\/wp\/v2\/product_tag?post=184675"}],"curies":[{"name":"wp","href":"https:\/\/api.w.org\/{rel}","templated":true}]}}