{"id":184689,"date":"2025-05-15T08:22:03","date_gmt":"2025-05-15T06:22:03","guid":{"rendered":"https:\/\/www.fabioferro.eu\/giovanni-raspini-margherita-luce-ring.html"},"modified":"2025-05-15T08:22:03","modified_gmt":"2025-05-15T06:22:03","slug":"giovanni-raspini-margherita-luce-ring","status":"publish","type":"product","link":"https:\/\/www.fabioferro.eu\/de\/giovanni-raspini-margherita-luce-ring.html","title":{"rendered":"Giovanni Raspini Margherita Luce Ring"},"content":{"rendered":"<p class=\"p1\">925\/1000 Silberring signiert Giovanni Raspini.<\/p>\n<p class=\"p1\">Ein Schmuckst\u00fcck, das die Sorgfalt, Pr\u00e4zision und Qualit\u00e4t der italienischen Goldschmiedetradition verk\u00f6rpert.<\/p>\n<p class=\"p1\">Authentisch Made in Italy, ein Synonym f\u00fcr Stil und Wertigkeit.<\/p>\n<p class=\"p1\">Pr\u00e4sentiert in einer exklusiven Giovanni Raspini-Verpackung, begleitet von einer offiziellen Garantie.<\/p>\n","protected":false},"excerpt":{"rendered":"<p class=\"p1\">Diskrete Eleganz f\u00fcr ein Schmuckst\u00fcck, das zart seine Spuren hinterl\u00e4sst.<\/p>\n","protected":false},"featured_media":184282,"comment_status":"open","ping_status":"closed","template":"","meta":[],"product_brand":[],"product_cat":[7572],"product_tag":[7551],"class_list":{"0":"post-184689","1":"product","2":"type-product","3":"status-publish","4":"has-post-thumbnail","6":"product_cat-ringe-giovanni-raspini","7":"product_tag-ausschlusse","9":"first","10":"instock","11":"taxable","12":"shipping-taxable","13":"purchasable","14":"product-type-variable","15":"has-default-attributes"},"exclude_global_add_ons":[],"addons":[],"df_price":70,"df_sale_price":"","df_regular_price":70,"df_image_link":"https:\/\/cdn02.fabioferro.eu\/wp-content\/uploads\/anello-giovanni-raspini-margherita-luce.jpg","_links":{"self":[{"href":"https:\/\/www.fabioferro.eu\/de\/wp-json\/wp\/v2\/product\/184689","targetHints":{"allow":["GET"]}}],"collection":[{"href":"https:\/\/www.fabioferro.eu\/de\/wp-json\/wp\/v2\/product"}],"about":[{"href":"https:\/\/www.fabioferro.eu\/de\/wp-json\/wp\/v2\/types\/product"}],"replies":[{"embeddable":true,"href":"https:\/\/www.fabioferro.eu\/de\/wp-json\/wp\/v2\/comments?post=184689"}],"version-history":[{"count":0,"href":"https:\/\/www.fabioferro.eu\/de\/wp-json\/wp\/v2\/product\/184689\/revisions"}],"wp:featuredmedia":[{"embeddable":true,"href":"https:\/\/www.fabioferro.eu\/de\/wp-json\/wp\/v2\/media\/184282"}],"wp:attachment":[{"href":"https:\/\/www.fabioferro.eu\/de\/wp-json\/wp\/v2\/media?parent=184689"}],"wp:term":[{"taxonomy":"product_brand","embeddable":true,"href":"https:\/\/www.fabioferro.eu\/de\/wp-json\/wp\/v2\/product_brand?post=184689"},{"taxonomy":"product_cat","embeddable":true,"href":"https:\/\/www.fabioferro.eu\/de\/wp-json\/wp\/v2\/product_cat?post=184689"},{"taxonomy":"product_tag","embeddable":true,"href":"https:\/\/www.fabioferro.eu\/de\/wp-json\/wp\/v2\/product_tag?post=184689"}],"curies":[{"name":"wp","href":"https:\/\/api.w.org\/{rel}","templated":true}]}}