{"id":184704,"date":"2025-05-15T08:22:05","date_gmt":"2025-05-15T06:22:05","guid":{"rendered":"https:\/\/www.fabioferro.eu\/giovanni-raspini-margherita-luce-halskette.html"},"modified":"2025-05-15T08:22:05","modified_gmt":"2025-05-15T06:22:05","slug":"giovanni-raspini-margherita-luce-halskette","status":"publish","type":"product","link":"https:\/\/www.fabioferro.eu\/de\/giovanni-raspini-margherita-luce-halskette.html","title":{"rendered":"Giovanni Raspini Margherita Luce Halskette"},"content":{"rendered":"<p class=\"p1\">Elegante Halskette aus 925er Sterlingsilber, die sich durch sieben feine Details entlang der gesamten Kette auszeichnet.<\/p>\n<p class=\"p1\">Mit einer L\u00e4nge von 45 cm verf\u00fcgt sie \u00fcber einen praktischen Karabinerverschluss, der f\u00fcr Tragekomfort und Bequemlichkeit sorgt.<\/p>\n<p class=\"p1\">Ein Beispiel f\u00fcr authentische italienische Handwerkskunst, hergestellt mit Pr\u00e4zision und ausgew\u00e4hlten Materialien.<\/p>\n<p class=\"p1\">Geliefert in der Originalverpackung von Giovanni Raspini, begleitet von einer offiziellen Garantie.<\/p>\n","protected":false},"excerpt":{"rendered":"<p class=\"p1\">Eine Halskette mit einem modernen Design, die jeden Look versch\u00f6nert.<\/p>\n","protected":false},"featured_media":184264,"comment_status":"open","ping_status":"closed","template":"","meta":[],"product_brand":[],"product_cat":[7568],"product_tag":[7551],"class_list":{"0":"post-184704","1":"product","2":"type-product","3":"status-publish","4":"has-post-thumbnail","6":"product_cat-giovanni-raspini-halsketten","7":"product_tag-ausschlusse","9":"first","10":"instock","11":"taxable","12":"shipping-taxable","13":"purchasable","14":"product-type-simple"},"exclude_global_add_ons":[],"addons":[],"df_price":205,"df_sale_price":"","df_regular_price":205,"df_image_link":"https:\/\/cdn02.fabioferro.eu\/wp-content\/uploads\/collana-giovanni-raspini-margherita-luce.jpg","_links":{"self":[{"href":"https:\/\/www.fabioferro.eu\/de\/wp-json\/wp\/v2\/product\/184704","targetHints":{"allow":["GET"]}}],"collection":[{"href":"https:\/\/www.fabioferro.eu\/de\/wp-json\/wp\/v2\/product"}],"about":[{"href":"https:\/\/www.fabioferro.eu\/de\/wp-json\/wp\/v2\/types\/product"}],"replies":[{"embeddable":true,"href":"https:\/\/www.fabioferro.eu\/de\/wp-json\/wp\/v2\/comments?post=184704"}],"version-history":[{"count":0,"href":"https:\/\/www.fabioferro.eu\/de\/wp-json\/wp\/v2\/product\/184704\/revisions"}],"wp:featuredmedia":[{"embeddable":true,"href":"https:\/\/www.fabioferro.eu\/de\/wp-json\/wp\/v2\/media\/184264"}],"wp:attachment":[{"href":"https:\/\/www.fabioferro.eu\/de\/wp-json\/wp\/v2\/media?parent=184704"}],"wp:term":[{"taxonomy":"product_brand","embeddable":true,"href":"https:\/\/www.fabioferro.eu\/de\/wp-json\/wp\/v2\/product_brand?post=184704"},{"taxonomy":"product_cat","embeddable":true,"href":"https:\/\/www.fabioferro.eu\/de\/wp-json\/wp\/v2\/product_cat?post=184704"},{"taxonomy":"product_tag","embeddable":true,"href":"https:\/\/www.fabioferro.eu\/de\/wp-json\/wp\/v2\/product_tag?post=184704"}],"curies":[{"name":"wp","href":"https:\/\/api.w.org\/{rel}","templated":true}]}}