{"id":184706,"date":"2025-05-15T08:22:08","date_gmt":"2025-05-15T06:22:08","guid":{"rendered":"https:\/\/www.fabioferro.eu\/giovanni-raspini-armband-oval-bold-golden-link-ketten.html"},"modified":"2025-05-15T08:22:08","modified_gmt":"2025-05-15T06:22:08","slug":"giovanni-raspini-armband-oval-bold-golden-link-ketten","status":"publish","type":"product","link":"https:\/\/www.fabioferro.eu\/de\/giovanni-raspini-armband-oval-bold-golden-link-ketten.html","title":{"rendered":"Giovanni Raspini Armband Oval Bold Golden Link Ketten"},"content":{"rendered":"<p class=\"p1\">Giovanni Raspini Armband aus 18 kt vergoldetem 925er Silber.<\/p>\n<p class=\"p1\">Das Schmuckst\u00fcck hat eine L\u00e4nge von 23 cm und ist mit einem Karabinerverschluss versehen, der Funktionalit\u00e4t und Sicherheit garantiert.<\/p>\n<p class=\"p1\">Mit Leidenschaft und Pr\u00e4zision von italienischen Goldschmieden gefertigt, verk\u00f6rpert es die Exzellenz und Qualit\u00e4t von Made in Italy.<\/p>\n<p class=\"p1\">Das Armband wird in einer eleganten Originalschachtel pr\u00e4sentiert und kommt mit der offiziellen Giovanni Raspini Garantie.<\/p>\n","protected":false},"excerpt":{"rendered":"<p class=\"p1\">Ein elegantes und schickes Armband, perfekt, um einen Hauch von Klasse zu verleihen.<\/p>\n","protected":false},"featured_media":184242,"comment_status":"open","ping_status":"closed","template":"","meta":[],"product_brand":[155],"product_cat":[7569],"product_tag":[7551],"class_list":{"0":"post-184706","1":"product","2":"type-product","3":"status-publish","4":"has-post-thumbnail","6":"product_brand-raspini","7":"product_cat-armbander-giovanni-raspini","8":"product_tag-ausschlusse","10":"first","11":"instock","12":"taxable","13":"shipping-taxable","14":"purchasable","15":"product-type-simple"},"exclude_global_add_ons":[],"addons":[],"df_price":390,"df_sale_price":"","df_regular_price":390,"df_image_link":"https:\/\/cdn02.fabioferro.eu\/wp-content\/uploads\/bracciale-giovanni-raspini-catene-maglia-ovale-bold-dorata_2.jpg","_links":{"self":[{"href":"https:\/\/www.fabioferro.eu\/de\/wp-json\/wp\/v2\/product\/184706","targetHints":{"allow":["GET"]}}],"collection":[{"href":"https:\/\/www.fabioferro.eu\/de\/wp-json\/wp\/v2\/product"}],"about":[{"href":"https:\/\/www.fabioferro.eu\/de\/wp-json\/wp\/v2\/types\/product"}],"replies":[{"embeddable":true,"href":"https:\/\/www.fabioferro.eu\/de\/wp-json\/wp\/v2\/comments?post=184706"}],"version-history":[{"count":0,"href":"https:\/\/www.fabioferro.eu\/de\/wp-json\/wp\/v2\/product\/184706\/revisions"}],"wp:featuredmedia":[{"embeddable":true,"href":"https:\/\/www.fabioferro.eu\/de\/wp-json\/wp\/v2\/media\/184242"}],"wp:attachment":[{"href":"https:\/\/www.fabioferro.eu\/de\/wp-json\/wp\/v2\/media?parent=184706"}],"wp:term":[{"taxonomy":"product_brand","embeddable":true,"href":"https:\/\/www.fabioferro.eu\/de\/wp-json\/wp\/v2\/product_brand?post=184706"},{"taxonomy":"product_cat","embeddable":true,"href":"https:\/\/www.fabioferro.eu\/de\/wp-json\/wp\/v2\/product_cat?post=184706"},{"taxonomy":"product_tag","embeddable":true,"href":"https:\/\/www.fabioferro.eu\/de\/wp-json\/wp\/v2\/product_tag?post=184706"}],"curies":[{"name":"wp","href":"https:\/\/api.w.org\/{rel}","templated":true}]}}