{"id":184716,"date":"2025-05-15T08:24:25","date_gmt":"2025-05-15T06:24:25","guid":{"rendered":"https:\/\/www.fabioferro.eu\/giovanni-raspini-ohrstecker-ring.html"},"modified":"2025-10-13T20:01:11","modified_gmt":"2025-10-13T18:01:11","slug":"giovanni-raspini-ohrstecker-ring","status":"publish","type":"product","link":"https:\/\/www.fabioferro.eu\/de\/giovanni-raspini-ohrstecker-ring.html","title":{"rendered":"Giovanni Raspini Ohrstecker Ring"},"content":{"rendered":"<p class=\"p1\">Ring signiert Giovanni Raspini aus 925er Sterlingsilber.<\/p>\n<p class=\"p1\">Ein vollst\u00e4ndig in Italien hergestelltes Schmuckst\u00fcck, ein Symbol f\u00fcr authentische Handwerkskunst.<\/p>\n<p class=\"p1\">Geliefert mit original Giovanni Raspini Box und offizieller Garantie.<\/p>\n","protected":false},"excerpt":{"rendered":"<p class=\"p1\">Ein unverzichtbares Accessoire, das sich ausgewogen an jeden Stil anpassen kann.<\/p>\n","protected":false},"featured_media":184460,"comment_status":"open","ping_status":"closed","template":"","meta":[],"product_brand":[],"product_cat":[7600],"product_tag":[7551],"class_list":{"0":"post-184716","1":"product","2":"type-product","3":"status-publish","4":"has-post-thumbnail","6":"product_cat-ringe-giovanni-raspini-manner","7":"product_tag-ausschlusse","9":"first","10":"instock","11":"taxable","12":"shipping-taxable","13":"purchasable","14":"product-type-variable","15":"has-default-attributes"},"exclude_global_add_ons":[],"addons":[],"df_price":105,"df_sale_price":"","df_regular_price":105,"df_image_link":"https:\/\/cdn02.fabioferro.eu\/wp-content\/uploads\/anello-giovanni-raspini-borchie.jpg","_links":{"self":[{"href":"https:\/\/www.fabioferro.eu\/de\/wp-json\/wp\/v2\/product\/184716","targetHints":{"allow":["GET"]}}],"collection":[{"href":"https:\/\/www.fabioferro.eu\/de\/wp-json\/wp\/v2\/product"}],"about":[{"href":"https:\/\/www.fabioferro.eu\/de\/wp-json\/wp\/v2\/types\/product"}],"replies":[{"embeddable":true,"href":"https:\/\/www.fabioferro.eu\/de\/wp-json\/wp\/v2\/comments?post=184716"}],"version-history":[{"count":1,"href":"https:\/\/www.fabioferro.eu\/de\/wp-json\/wp\/v2\/product\/184716\/revisions"}],"predecessor-version":[{"id":198196,"href":"https:\/\/www.fabioferro.eu\/de\/wp-json\/wp\/v2\/product\/184716\/revisions\/198196"}],"wp:featuredmedia":[{"embeddable":true,"href":"https:\/\/www.fabioferro.eu\/de\/wp-json\/wp\/v2\/media\/184460"}],"wp:attachment":[{"href":"https:\/\/www.fabioferro.eu\/de\/wp-json\/wp\/v2\/media?parent=184716"}],"wp:term":[{"taxonomy":"product_brand","embeddable":true,"href":"https:\/\/www.fabioferro.eu\/de\/wp-json\/wp\/v2\/product_brand?post=184716"},{"taxonomy":"product_cat","embeddable":true,"href":"https:\/\/www.fabioferro.eu\/de\/wp-json\/wp\/v2\/product_cat?post=184716"},{"taxonomy":"product_tag","embeddable":true,"href":"https:\/\/www.fabioferro.eu\/de\/wp-json\/wp\/v2\/product_tag?post=184716"}],"curies":[{"name":"wp","href":"https:\/\/api.w.org\/{rel}","templated":true}]}}