{"id":184746,"date":"2025-05-15T08:25:30","date_gmt":"2025-05-15T06:25:30","guid":{"rendered":"https:\/\/www.fabioferro.eu\/giovanni-raspini-tango-armband-aus-graphit-und-perlen.html"},"modified":"2025-10-13T19:59:31","modified_gmt":"2025-10-13T17:59:31","slug":"giovanni-raspini-tango-armband-aus-graphit-und-perlen","status":"publish","type":"product","link":"https:\/\/www.fabioferro.eu\/de\/giovanni-raspini-tango-armband-aus-graphit-und-perlen.html","title":{"rendered":"Giovanni Raspini Tango Armband aus Graphit und Perlen"},"content":{"rendered":"<p class=\"p1\">Giovanni Raspini Armband aus Sterlingsilber mit Graphit und nat\u00fcrlichen Perlen.<\/p>\n<p class=\"p1\">Erh\u00e4ltlich in zwei L\u00e4ngen: 20 cm (Gr\u00f6\u00dfe M) und 22 cm (Gr\u00f6\u00dfe L).  <\/p>\n<p class=\"p1\">Ausgestattet mit einem Karabinerhakenverschluss mit Verstellgliedern.<\/p>\n<p class=\"p1\">Sie ist Ausdruck italienischer Goldschmiedekunst und verk\u00f6rpert den authentischen Geist des Made in Italy.<\/p>\n<p class=\"p1\">Lieferung mit Originalverpackung von Giovanni Raspini und offizieller Garantie.<\/p>\n","protected":false},"excerpt":{"rendered":"<p class=\"p1\">Ein Accessoire, das sich ausgewogen in den Alltag einf\u00fcgt.<\/p>\n","protected":false},"featured_media":184518,"comment_status":"open","ping_status":"closed","template":"","meta":[],"product_brand":[],"product_cat":[7597],"product_tag":[7551],"class_list":{"0":"post-184746","1":"product","2":"type-product","3":"status-publish","4":"has-post-thumbnail","6":"product_cat-armbander-giovanni-raspini-manner","7":"product_tag-ausschlusse","9":"first","10":"instock","11":"taxable","12":"shipping-taxable","13":"purchasable","14":"product-type-variable","15":"has-default-attributes"},"exclude_global_add_ons":[],"addons":[],"df_price":160,"df_sale_price":"","df_regular_price":160,"df_image_link":"https:\/\/cdn02.fabioferro.eu\/wp-content\/uploads\/bracciale-giovanni-raspini-tango-grafite-e-perle.jpg","_links":{"self":[{"href":"https:\/\/www.fabioferro.eu\/de\/wp-json\/wp\/v2\/product\/184746","targetHints":{"allow":["GET"]}}],"collection":[{"href":"https:\/\/www.fabioferro.eu\/de\/wp-json\/wp\/v2\/product"}],"about":[{"href":"https:\/\/www.fabioferro.eu\/de\/wp-json\/wp\/v2\/types\/product"}],"replies":[{"embeddable":true,"href":"https:\/\/www.fabioferro.eu\/de\/wp-json\/wp\/v2\/comments?post=184746"}],"version-history":[{"count":1,"href":"https:\/\/www.fabioferro.eu\/de\/wp-json\/wp\/v2\/product\/184746\/revisions"}],"predecessor-version":[{"id":198101,"href":"https:\/\/www.fabioferro.eu\/de\/wp-json\/wp\/v2\/product\/184746\/revisions\/198101"}],"wp:featuredmedia":[{"embeddable":true,"href":"https:\/\/www.fabioferro.eu\/de\/wp-json\/wp\/v2\/media\/184518"}],"wp:attachment":[{"href":"https:\/\/www.fabioferro.eu\/de\/wp-json\/wp\/v2\/media?parent=184746"}],"wp:term":[{"taxonomy":"product_brand","embeddable":true,"href":"https:\/\/www.fabioferro.eu\/de\/wp-json\/wp\/v2\/product_brand?post=184746"},{"taxonomy":"product_cat","embeddable":true,"href":"https:\/\/www.fabioferro.eu\/de\/wp-json\/wp\/v2\/product_cat?post=184746"},{"taxonomy":"product_tag","embeddable":true,"href":"https:\/\/www.fabioferro.eu\/de\/wp-json\/wp\/v2\/product_tag?post=184746"}],"curies":[{"name":"wp","href":"https:\/\/api.w.org\/{rel}","templated":true}]}}