{"id":184754,"date":"2025-05-15T08:25:31","date_gmt":"2025-05-15T06:25:31","guid":{"rendered":"https:\/\/www.fabioferro.eu\/giovanni-raspini-armband-quadra-byzantinische-ketten-gross.html"},"modified":"2025-10-13T19:59:36","modified_gmt":"2025-10-13T17:59:36","slug":"giovanni-raspini-armband-quadra-byzantinische-ketten-gross","status":"publish","type":"product","link":"https:\/\/www.fabioferro.eu\/de\/giovanni-raspini-armband-quadra-byzantinische-ketten-gross.html","title":{"rendered":"Giovanni Raspini Armband Quadra Byzantinische Ketten Gro\u00df"},"content":{"rendered":"<p class=\"p1\">Armband, signiert Giovanni Raspini, aus 925er Silber, verziert mit feiner Handwerkskunst.<\/p>\n<p class=\"p1\">Gekennzeichnet durch elegante Details entlang der Kette, die das Design aufwerten.<\/p>\n<p class=\"p1\">Erh\u00e4ltlich in zwei Gr\u00f6\u00dfen: 19 cm f\u00fcr Gr\u00f6\u00dfe M und 21 cm f\u00fcr Gr\u00f6\u00dfe L.<\/p>\n<p class=\"p1\">Ein authentisches Symbol f\u00fcr italienisches Goldschmiedehandwerk und Made in Italy.<\/p>\n<p class=\"p1\">Pr\u00e4sentiert in der Originalverpackung von Giovanni Raspini und begleitet von einer offiziellen Garantie.<\/p>\n","protected":false},"excerpt":{"rendered":"<p class=\"p1\">Ein Schmuckst\u00fcck, das Stil mit Nat\u00fcrlichkeit ausdr\u00fcckt.<\/p>\n","protected":false},"featured_media":184515,"comment_status":"open","ping_status":"closed","template":"","meta":[],"product_brand":[],"product_cat":[7597],"product_tag":[7551],"class_list":{"0":"post-184754","1":"product","2":"type-product","3":"status-publish","4":"has-post-thumbnail","6":"product_cat-armbander-giovanni-raspini-manner","7":"product_tag-ausschlusse","9":"first","10":"instock","11":"taxable","12":"shipping-taxable","13":"purchasable","14":"product-type-variable","15":"has-default-attributes"},"exclude_global_add_ons":[],"addons":[],"df_price":355,"df_sale_price":"","df_regular_price":355,"df_image_link":"https:\/\/cdn02.fabioferro.eu\/wp-content\/uploads\/bracciale-giovanni-raspini-catene-bizantina-quadra-grande.jpg","_links":{"self":[{"href":"https:\/\/www.fabioferro.eu\/de\/wp-json\/wp\/v2\/product\/184754","targetHints":{"allow":["GET"]}}],"collection":[{"href":"https:\/\/www.fabioferro.eu\/de\/wp-json\/wp\/v2\/product"}],"about":[{"href":"https:\/\/www.fabioferro.eu\/de\/wp-json\/wp\/v2\/types\/product"}],"replies":[{"embeddable":true,"href":"https:\/\/www.fabioferro.eu\/de\/wp-json\/wp\/v2\/comments?post=184754"}],"version-history":[{"count":1,"href":"https:\/\/www.fabioferro.eu\/de\/wp-json\/wp\/v2\/product\/184754\/revisions"}],"predecessor-version":[{"id":198104,"href":"https:\/\/www.fabioferro.eu\/de\/wp-json\/wp\/v2\/product\/184754\/revisions\/198104"}],"wp:featuredmedia":[{"embeddable":true,"href":"https:\/\/www.fabioferro.eu\/de\/wp-json\/wp\/v2\/media\/184515"}],"wp:attachment":[{"href":"https:\/\/www.fabioferro.eu\/de\/wp-json\/wp\/v2\/media?parent=184754"}],"wp:term":[{"taxonomy":"product_brand","embeddable":true,"href":"https:\/\/www.fabioferro.eu\/de\/wp-json\/wp\/v2\/product_brand?post=184754"},{"taxonomy":"product_cat","embeddable":true,"href":"https:\/\/www.fabioferro.eu\/de\/wp-json\/wp\/v2\/product_cat?post=184754"},{"taxonomy":"product_tag","embeddable":true,"href":"https:\/\/www.fabioferro.eu\/de\/wp-json\/wp\/v2\/product_tag?post=184754"}],"curies":[{"name":"wp","href":"https:\/\/api.w.org\/{rel}","templated":true}]}}