{"id":184757,"date":"2025-05-15T08:25:32","date_gmt":"2025-05-15T06:25:32","guid":{"rendered":"https:\/\/www.fabioferro.eu\/giovanni-raspini-quadra-mini-byzantinisches-kettenarmband.html"},"modified":"2025-10-13T19:59:39","modified_gmt":"2025-10-13T17:59:39","slug":"giovanni-raspini-quadra-mini-byzantinisches-kettenarmband","status":"publish","type":"product","link":"https:\/\/www.fabioferro.eu\/de\/giovanni-raspini-quadra-mini-byzantinisches-kettenarmband.html","title":{"rendered":"Giovanni Raspini Quadra Mini Byzantinisches Kettenarmband"},"content":{"rendered":"<p class=\"p1\">Armband aus 925er Sterlingsilber, signiert Giovanni Raspini, hergestellt in sorgf\u00e4ltiger Handarbeit.<\/p>\n<p class=\"p1\">Verziert mit Details entlang der Kette, die die \u00c4sthetik bereichern.<\/p>\n<p class=\"p1\">Erh\u00e4ltlich in zwei L\u00e4ngen: 19 cm (Gr\u00f6\u00dfe M) und 21 cm (Gr\u00f6\u00dfe L).  <\/p>\n<p class=\"p1\">Als Emblem der italienischen Goldschmiedetradition vereint es Eleganz und Handwerkskunst Made in Italy.<\/p>\n<p class=\"p1\">Lieferung mit Originalverpackung von Giovanni Raspini und offizieller Garantie.<\/p>\n","protected":false},"excerpt":{"rendered":"<p class=\"p1\">Eine leichte Pr\u00e4senz, geboren, um mit dem Rhythmus des Lebens zu verschmelzen.<\/p>\n","protected":false},"featured_media":184512,"comment_status":"open","ping_status":"closed","template":"","meta":[],"product_brand":[],"product_cat":[7597],"product_tag":[7551],"class_list":{"0":"post-184757","1":"product","2":"type-product","3":"status-publish","4":"has-post-thumbnail","6":"product_cat-armbander-giovanni-raspini-manner","7":"product_tag-ausschlusse","9":"first","10":"instock","11":"taxable","12":"shipping-taxable","13":"purchasable","14":"product-type-variable","15":"has-default-attributes"},"exclude_global_add_ons":[],"addons":[],"df_price":155,"df_sale_price":"","df_regular_price":155,"df_image_link":"https:\/\/cdn02.fabioferro.eu\/wp-content\/uploads\/bracciale-giovanni-raspini-catene-bizantina-quadra-mini.jpg","_links":{"self":[{"href":"https:\/\/www.fabioferro.eu\/de\/wp-json\/wp\/v2\/product\/184757","targetHints":{"allow":["GET"]}}],"collection":[{"href":"https:\/\/www.fabioferro.eu\/de\/wp-json\/wp\/v2\/product"}],"about":[{"href":"https:\/\/www.fabioferro.eu\/de\/wp-json\/wp\/v2\/types\/product"}],"replies":[{"embeddable":true,"href":"https:\/\/www.fabioferro.eu\/de\/wp-json\/wp\/v2\/comments?post=184757"}],"version-history":[{"count":1,"href":"https:\/\/www.fabioferro.eu\/de\/wp-json\/wp\/v2\/product\/184757\/revisions"}],"predecessor-version":[{"id":198110,"href":"https:\/\/www.fabioferro.eu\/de\/wp-json\/wp\/v2\/product\/184757\/revisions\/198110"}],"wp:featuredmedia":[{"embeddable":true,"href":"https:\/\/www.fabioferro.eu\/de\/wp-json\/wp\/v2\/media\/184512"}],"wp:attachment":[{"href":"https:\/\/www.fabioferro.eu\/de\/wp-json\/wp\/v2\/media?parent=184757"}],"wp:term":[{"taxonomy":"product_brand","embeddable":true,"href":"https:\/\/www.fabioferro.eu\/de\/wp-json\/wp\/v2\/product_brand?post=184757"},{"taxonomy":"product_cat","embeddable":true,"href":"https:\/\/www.fabioferro.eu\/de\/wp-json\/wp\/v2\/product_cat?post=184757"},{"taxonomy":"product_tag","embeddable":true,"href":"https:\/\/www.fabioferro.eu\/de\/wp-json\/wp\/v2\/product_tag?post=184757"}],"curies":[{"name":"wp","href":"https:\/\/api.w.org\/{rel}","templated":true}]}}