{"id":184775,"date":"2025-05-12T17:17:22","date_gmt":"2025-05-12T15:17:22","guid":{"rendered":"https:\/\/www.fabioferro.eu\/comets-silber-und-weisses-diamantarmband.html"},"modified":"2025-05-12T17:17:22","modified_gmt":"2025-05-12T15:17:22","slug":"comets-silber-und-weisses-diamantarmband","status":"publish","type":"product","link":"https:\/\/www.fabioferro.eu\/de\/comets-silber-und-weisses-diamantarmband.html","title":{"rendered":"Comets Silber und Wei\u00dfes Diamantarmband"},"content":{"rendered":"<p class=\"p1\">Armband aus 925er Sterling Silber mit einer Diamantkette, die mit einem wei\u00dfen Diamanten von 0,5 Karat verziert ist.<\/p>\n<p class=\"p2\">Die zentrale Platte misst 11,80 mm x 4,48 mm bei einer Dicke von 1,30 mm f\u00fcr einen hellen und raffinierten Touch.<\/p>\n<p class=\"p2\">Die Standardl\u00e4nge von 21 cm kann dank der Einstellringe auf 19 cm reduziert werden.<\/p>\n<p class=\"p2\">Ein elegantes und modernes Schmuckst\u00fcck, perfekt f\u00fcr das t\u00e4gliche Tragen oder als Geschenk f\u00fcr einen besonderen Anlass.<\/p>\n<p class=\"p2\">Originalverpackung und offizielle Garantie von Comete Gioielli.<\/p>\n","protected":false},"excerpt":{"rendered":"<p class=\"p1\">Klares, modernes Design f\u00fcr einen zeitlosen Look.<\/p>\n","protected":false},"featured_media":183832,"comment_status":"open","ping_status":"closed","template":"","meta":[],"product_brand":[157],"product_cat":[6341],"product_tag":[7442],"class_list":{"0":"post-184775","1":"product","2":"type-product","3":"status-publish","4":"has-post-thumbnail","6":"product_brand-comete","7":"product_cat-comete-armbander-manner","8":"product_tag-verfugbar","10":"first","11":"instock","12":"sale","13":"taxable","14":"shipping-taxable","15":"purchasable","16":"product-type-simple"},"exclude_global_add_ons":[],"addons":[],"df_price":88.2,"df_sale_price":88.2,"df_regular_price":98,"df_image_link":"https:\/\/cdn02.fabioferro.eu\/wp-content\/uploads\/collana-comete-gioielli-in-argento-e-diamante-bianco.jpg","_links":{"self":[{"href":"https:\/\/www.fabioferro.eu\/de\/wp-json\/wp\/v2\/product\/184775","targetHints":{"allow":["GET"]}}],"collection":[{"href":"https:\/\/www.fabioferro.eu\/de\/wp-json\/wp\/v2\/product"}],"about":[{"href":"https:\/\/www.fabioferro.eu\/de\/wp-json\/wp\/v2\/types\/product"}],"replies":[{"embeddable":true,"href":"https:\/\/www.fabioferro.eu\/de\/wp-json\/wp\/v2\/comments?post=184775"}],"version-history":[{"count":0,"href":"https:\/\/www.fabioferro.eu\/de\/wp-json\/wp\/v2\/product\/184775\/revisions"}],"wp:featuredmedia":[{"embeddable":true,"href":"https:\/\/www.fabioferro.eu\/de\/wp-json\/wp\/v2\/media\/183832"}],"wp:attachment":[{"href":"https:\/\/www.fabioferro.eu\/de\/wp-json\/wp\/v2\/media?parent=184775"}],"wp:term":[{"taxonomy":"product_brand","embeddable":true,"href":"https:\/\/www.fabioferro.eu\/de\/wp-json\/wp\/v2\/product_brand?post=184775"},{"taxonomy":"product_cat","embeddable":true,"href":"https:\/\/www.fabioferro.eu\/de\/wp-json\/wp\/v2\/product_cat?post=184775"},{"taxonomy":"product_tag","embeddable":true,"href":"https:\/\/www.fabioferro.eu\/de\/wp-json\/wp\/v2\/product_tag?post=184775"}],"curies":[{"name":"wp","href":"https:\/\/api.w.org\/{rel}","templated":true}]}}